{"id":505,"date":"2024-08-14T22:48:11","date_gmt":"2024-08-15T02:48:11","guid":{"rendered":"https:\/\/www.lepetitepicurien.com\/?post_type=product&#038;p=505"},"modified":"2025-04-02T21:31:19","modified_gmt":"2025-04-03T01:31:19","slug":"noel-chocolate-classic-55-5kg-11lb","status":"publish","type":"product","link":"http:\/\/www.lepetitepicurien.com\/fr\/product\/noel-chocolate-classic-55-5kg-11lb\/","title":{"rendered":"Chocolat Fran\u00e7ais Classique 55% \u2013 5kg\/11lb"},"content":{"rendered":"<p><strong>Ingr\u00e9dients: <\/strong>Sucre, p\u00e2te de cacao, beurre de cacao, \u00e9mulsifiant : l\u00e9cithine de soja, ar\u00f4me vanille<\/p>","protected":false},"excerpt":{"rendered":"<p>Cocoa Noel est le chocolat de pr\u00e9dilection des p\u00e2tissiers, gr\u00e2ce \u00e0 son go\u00fbt parfaitement \u00e9quilibr\u00e9 et \u00e0 sa facilit\u00e9 d&#039;utilisation. Leurs pistoles de chocolat noir mi-sucr\u00e9 55% Classique en sont le parfait exemple. Dot\u00e9es d&#039;une saveur exceptionnelle et d&#039;une couleur riche, elles ajouteront un go\u00fbt ph\u00e9nom\u00e9nal et une qualit\u00e9 soyeuse luxueuse \u00e0 vos recettes. Id\u00e9ales pour une utilisation dans la ganache, la cr\u00e8me au beurre, les gla\u00e7ages et plus encore, vous adorerez les desserts que vous pourrez r\u00e9aliser avec ce chocolat noir haut de gamme de Cocoa Noel !<\/p>\n<p>&nbsp;<\/p>","protected":false},"featured_media":1671,"template":"","meta":[],"product_brand":[],"product_cat":[26],"product_tag":[],"class_list":{"0":"post-505","1":"product","2":"type-product","3":"status-publish","4":"has-post-thumbnail","6":"product_cat-chocolates","7":"product_shipping_class-dry","9":"first","10":"instock","11":"sale","12":"taxable","13":"shipping-taxable","14":"purchasable","15":"product-type-simple"},"yoast_head":"<!-- This site is optimized with the Yoast SEO plugin v27.5 - https:\/\/yoast.com\/product\/yoast-seo-wordpress\/ -->\n<title>French Chocolate Classic 55% - 5kg\/11lb - Le Petit Epicurien<\/title>\n<meta name=\"description\" content=\"Noel Dark Chocolate Couverture Pistoles - Semisweet 55%\" \/>\n<meta name=\"robots\" content=\"index, follow, max-snippet:-1, max-image-preview:large, max-video-preview:-1\" \/>\n<link rel=\"canonical\" href=\"https:\/\/www.lepetitepicurien.com\/fr\/produit\/chocolat-noel-ligne-classique-classic-55-5kg-11lb\/\" \/>\n<meta property=\"og:locale\" content=\"fr_FR\" \/>\n<meta property=\"og:type\" content=\"article\" \/>\n<meta property=\"og:title\" content=\"French Chocolate Classic 55% - 5kg\/11lb - Le Petit Epicurien\" \/>\n<meta property=\"og:description\" content=\"Noel Dark Chocolate Couverture Pistoles - Semisweet 55%\" \/>\n<meta property=\"og:url\" content=\"https:\/\/www.lepetitepicurien.com\/fr\/produit\/chocolat-noel-ligne-classique-classic-55-5kg-11lb\/\" \/>\n<meta property=\"og:site_name\" content=\"Le Petit Epicurien\" \/>\n<meta property=\"article:modified_time\" content=\"2025-04-03T01:31:19+00:00\" \/>\n<meta property=\"og:image\" content=\"https:\/\/www.lepetitepicurien.com\/wp-content\/uploads\/2024\/08\/noel-dark-chocolate-pistoles-semisweet-55.jpg\" \/>\n\t<meta property=\"og:image:width\" content=\"504\" \/>\n\t<meta property=\"og:image:height\" content=\"504\" \/>\n\t<meta property=\"og:image:type\" content=\"image\/jpeg\" \/>\n<meta name=\"twitter:card\" content=\"summary_large_image\" \/>\n<meta name=\"twitter:label1\" content=\"Dur\u00e9e de lecture estim\u00e9e\" \/>\n\t<meta name=\"twitter:data1\" content=\"1 minute\" \/>\n<script type=\"application\/ld+json\" class=\"yoast-schema-graph\">{\"@context\":\"https:\\\/\\\/schema.org\",\"@graph\":[{\"@type\":\"WebPage\",\"@id\":\"https:\\\/\\\/www.lepetitepicurien.com\\\/product\\\/noel-chocolate-classic-55-5kg-11lb\\\/\",\"url\":\"https:\\\/\\\/www.lepetitepicurien.com\\\/product\\\/noel-chocolate-classic-55-5kg-11lb\\\/\",\"name\":\"French Chocolate Classic 55% - 5kg\\\/11lb - Le Petit Epicurien\",\"isPartOf\":{\"@id\":\"https:\\\/\\\/www.lepetitepicurien.com\\\/#website\"},\"primaryImageOfPage\":{\"@id\":\"https:\\\/\\\/www.lepetitepicurien.com\\\/product\\\/noel-chocolate-classic-55-5kg-11lb\\\/#primaryimage\"},\"image\":{\"@id\":\"https:\\\/\\\/www.lepetitepicurien.com\\\/product\\\/noel-chocolate-classic-55-5kg-11lb\\\/#primaryimage\"},\"thumbnailUrl\":\"https:\\\/\\\/www.lepetitepicurien.com\\\/wp-content\\\/uploads\\\/2024\\\/08\\\/noel-dark-chocolate-pistoles-semisweet-55.jpg\",\"datePublished\":\"2024-08-15T02:48:11+00:00\",\"dateModified\":\"2025-04-03T01:31:19+00:00\",\"description\":\"Noel Dark Chocolate Couverture Pistoles - Semisweet 55%\",\"breadcrumb\":{\"@id\":\"https:\\\/\\\/www.lepetitepicurien.com\\\/product\\\/noel-chocolate-classic-55-5kg-11lb\\\/#breadcrumb\"},\"inLanguage\":\"fr-FR\",\"potentialAction\":[{\"@type\":\"ReadAction\",\"target\":[\"https:\\\/\\\/www.lepetitepicurien.com\\\/product\\\/noel-chocolate-classic-55-5kg-11lb\\\/\"]}]},{\"@type\":\"ImageObject\",\"inLanguage\":\"fr-FR\",\"@id\":\"https:\\\/\\\/www.lepetitepicurien.com\\\/product\\\/noel-chocolate-classic-55-5kg-11lb\\\/#primaryimage\",\"url\":\"https:\\\/\\\/www.lepetitepicurien.com\\\/wp-content\\\/uploads\\\/2024\\\/08\\\/noel-dark-chocolate-pistoles-semisweet-55.jpg\",\"contentUrl\":\"https:\\\/\\\/www.lepetitepicurien.com\\\/wp-content\\\/uploads\\\/2024\\\/08\\\/noel-dark-chocolate-pistoles-semisweet-55.jpg\",\"width\":504,\"height\":504},{\"@type\":\"BreadcrumbList\",\"@id\":\"https:\\\/\\\/www.lepetitepicurien.com\\\/product\\\/noel-chocolate-classic-55-5kg-11lb\\\/#breadcrumb\",\"itemListElement\":[{\"@type\":\"ListItem\",\"position\":1,\"name\":\"Home\",\"item\":\"https:\\\/\\\/www.lepetitepicurien.com\\\/\"},{\"@type\":\"ListItem\",\"position\":2,\"name\":\"Shop\",\"item\":\"https:\\\/\\\/www.lepetitepicurien.com\\\/shop\\\/\"},{\"@type\":\"ListItem\",\"position\":3,\"name\":\"French Chocolate Classic 55% &#8211; 5kg\\\/11lb\"}]},{\"@type\":\"WebSite\",\"@id\":\"https:\\\/\\\/www.lepetitepicurien.com\\\/#website\",\"url\":\"https:\\\/\\\/www.lepetitepicurien.com\\\/\",\"name\":\"Le Petit Epicurien\",\"description\":\"Online Grocery for European Gourmet Food\",\"publisher\":{\"@id\":\"https:\\\/\\\/www.lepetitepicurien.com\\\/#organization\"},\"potentialAction\":[{\"@type\":\"SearchAction\",\"target\":{\"@type\":\"EntryPoint\",\"urlTemplate\":\"https:\\\/\\\/www.lepetitepicurien.com\\\/?s={search_term_string}\"},\"query-input\":{\"@type\":\"PropertyValueSpecification\",\"valueRequired\":true,\"valueName\":\"search_term_string\"}}],\"inLanguage\":\"fr-FR\"},{\"@type\":\"Organization\",\"@id\":\"https:\\\/\\\/www.lepetitepicurien.com\\\/#organization\",\"name\":\"Le Petit Epicurien\",\"url\":\"https:\\\/\\\/www.lepetitepicurien.com\\\/\",\"logo\":{\"@type\":\"ImageObject\",\"inLanguage\":\"fr-FR\",\"@id\":\"https:\\\/\\\/www.lepetitepicurien.com\\\/#\\\/schema\\\/logo\\\/image\\\/\",\"url\":\"https:\\\/\\\/www.lepetitepicurien.com\\\/wp-content\\\/uploads\\\/2024\\\/03\\\/logo.png\",\"contentUrl\":\"https:\\\/\\\/www.lepetitepicurien.com\\\/wp-content\\\/uploads\\\/2024\\\/03\\\/logo.png\",\"width\":1024,\"height\":1024,\"caption\":\"Le Petit Epicurien\"},\"image\":{\"@id\":\"https:\\\/\\\/www.lepetitepicurien.com\\\/#\\\/schema\\\/logo\\\/image\\\/\"}}]}<\/script>\n<!-- \/ Yoast SEO plugin. -->","yoast_head_json":{"title":"Chocolat Fran\u00e7ais Classique 55% - 5kg\/11lb - Le Petit Epicurien","description":"Couverture Pistoles au chocolat noir Noel - Mi-sucr\u00e9 55%","robots":{"index":"index","follow":"follow","max-snippet":"max-snippet:-1","max-image-preview":"max-image-preview:large","max-video-preview":"max-video-preview:-1"},"canonical":"https:\/\/www.lepetitepicurien.com\/fr\/produit\/chocolat-noel-ligne-classique-classic-55-5kg-11lb\/","og_locale":"fr_FR","og_type":"article","og_title":"French Chocolate Classic 55% - 5kg\/11lb - Le Petit Epicurien","og_description":"Noel Dark Chocolate Couverture Pistoles - Semisweet 55%","og_url":"https:\/\/www.lepetitepicurien.com\/fr\/produit\/chocolat-noel-ligne-classique-classic-55-5kg-11lb\/","og_site_name":"Le Petit Epicurien","article_modified_time":"2025-04-03T01:31:19+00:00","og_image":[{"width":504,"height":504,"url":"https:\/\/www.lepetitepicurien.com\/wp-content\/uploads\/2024\/08\/noel-dark-chocolate-pistoles-semisweet-55.jpg","type":"image\/jpeg"}],"twitter_card":"summary_large_image","twitter_misc":{"Dur\u00e9e de lecture estim\u00e9e":"1 minute"},"schema":{"@context":"https:\/\/schema.org","@graph":[{"@type":"WebPage","@id":"https:\/\/www.lepetitepicurien.com\/product\/noel-chocolate-classic-55-5kg-11lb\/","url":"https:\/\/www.lepetitepicurien.com\/product\/noel-chocolate-classic-55-5kg-11lb\/","name":"Chocolat Fran\u00e7ais Classique 55% - 5kg\/11lb - Le Petit Epicurien","isPartOf":{"@id":"https:\/\/www.lepetitepicurien.com\/#website"},"primaryImageOfPage":{"@id":"https:\/\/www.lepetitepicurien.com\/product\/noel-chocolate-classic-55-5kg-11lb\/#primaryimage"},"image":{"@id":"https:\/\/www.lepetitepicurien.com\/product\/noel-chocolate-classic-55-5kg-11lb\/#primaryimage"},"thumbnailUrl":"https:\/\/www.lepetitepicurien.com\/wp-content\/uploads\/2024\/08\/noel-dark-chocolate-pistoles-semisweet-55.jpg","datePublished":"2024-08-15T02:48:11+00:00","dateModified":"2025-04-03T01:31:19+00:00","description":"Couverture Pistoles au chocolat noir Noel - Mi-sucr\u00e9 55%","breadcrumb":{"@id":"https:\/\/www.lepetitepicurien.com\/product\/noel-chocolate-classic-55-5kg-11lb\/#breadcrumb"},"inLanguage":"fr-FR","potentialAction":[{"@type":"ReadAction","target":["https:\/\/www.lepetitepicurien.com\/product\/noel-chocolate-classic-55-5kg-11lb\/"]}]},{"@type":"ImageObject","inLanguage":"fr-FR","@id":"https:\/\/www.lepetitepicurien.com\/product\/noel-chocolate-classic-55-5kg-11lb\/#primaryimage","url":"https:\/\/www.lepetitepicurien.com\/wp-content\/uploads\/2024\/08\/noel-dark-chocolate-pistoles-semisweet-55.jpg","contentUrl":"https:\/\/www.lepetitepicurien.com\/wp-content\/uploads\/2024\/08\/noel-dark-chocolate-pistoles-semisweet-55.jpg","width":504,"height":504},{"@type":"BreadcrumbList","@id":"https:\/\/www.lepetitepicurien.com\/product\/noel-chocolate-classic-55-5kg-11lb\/#breadcrumb","itemListElement":[{"@type":"ListItem","position":1,"name":"Home","item":"https:\/\/www.lepetitepicurien.com\/"},{"@type":"ListItem","position":2,"name":"Shop","item":"https:\/\/www.lepetitepicurien.com\/shop\/"},{"@type":"ListItem","position":3,"name":"French Chocolate Classic 55% &#8211; 5kg\/11lb"}]},{"@type":"WebSite","@id":"https:\/\/www.lepetitepicurien.com\/#website","url":"https:\/\/www.lepetitepicurien.com\/","name":"Le Petit \u00c9picurien","description":"\u00c9picerie en ligne pour la gastronomie europ\u00e9enne","publisher":{"@id":"https:\/\/www.lepetitepicurien.com\/#organization"},"potentialAction":[{"@type":"SearchAction","target":{"@type":"EntryPoint","urlTemplate":"https:\/\/www.lepetitepicurien.com\/?s={search_term_string}"},"query-input":{"@type":"PropertyValueSpecification","valueRequired":true,"valueName":"search_term_string"}}],"inLanguage":"fr-FR"},{"@type":"Organization","@id":"https:\/\/www.lepetitepicurien.com\/#organization","name":"Le Petit \u00c9picurien","url":"https:\/\/www.lepetitepicurien.com\/","logo":{"@type":"ImageObject","inLanguage":"fr-FR","@id":"https:\/\/www.lepetitepicurien.com\/#\/schema\/logo\/image\/","url":"https:\/\/www.lepetitepicurien.com\/wp-content\/uploads\/2024\/03\/logo.png","contentUrl":"https:\/\/www.lepetitepicurien.com\/wp-content\/uploads\/2024\/03\/logo.png","width":1024,"height":1024,"caption":"Le Petit Epicurien"},"image":{"@id":"https:\/\/www.lepetitepicurien.com\/#\/schema\/logo\/image\/"}}]}},"jetpack_sharing_enabled":true,"_links":{"self":[{"href":"http:\/\/www.lepetitepicurien.com\/fr\/wp-json\/wp\/v2\/product\/505","targetHints":{"allow":["GET"]}}],"collection":[{"href":"http:\/\/www.lepetitepicurien.com\/fr\/wp-json\/wp\/v2\/product"}],"about":[{"href":"http:\/\/www.lepetitepicurien.com\/fr\/wp-json\/wp\/v2\/types\/product"}],"wp:featuredmedia":[{"embeddable":true,"href":"http:\/\/www.lepetitepicurien.com\/fr\/wp-json\/wp\/v2\/media\/1671"}],"wp:attachment":[{"href":"http:\/\/www.lepetitepicurien.com\/fr\/wp-json\/wp\/v2\/media?parent=505"}],"wp:term":[{"taxonomy":"product_brand","embeddable":true,"href":"http:\/\/www.lepetitepicurien.com\/fr\/wp-json\/wp\/v2\/product_brand?post=505"},{"taxonomy":"product_cat","embeddable":true,"href":"http:\/\/www.lepetitepicurien.com\/fr\/wp-json\/wp\/v2\/product_cat?post=505"},{"taxonomy":"product_tag","embeddable":true,"href":"http:\/\/www.lepetitepicurien.com\/fr\/wp-json\/wp\/v2\/product_tag?post=505"}],"curies":[{"name":"wp","href":"https:\/\/api.w.org\/{rel}","templated":true}]}}