{"id":520,"date":"2024-08-14T22:48:14","date_gmt":"2024-08-15T02:48:14","guid":{"rendered":"https:\/\/www.lepetitepicurien.com\/?post_type=product&#038;p=520"},"modified":"2025-04-02T21:31:20","modified_gmt":"2025-04-03T01:31:20","slug":"belgian-loaf-miche-boulart-pack-of-2","status":"publish","type":"product","link":"http:\/\/www.lepetitepicurien.com\/fr\/product\/belgian-loaf-miche-boulart-pack-of-2\/","title":{"rendered":"Miche BOULART \u2013 lot de 2"},"content":{"rendered":"<p>Rehaussez votre exp\u00e9rience culinaire avec le petit pain ciabatta de BOULART. Avec un poids de 45 g, ce petit pain incarne l&#039;essence de la p\u00e2tisserie artisanale italienne. Fabriqu\u00e9 avec d\u00e9vouement, chaque petit pain pr\u00e9sente un ext\u00e9rieur croustillant qui laisse place \u00e0 un int\u00e9rieur doux et poreux, caract\u00e9ristique de la ciabatta classique. Fabriqu\u00e9 uniquement \u00e0 partir des meilleurs ingr\u00e9dients, sans aucun additif ni conservateur artificiel, il offre une saveur rustique et authentique. Id\u00e9al en accompagnement de soupes, de salades ou simplement d\u00e9gust\u00e9 avec de l&#039;huile d&#039;olive et du vinaigre balsamique, ce petit pain ciabatta promet une bouch\u00e9e d&#039;authenticit\u00e9 m\u00e9diterran\u00e9enne. Savourez l&#039;artisanat de BOULART \u00e0 chaque bouch\u00e9e.<\/p>","protected":false},"excerpt":{"rendered":"<p>Petit pain ciabatta artisanal de BOULART (45g).<\/p>\n<p>\u2013 Paquet de 20 pains ciabatta<br \/>\n\u2013 Pr\u00e9paration : 190\u00b0C \u2022 5-8 min ou laisser d\u00e9congeler le pain 1 heure \u00e0 temp\u00e9rature ambiante<\/p>","protected":false},"featured_media":538,"template":"","meta":[],"product_brand":[],"product_cat":[29],"product_tag":[],"class_list":{"0":"post-520","1":"product","2":"type-product","3":"status-publish","4":"has-post-thumbnail","6":"product_cat-bakery","7":"product_shipping_class-frozen","9":"first","10":"instock","11":"taxable","12":"shipping-taxable","13":"purchasable","14":"product-type-simple"},"yoast_head":"<!-- This site is optimized with the Yoast SEO plugin v27.5 - https:\/\/yoast.com\/product\/yoast-seo-wordpress\/ -->\n<title>Belgian Loaf\/Miche BOULART - pack of 2 - Le Petit Epicurien<\/title>\n<meta name=\"robots\" content=\"index, follow, max-snippet:-1, max-image-preview:large, max-video-preview:-1\" \/>\n<link rel=\"canonical\" href=\"https:\/\/www.lepetitepicurien.com\/fr\/produit\/pain-belge-miche-boulart-lot-de-2\/\" \/>\n<meta property=\"og:locale\" content=\"fr_FR\" \/>\n<meta property=\"og:type\" content=\"article\" \/>\n<meta property=\"og:title\" content=\"Belgian Loaf\/Miche BOULART - pack of 2 - Le Petit Epicurien\" \/>\n<meta property=\"og:description\" content=\"Artisanal Ciabatta Dinner Roll from BOULART (45g).  - Pack of 20 ciabatta roll - Preparation: 375\u00b0F \u2022 5-8 min or let the bread thaw for 1 hour at room temperature\" \/>\n<meta property=\"og:url\" content=\"https:\/\/www.lepetitepicurien.com\/fr\/produit\/pain-belge-miche-boulart-lot-de-2\/\" \/>\n<meta property=\"og:site_name\" content=\"Le Petit Epicurien\" \/>\n<meta property=\"article:modified_time\" content=\"2025-04-03T01:31:20+00:00\" \/>\n<meta name=\"twitter:card\" content=\"summary_large_image\" \/>\n<script type=\"application\/ld+json\" class=\"yoast-schema-graph\">{\"@context\":\"https:\\\/\\\/schema.org\",\"@graph\":[{\"@type\":\"WebPage\",\"@id\":\"https:\\\/\\\/www.lepetitepicurien.com\\\/product\\\/belgian-loaf-miche-boulart-pack-of-2\\\/\",\"url\":\"https:\\\/\\\/www.lepetitepicurien.com\\\/product\\\/belgian-loaf-miche-boulart-pack-of-2\\\/\",\"name\":\"Belgian Loaf\\\/Miche BOULART - pack of 2 - Le Petit Epicurien\",\"isPartOf\":{\"@id\":\"https:\\\/\\\/www.lepetitepicurien.com\\\/#website\"},\"primaryImageOfPage\":{\"@id\":\"https:\\\/\\\/www.lepetitepicurien.com\\\/product\\\/belgian-loaf-miche-boulart-pack-of-2\\\/#primaryimage\"},\"image\":{\"@id\":\"https:\\\/\\\/www.lepetitepicurien.com\\\/product\\\/belgian-loaf-miche-boulart-pack-of-2\\\/#primaryimage\"},\"thumbnailUrl\":\"https:\\\/\\\/www.lepetitepicurien.com\\\/wp-content\\\/uploads\\\/2024\\\/08\\\/BB13701-4-1.jpg\",\"datePublished\":\"2024-08-15T02:48:14+00:00\",\"dateModified\":\"2025-04-03T01:31:20+00:00\",\"breadcrumb\":{\"@id\":\"https:\\\/\\\/www.lepetitepicurien.com\\\/product\\\/belgian-loaf-miche-boulart-pack-of-2\\\/#breadcrumb\"},\"inLanguage\":\"fr-FR\",\"potentialAction\":[{\"@type\":\"ReadAction\",\"target\":[\"https:\\\/\\\/www.lepetitepicurien.com\\\/product\\\/belgian-loaf-miche-boulart-pack-of-2\\\/\"]}]},{\"@type\":\"ImageObject\",\"inLanguage\":\"fr-FR\",\"@id\":\"https:\\\/\\\/www.lepetitepicurien.com\\\/product\\\/belgian-loaf-miche-boulart-pack-of-2\\\/#primaryimage\",\"url\":\"https:\\\/\\\/www.lepetitepicurien.com\\\/wp-content\\\/uploads\\\/2024\\\/08\\\/BB13701-4-1.jpg\",\"contentUrl\":\"https:\\\/\\\/www.lepetitepicurien.com\\\/wp-content\\\/uploads\\\/2024\\\/08\\\/BB13701-4-1.jpg\",\"width\":600,\"height\":600},{\"@type\":\"BreadcrumbList\",\"@id\":\"https:\\\/\\\/www.lepetitepicurien.com\\\/product\\\/belgian-loaf-miche-boulart-pack-of-2\\\/#breadcrumb\",\"itemListElement\":[{\"@type\":\"ListItem\",\"position\":1,\"name\":\"Home\",\"item\":\"https:\\\/\\\/www.lepetitepicurien.com\\\/\"},{\"@type\":\"ListItem\",\"position\":2,\"name\":\"Shop\",\"item\":\"https:\\\/\\\/www.lepetitepicurien.com\\\/shop\\\/\"},{\"@type\":\"ListItem\",\"position\":3,\"name\":\"Belgian Loaf\\\/Miche BOULART &#8211; pack of 2\"}]},{\"@type\":\"WebSite\",\"@id\":\"https:\\\/\\\/www.lepetitepicurien.com\\\/#website\",\"url\":\"https:\\\/\\\/www.lepetitepicurien.com\\\/\",\"name\":\"Le Petit Epicurien\",\"description\":\"Online Grocery for European Gourmet Food\",\"publisher\":{\"@id\":\"https:\\\/\\\/www.lepetitepicurien.com\\\/#organization\"},\"potentialAction\":[{\"@type\":\"SearchAction\",\"target\":{\"@type\":\"EntryPoint\",\"urlTemplate\":\"https:\\\/\\\/www.lepetitepicurien.com\\\/?s={search_term_string}\"},\"query-input\":{\"@type\":\"PropertyValueSpecification\",\"valueRequired\":true,\"valueName\":\"search_term_string\"}}],\"inLanguage\":\"fr-FR\"},{\"@type\":\"Organization\",\"@id\":\"https:\\\/\\\/www.lepetitepicurien.com\\\/#organization\",\"name\":\"Le Petit Epicurien\",\"url\":\"https:\\\/\\\/www.lepetitepicurien.com\\\/\",\"logo\":{\"@type\":\"ImageObject\",\"inLanguage\":\"fr-FR\",\"@id\":\"https:\\\/\\\/www.lepetitepicurien.com\\\/#\\\/schema\\\/logo\\\/image\\\/\",\"url\":\"https:\\\/\\\/www.lepetitepicurien.com\\\/wp-content\\\/uploads\\\/2024\\\/03\\\/logo.png\",\"contentUrl\":\"https:\\\/\\\/www.lepetitepicurien.com\\\/wp-content\\\/uploads\\\/2024\\\/03\\\/logo.png\",\"width\":1024,\"height\":1024,\"caption\":\"Le Petit Epicurien\"},\"image\":{\"@id\":\"https:\\\/\\\/www.lepetitepicurien.com\\\/#\\\/schema\\\/logo\\\/image\\\/\"}}]}<\/script>\n<!-- \/ Yoast SEO plugin. -->","yoast_head_json":{"title":"Miche BOULART - lot de 2 - Le Petit Epicurien","robots":{"index":"index","follow":"follow","max-snippet":"max-snippet:-1","max-image-preview":"max-image-preview:large","max-video-preview":"max-video-preview:-1"},"canonical":"https:\/\/www.lepetitepicurien.com\/fr\/produit\/pain-belge-miche-boulart-lot-de-2\/","og_locale":"fr_FR","og_type":"article","og_title":"Belgian Loaf\/Miche BOULART - pack of 2 - Le Petit Epicurien","og_description":"Artisanal Ciabatta Dinner Roll from BOULART (45g).  - Pack of 20 ciabatta roll - Preparation: 375\u00b0F \u2022 5-8 min or let the bread thaw for 1 hour at room temperature","og_url":"https:\/\/www.lepetitepicurien.com\/fr\/produit\/pain-belge-miche-boulart-lot-de-2\/","og_site_name":"Le Petit Epicurien","article_modified_time":"2025-04-03T01:31:20+00:00","twitter_card":"summary_large_image","schema":{"@context":"https:\/\/schema.org","@graph":[{"@type":"WebPage","@id":"https:\/\/www.lepetitepicurien.com\/product\/belgian-loaf-miche-boulart-pack-of-2\/","url":"https:\/\/www.lepetitepicurien.com\/product\/belgian-loaf-miche-boulart-pack-of-2\/","name":"Miche BOULART - lot de 2 - Le Petit Epicurien","isPartOf":{"@id":"https:\/\/www.lepetitepicurien.com\/#website"},"primaryImageOfPage":{"@id":"https:\/\/www.lepetitepicurien.com\/product\/belgian-loaf-miche-boulart-pack-of-2\/#primaryimage"},"image":{"@id":"https:\/\/www.lepetitepicurien.com\/product\/belgian-loaf-miche-boulart-pack-of-2\/#primaryimage"},"thumbnailUrl":"https:\/\/www.lepetitepicurien.com\/wp-content\/uploads\/2024\/08\/BB13701-4-1.jpg","datePublished":"2024-08-15T02:48:14+00:00","dateModified":"2025-04-03T01:31:20+00:00","breadcrumb":{"@id":"https:\/\/www.lepetitepicurien.com\/product\/belgian-loaf-miche-boulart-pack-of-2\/#breadcrumb"},"inLanguage":"fr-FR","potentialAction":[{"@type":"ReadAction","target":["https:\/\/www.lepetitepicurien.com\/product\/belgian-loaf-miche-boulart-pack-of-2\/"]}]},{"@type":"ImageObject","inLanguage":"fr-FR","@id":"https:\/\/www.lepetitepicurien.com\/product\/belgian-loaf-miche-boulart-pack-of-2\/#primaryimage","url":"https:\/\/www.lepetitepicurien.com\/wp-content\/uploads\/2024\/08\/BB13701-4-1.jpg","contentUrl":"https:\/\/www.lepetitepicurien.com\/wp-content\/uploads\/2024\/08\/BB13701-4-1.jpg","width":600,"height":600},{"@type":"BreadcrumbList","@id":"https:\/\/www.lepetitepicurien.com\/product\/belgian-loaf-miche-boulart-pack-of-2\/#breadcrumb","itemListElement":[{"@type":"ListItem","position":1,"name":"Home","item":"https:\/\/www.lepetitepicurien.com\/"},{"@type":"ListItem","position":2,"name":"Shop","item":"https:\/\/www.lepetitepicurien.com\/shop\/"},{"@type":"ListItem","position":3,"name":"Belgian Loaf\/Miche BOULART &#8211; pack of 2"}]},{"@type":"WebSite","@id":"https:\/\/www.lepetitepicurien.com\/#website","url":"https:\/\/www.lepetitepicurien.com\/","name":"Le Petit \u00c9picurien","description":"\u00c9picerie en ligne pour la gastronomie europ\u00e9enne","publisher":{"@id":"https:\/\/www.lepetitepicurien.com\/#organization"},"potentialAction":[{"@type":"SearchAction","target":{"@type":"EntryPoint","urlTemplate":"https:\/\/www.lepetitepicurien.com\/?s={search_term_string}"},"query-input":{"@type":"PropertyValueSpecification","valueRequired":true,"valueName":"search_term_string"}}],"inLanguage":"fr-FR"},{"@type":"Organization","@id":"https:\/\/www.lepetitepicurien.com\/#organization","name":"Le Petit \u00c9picurien","url":"https:\/\/www.lepetitepicurien.com\/","logo":{"@type":"ImageObject","inLanguage":"fr-FR","@id":"https:\/\/www.lepetitepicurien.com\/#\/schema\/logo\/image\/","url":"https:\/\/www.lepetitepicurien.com\/wp-content\/uploads\/2024\/03\/logo.png","contentUrl":"https:\/\/www.lepetitepicurien.com\/wp-content\/uploads\/2024\/03\/logo.png","width":1024,"height":1024,"caption":"Le Petit Epicurien"},"image":{"@id":"https:\/\/www.lepetitepicurien.com\/#\/schema\/logo\/image\/"}}]}},"jetpack_sharing_enabled":true,"_links":{"self":[{"href":"http:\/\/www.lepetitepicurien.com\/fr\/wp-json\/wp\/v2\/product\/520","targetHints":{"allow":["GET"]}}],"collection":[{"href":"http:\/\/www.lepetitepicurien.com\/fr\/wp-json\/wp\/v2\/product"}],"about":[{"href":"http:\/\/www.lepetitepicurien.com\/fr\/wp-json\/wp\/v2\/types\/product"}],"wp:featuredmedia":[{"embeddable":true,"href":"http:\/\/www.lepetitepicurien.com\/fr\/wp-json\/wp\/v2\/media\/538"}],"wp:attachment":[{"href":"http:\/\/www.lepetitepicurien.com\/fr\/wp-json\/wp\/v2\/media?parent=520"}],"wp:term":[{"taxonomy":"product_brand","embeddable":true,"href":"http:\/\/www.lepetitepicurien.com\/fr\/wp-json\/wp\/v2\/product_brand?post=520"},{"taxonomy":"product_cat","embeddable":true,"href":"http:\/\/www.lepetitepicurien.com\/fr\/wp-json\/wp\/v2\/product_cat?post=520"},{"taxonomy":"product_tag","embeddable":true,"href":"http:\/\/www.lepetitepicurien.com\/fr\/wp-json\/wp\/v2\/product_tag?post=520"}],"curies":[{"name":"wp","href":"https:\/\/api.w.org\/{rel}","templated":true}]}}