{"id":541,"date":"2024-08-14T22:48:31","date_gmt":"2024-08-15T02:48:31","guid":{"rendered":"https:\/\/www.lepetitepicurien.com\/?post_type=product&#038;p=541"},"modified":"2026-03-07T09:22:06","modified_gmt":"2026-03-07T14:22:06","slug":"ciabatta-olive-dinner-roll-45g-boulart-pack-of-20","status":"publish","type":"product","link":"http:\/\/www.lepetitepicurien.com\/fr\/product\/ciabatta-olive-dinner-roll-45g-boulart-pack-of-20\/","title":{"rendered":"Petit pain ciabatta aux olives 45g BOULART \u2013 paquet de 20"},"content":{"rendered":"<p>Offrez-vous une escapade m\u00e9diterran\u00e9enne avec le petit pain ciabatta aux olives de BOULART. Cette cr\u00e9ation artisanale de 45 g allie la texture et le go\u00fbt traditionnels de la ciabatta aux notes riches et savoureuses des olives int\u00e9gr\u00e9es. Fid\u00e8le \u00e0 l&#039;engagement de BOULART envers l&#039;authenticit\u00e9, ce petit pain pr\u00e9sente une cro\u00fbte parfaitement croustillante entourant un centre moelleux et a\u00e9r\u00e9, ponctu\u00e9 de morceaux d&#039;olives savoureux. Fabriqu\u00e9 sans additifs ni conservateurs artificiels, il incarne la p\u00e2tisserie pure et saine. Parfait pour compl\u00e9ter les plateaux d&#039;antipasti, pour tremper dans l&#039;huile d&#039;olive et le vinaigre ou pour accompagner un copieux repas italien. Avec le petit pain ciabatta aux olives de BOULART, chaque bouch\u00e9e est une c\u00e9l\u00e9bration de la tradition et du go\u00fbt.<\/p>","protected":false},"excerpt":{"rendered":"<p>Petit pain ciabatta artisanal aux olives de BOULART (45g).<\/p>\n<p>\u2013 Paquet de 20 pains ciabatta<br \/>\n\u2013 Pr\u00e9paration : 190\u00b0C \u2022 5-8 min ou laisser d\u00e9congeler le pain 1 heure \u00e0 temp\u00e9rature ambiante<\/p>","protected":false},"featured_media":559,"template":"","meta":[],"product_brand":[],"product_cat":[29],"product_tag":[],"class_list":{"0":"post-541","1":"product","2":"type-product","3":"status-publish","4":"has-post-thumbnail","6":"product_cat-bakery","7":"product_shipping_class-frozen","9":"first","10":"instock","11":"taxable","12":"shipping-taxable","13":"purchasable","14":"product-type-simple"},"yoast_head":"<!-- This site is optimized with the Yoast SEO plugin v27.5 - https:\/\/yoast.com\/product\/yoast-seo-wordpress\/ -->\n<title>Ciabatta Olive Dinner Roll 45g BOULART - pack of 20 - Le Petit Epicurien<\/title>\n<meta name=\"robots\" content=\"index, follow, max-snippet:-1, max-image-preview:large, max-video-preview:-1\" \/>\n<link rel=\"canonical\" href=\"https:\/\/www.lepetitepicurien.com\/fr\/produit\/pain-ciabatta-olives-45g-boulart-paquet-de-20\/\" \/>\n<meta property=\"og:locale\" content=\"fr_FR\" \/>\n<meta property=\"og:type\" content=\"article\" \/>\n<meta property=\"og:title\" content=\"Ciabatta Olive Dinner Roll 45g BOULART - pack of 20 - Le Petit Epicurien\" \/>\n<meta property=\"og:description\" content=\"Artisanal Ciabatta Olive Dinner Roll from BOULART (45g).  - Pack of 20 ciabatta roll - Preparation: 375\u00b0F \u2022 5-8 min or let the bread thaw for 1 hour at room temperature\" \/>\n<meta property=\"og:url\" content=\"https:\/\/www.lepetitepicurien.com\/fr\/produit\/pain-ciabatta-olives-45g-boulart-paquet-de-20\/\" \/>\n<meta property=\"og:site_name\" content=\"Le Petit Epicurien\" \/>\n<meta property=\"article:modified_time\" content=\"2026-03-07T14:22:06+00:00\" \/>\n<meta name=\"twitter:card\" content=\"summary_large_image\" \/>\n<script type=\"application\/ld+json\" class=\"yoast-schema-graph\">{\"@context\":\"https:\\\/\\\/schema.org\",\"@graph\":[{\"@type\":\"WebPage\",\"@id\":\"https:\\\/\\\/www.lepetitepicurien.com\\\/product\\\/ciabatta-olive-dinner-roll-45g-boulart-pack-of-20\\\/\",\"url\":\"https:\\\/\\\/www.lepetitepicurien.com\\\/product\\\/ciabatta-olive-dinner-roll-45g-boulart-pack-of-20\\\/\",\"name\":\"Ciabatta Olive Dinner Roll 45g BOULART - pack of 20 - Le Petit Epicurien\",\"isPartOf\":{\"@id\":\"https:\\\/\\\/www.lepetitepicurien.com\\\/#website\"},\"primaryImageOfPage\":{\"@id\":\"https:\\\/\\\/www.lepetitepicurien.com\\\/product\\\/ciabatta-olive-dinner-roll-45g-boulart-pack-of-20\\\/#primaryimage\"},\"image\":{\"@id\":\"https:\\\/\\\/www.lepetitepicurien.com\\\/product\\\/ciabatta-olive-dinner-roll-45g-boulart-pack-of-20\\\/#primaryimage\"},\"thumbnailUrl\":\"https:\\\/\\\/www.lepetitepicurien.com\\\/wp-content\\\/uploads\\\/2024\\\/08\\\/BB13706-4-1.jpg\",\"datePublished\":\"2024-08-15T02:48:31+00:00\",\"dateModified\":\"2026-03-07T14:22:06+00:00\",\"breadcrumb\":{\"@id\":\"https:\\\/\\\/www.lepetitepicurien.com\\\/product\\\/ciabatta-olive-dinner-roll-45g-boulart-pack-of-20\\\/#breadcrumb\"},\"inLanguage\":\"fr-FR\",\"potentialAction\":[{\"@type\":\"ReadAction\",\"target\":[\"https:\\\/\\\/www.lepetitepicurien.com\\\/product\\\/ciabatta-olive-dinner-roll-45g-boulart-pack-of-20\\\/\"]}]},{\"@type\":\"ImageObject\",\"inLanguage\":\"fr-FR\",\"@id\":\"https:\\\/\\\/www.lepetitepicurien.com\\\/product\\\/ciabatta-olive-dinner-roll-45g-boulart-pack-of-20\\\/#primaryimage\",\"url\":\"https:\\\/\\\/www.lepetitepicurien.com\\\/wp-content\\\/uploads\\\/2024\\\/08\\\/BB13706-4-1.jpg\",\"contentUrl\":\"https:\\\/\\\/www.lepetitepicurien.com\\\/wp-content\\\/uploads\\\/2024\\\/08\\\/BB13706-4-1.jpg\",\"width\":600,\"height\":600},{\"@type\":\"BreadcrumbList\",\"@id\":\"https:\\\/\\\/www.lepetitepicurien.com\\\/product\\\/ciabatta-olive-dinner-roll-45g-boulart-pack-of-20\\\/#breadcrumb\",\"itemListElement\":[{\"@type\":\"ListItem\",\"position\":1,\"name\":\"Home\",\"item\":\"https:\\\/\\\/www.lepetitepicurien.com\\\/\"},{\"@type\":\"ListItem\",\"position\":2,\"name\":\"Shop\",\"item\":\"https:\\\/\\\/www.lepetitepicurien.com\\\/shop\\\/\"},{\"@type\":\"ListItem\",\"position\":3,\"name\":\"Ciabatta Olive Dinner Roll 45g BOULART &#8211; pack of 20\"}]},{\"@type\":\"WebSite\",\"@id\":\"https:\\\/\\\/www.lepetitepicurien.com\\\/#website\",\"url\":\"https:\\\/\\\/www.lepetitepicurien.com\\\/\",\"name\":\"Le Petit Epicurien\",\"description\":\"Online Grocery for European Gourmet Food\",\"publisher\":{\"@id\":\"https:\\\/\\\/www.lepetitepicurien.com\\\/#organization\"},\"potentialAction\":[{\"@type\":\"SearchAction\",\"target\":{\"@type\":\"EntryPoint\",\"urlTemplate\":\"https:\\\/\\\/www.lepetitepicurien.com\\\/?s={search_term_string}\"},\"query-input\":{\"@type\":\"PropertyValueSpecification\",\"valueRequired\":true,\"valueName\":\"search_term_string\"}}],\"inLanguage\":\"fr-FR\"},{\"@type\":\"Organization\",\"@id\":\"https:\\\/\\\/www.lepetitepicurien.com\\\/#organization\",\"name\":\"Le Petit Epicurien\",\"url\":\"https:\\\/\\\/www.lepetitepicurien.com\\\/\",\"logo\":{\"@type\":\"ImageObject\",\"inLanguage\":\"fr-FR\",\"@id\":\"https:\\\/\\\/www.lepetitepicurien.com\\\/#\\\/schema\\\/logo\\\/image\\\/\",\"url\":\"https:\\\/\\\/www.lepetitepicurien.com\\\/wp-content\\\/uploads\\\/2024\\\/03\\\/logo.png\",\"contentUrl\":\"https:\\\/\\\/www.lepetitepicurien.com\\\/wp-content\\\/uploads\\\/2024\\\/03\\\/logo.png\",\"width\":1024,\"height\":1024,\"caption\":\"Le Petit Epicurien\"},\"image\":{\"@id\":\"https:\\\/\\\/www.lepetitepicurien.com\\\/#\\\/schema\\\/logo\\\/image\\\/\"}}]}<\/script>\n<!-- \/ Yoast SEO plugin. -->","yoast_head_json":{"title":"Petit Pain Ciabatta Olives 45g BOULART - lot de 20 - Le Petit Epicurien","robots":{"index":"index","follow":"follow","max-snippet":"max-snippet:-1","max-image-preview":"max-image-preview:large","max-video-preview":"max-video-preview:-1"},"canonical":"https:\/\/www.lepetitepicurien.com\/fr\/produit\/pain-ciabatta-olives-45g-boulart-paquet-de-20\/","og_locale":"fr_FR","og_type":"article","og_title":"Ciabatta Olive Dinner Roll 45g BOULART - pack of 20 - Le Petit Epicurien","og_description":"Artisanal Ciabatta Olive Dinner Roll from BOULART (45g).  - Pack of 20 ciabatta roll - Preparation: 375\u00b0F \u2022 5-8 min or let the bread thaw for 1 hour at room temperature","og_url":"https:\/\/www.lepetitepicurien.com\/fr\/produit\/pain-ciabatta-olives-45g-boulart-paquet-de-20\/","og_site_name":"Le Petit Epicurien","article_modified_time":"2026-03-07T14:22:06+00:00","twitter_card":"summary_large_image","schema":{"@context":"https:\/\/schema.org","@graph":[{"@type":"WebPage","@id":"https:\/\/www.lepetitepicurien.com\/product\/ciabatta-olive-dinner-roll-45g-boulart-pack-of-20\/","url":"https:\/\/www.lepetitepicurien.com\/product\/ciabatta-olive-dinner-roll-45g-boulart-pack-of-20\/","name":"Petit Pain Ciabatta Olives 45g BOULART - lot de 20 - Le Petit Epicurien","isPartOf":{"@id":"https:\/\/www.lepetitepicurien.com\/#website"},"primaryImageOfPage":{"@id":"https:\/\/www.lepetitepicurien.com\/product\/ciabatta-olive-dinner-roll-45g-boulart-pack-of-20\/#primaryimage"},"image":{"@id":"https:\/\/www.lepetitepicurien.com\/product\/ciabatta-olive-dinner-roll-45g-boulart-pack-of-20\/#primaryimage"},"thumbnailUrl":"https:\/\/www.lepetitepicurien.com\/wp-content\/uploads\/2024\/08\/BB13706-4-1.jpg","datePublished":"2024-08-15T02:48:31+00:00","dateModified":"2026-03-07T14:22:06+00:00","breadcrumb":{"@id":"https:\/\/www.lepetitepicurien.com\/product\/ciabatta-olive-dinner-roll-45g-boulart-pack-of-20\/#breadcrumb"},"inLanguage":"fr-FR","potentialAction":[{"@type":"ReadAction","target":["https:\/\/www.lepetitepicurien.com\/product\/ciabatta-olive-dinner-roll-45g-boulart-pack-of-20\/"]}]},{"@type":"ImageObject","inLanguage":"fr-FR","@id":"https:\/\/www.lepetitepicurien.com\/product\/ciabatta-olive-dinner-roll-45g-boulart-pack-of-20\/#primaryimage","url":"https:\/\/www.lepetitepicurien.com\/wp-content\/uploads\/2024\/08\/BB13706-4-1.jpg","contentUrl":"https:\/\/www.lepetitepicurien.com\/wp-content\/uploads\/2024\/08\/BB13706-4-1.jpg","width":600,"height":600},{"@type":"BreadcrumbList","@id":"https:\/\/www.lepetitepicurien.com\/product\/ciabatta-olive-dinner-roll-45g-boulart-pack-of-20\/#breadcrumb","itemListElement":[{"@type":"ListItem","position":1,"name":"Home","item":"https:\/\/www.lepetitepicurien.com\/"},{"@type":"ListItem","position":2,"name":"Shop","item":"https:\/\/www.lepetitepicurien.com\/shop\/"},{"@type":"ListItem","position":3,"name":"Ciabatta Olive Dinner Roll 45g BOULART &#8211; pack of 20"}]},{"@type":"WebSite","@id":"https:\/\/www.lepetitepicurien.com\/#website","url":"https:\/\/www.lepetitepicurien.com\/","name":"Le Petit \u00c9picurien","description":"\u00c9picerie en ligne pour la gastronomie europ\u00e9enne","publisher":{"@id":"https:\/\/www.lepetitepicurien.com\/#organization"},"potentialAction":[{"@type":"SearchAction","target":{"@type":"EntryPoint","urlTemplate":"https:\/\/www.lepetitepicurien.com\/?s={search_term_string}"},"query-input":{"@type":"PropertyValueSpecification","valueRequired":true,"valueName":"search_term_string"}}],"inLanguage":"fr-FR"},{"@type":"Organization","@id":"https:\/\/www.lepetitepicurien.com\/#organization","name":"Le Petit \u00c9picurien","url":"https:\/\/www.lepetitepicurien.com\/","logo":{"@type":"ImageObject","inLanguage":"fr-FR","@id":"https:\/\/www.lepetitepicurien.com\/#\/schema\/logo\/image\/","url":"https:\/\/www.lepetitepicurien.com\/wp-content\/uploads\/2024\/03\/logo.png","contentUrl":"https:\/\/www.lepetitepicurien.com\/wp-content\/uploads\/2024\/03\/logo.png","width":1024,"height":1024,"caption":"Le Petit Epicurien"},"image":{"@id":"https:\/\/www.lepetitepicurien.com\/#\/schema\/logo\/image\/"}}]}},"jetpack_sharing_enabled":true,"_links":{"self":[{"href":"http:\/\/www.lepetitepicurien.com\/fr\/wp-json\/wp\/v2\/product\/541","targetHints":{"allow":["GET"]}}],"collection":[{"href":"http:\/\/www.lepetitepicurien.com\/fr\/wp-json\/wp\/v2\/product"}],"about":[{"href":"http:\/\/www.lepetitepicurien.com\/fr\/wp-json\/wp\/v2\/types\/product"}],"wp:featuredmedia":[{"embeddable":true,"href":"http:\/\/www.lepetitepicurien.com\/fr\/wp-json\/wp\/v2\/media\/559"}],"wp:attachment":[{"href":"http:\/\/www.lepetitepicurien.com\/fr\/wp-json\/wp\/v2\/media?parent=541"}],"wp:term":[{"taxonomy":"product_brand","embeddable":true,"href":"http:\/\/www.lepetitepicurien.com\/fr\/wp-json\/wp\/v2\/product_brand?post=541"},{"taxonomy":"product_cat","embeddable":true,"href":"http:\/\/www.lepetitepicurien.com\/fr\/wp-json\/wp\/v2\/product_cat?post=541"},{"taxonomy":"product_tag","embeddable":true,"href":"http:\/\/www.lepetitepicurien.com\/fr\/wp-json\/wp\/v2\/product_tag?post=541"}],"curies":[{"name":"wp","href":"https:\/\/api.w.org\/{rel}","templated":true}]}}