{"id":543,"date":"2024-08-14T22:48:32","date_gmt":"2024-08-15T02:48:32","guid":{"rendered":"https:\/\/www.lepetitepicurien.com\/?post_type=product&#038;p=543"},"modified":"2026-03-16T21:29:06","modified_gmt":"2026-03-17T01:29:06","slug":"large-choco-twist-aoc-french-butter-pack-of-6","status":"publish","type":"product","link":"http:\/\/www.lepetitepicurien.com\/fr\/product\/large-choco-twist-aoc-french-butter-pack-of-6\/","title":{"rendered":"Grand chocolat au beurre fran\u00e7ais AOC Twist \u2013 lot de 6"},"content":{"rendered":"<p>Le Grand Choco Twist est \u00e9labor\u00e9 \u00e0 partir de farine fran\u00e7aise AOC fine et de qualit\u00e9 sup\u00e9rieure, de beurre de cacao pur, d&#039;\u0153ufs de poules \u00e9lev\u00e9es en cage et de pain au levain. De forme torsad\u00e9e, cette viennoiserie est fourr\u00e9e de chocolat et de cr\u00e8me p\u00e2tissi\u00e8re fondante en bouche. Notre recette est proche de la brioche suisse aussi appel\u00e9e \u00ab Pain Suisse au Chocolat \u00bb et est un incontournable pour tout en-cas.<\/p>","protected":false},"excerpt":{"rendered":"<p>Le lot de 6 grands Choco Twist est compos\u00e9 de farine fran\u00e7aise AOC fine et de qualit\u00e9 sup\u00e9rieure, de beurre de cacao pur, d&#039;\u0153ufs de poules \u00e9lev\u00e9es en cage et de pain au levain. De forme torsad\u00e9e, cette viennoiserie est fourr\u00e9e de chocolat et de cr\u00e8me p\u00e2tissi\u00e8re qui fondent dans la bouche. Notre recette est proche de la brioche suisse aussi appel\u00e9e \u00ab Pain Suisse au Chocolat \u00bb et est un incontournable pour tout en-cas.<\/p>\n<p><strong>P\u00e2tisserie:<\/strong> 170 \u00b0C (338 \u00b0F) pendant 18 \u00e0 20 minutes<\/p>","protected":false},"featured_media":563,"template":"","meta":[],"product_brand":[],"product_cat":[29],"product_tag":[],"class_list":{"0":"post-543","1":"product","2":"type-product","3":"status-publish","4":"has-post-thumbnail","6":"product_cat-bakery","7":"product_shipping_class-frozen","9":"first","10":"instock","11":"sale","12":"taxable","13":"shipping-taxable","14":"purchasable","15":"product-type-simple"},"yoast_head":"<!-- This site is optimized with the Yoast SEO plugin v27.5 - https:\/\/yoast.com\/product\/yoast-seo-wordpress\/ -->\n<title>Large Choco Twist AOC French Butter - pack of 6 - Le Petit Epicurien<\/title>\n<meta name=\"description\" content=\"Pack of 6 Large Choco Twist is made with AOC French fine and top quality French flour, pure cocoa butter, cage-range eggs and sourdough\" \/>\n<meta name=\"robots\" content=\"index, follow, max-snippet:-1, max-image-preview:large, max-video-preview:-1\" \/>\n<link rel=\"canonical\" href=\"https:\/\/www.lepetitepicurien.com\/fr\/produit\/gros-chocolat-torsade-au-beurre-francais-aoc-paquet-de-6\/\" \/>\n<meta property=\"og:locale\" content=\"fr_FR\" \/>\n<meta property=\"og:type\" content=\"article\" \/>\n<meta property=\"og:title\" content=\"Large Choco Twist AOC French Butter - pack of 6 - Le Petit Epicurien\" \/>\n<meta property=\"og:description\" content=\"Pack of 6 Large Choco Twist is made with AOC French fine and top quality French flour, pure cocoa butter, cage-range eggs and sourdough\" \/>\n<meta property=\"og:url\" content=\"https:\/\/www.lepetitepicurien.com\/fr\/produit\/gros-chocolat-torsade-au-beurre-francais-aoc-paquet-de-6\/\" \/>\n<meta property=\"og:site_name\" content=\"Le Petit Epicurien\" \/>\n<meta property=\"article:modified_time\" content=\"2026-03-17T01:29:06+00:00\" \/>\n<meta property=\"og:image\" content=\"https:\/\/www.lepetitepicurien.com\/wp-content\/uploads\/2024\/08\/lepetitepicurien-choco-twist-1.jpg\" \/>\n\t<meta property=\"og:image:width\" content=\"741\" \/>\n\t<meta property=\"og:image:height\" content=\"741\" \/>\n\t<meta property=\"og:image:type\" content=\"image\/jpeg\" \/>\n<meta name=\"twitter:card\" content=\"summary_large_image\" \/>\n<meta name=\"twitter:label1\" content=\"Dur\u00e9e de lecture estim\u00e9e\" \/>\n\t<meta name=\"twitter:data1\" content=\"1 minute\" \/>\n<script type=\"application\/ld+json\" class=\"yoast-schema-graph\">{\"@context\":\"https:\\\/\\\/schema.org\",\"@graph\":[{\"@type\":\"WebPage\",\"@id\":\"https:\\\/\\\/www.lepetitepicurien.com\\\/product\\\/large-choco-twist-aoc-french-butter-pack-of-6\\\/\",\"url\":\"https:\\\/\\\/www.lepetitepicurien.com\\\/product\\\/large-choco-twist-aoc-french-butter-pack-of-6\\\/\",\"name\":\"Large Choco Twist AOC French Butter - pack of 6 - Le Petit Epicurien\",\"isPartOf\":{\"@id\":\"https:\\\/\\\/www.lepetitepicurien.com\\\/#website\"},\"primaryImageOfPage\":{\"@id\":\"https:\\\/\\\/www.lepetitepicurien.com\\\/product\\\/large-choco-twist-aoc-french-butter-pack-of-6\\\/#primaryimage\"},\"image\":{\"@id\":\"https:\\\/\\\/www.lepetitepicurien.com\\\/product\\\/large-choco-twist-aoc-french-butter-pack-of-6\\\/#primaryimage\"},\"thumbnailUrl\":\"https:\\\/\\\/www.lepetitepicurien.com\\\/wp-content\\\/uploads\\\/2024\\\/08\\\/lepetitepicurien-choco-twist-1.jpg\",\"datePublished\":\"2024-08-15T02:48:32+00:00\",\"dateModified\":\"2026-03-17T01:29:06+00:00\",\"description\":\"Pack of 6 Large Choco Twist is made with AOC French fine and top quality French flour, pure cocoa butter, cage-range eggs and sourdough\",\"breadcrumb\":{\"@id\":\"https:\\\/\\\/www.lepetitepicurien.com\\\/product\\\/large-choco-twist-aoc-french-butter-pack-of-6\\\/#breadcrumb\"},\"inLanguage\":\"fr-FR\",\"potentialAction\":[{\"@type\":\"ReadAction\",\"target\":[\"https:\\\/\\\/www.lepetitepicurien.com\\\/product\\\/large-choco-twist-aoc-french-butter-pack-of-6\\\/\"]}]},{\"@type\":\"ImageObject\",\"inLanguage\":\"fr-FR\",\"@id\":\"https:\\\/\\\/www.lepetitepicurien.com\\\/product\\\/large-choco-twist-aoc-french-butter-pack-of-6\\\/#primaryimage\",\"url\":\"https:\\\/\\\/www.lepetitepicurien.com\\\/wp-content\\\/uploads\\\/2024\\\/08\\\/lepetitepicurien-choco-twist-1.jpg\",\"contentUrl\":\"https:\\\/\\\/www.lepetitepicurien.com\\\/wp-content\\\/uploads\\\/2024\\\/08\\\/lepetitepicurien-choco-twist-1.jpg\",\"width\":741,\"height\":741},{\"@type\":\"BreadcrumbList\",\"@id\":\"https:\\\/\\\/www.lepetitepicurien.com\\\/product\\\/large-choco-twist-aoc-french-butter-pack-of-6\\\/#breadcrumb\",\"itemListElement\":[{\"@type\":\"ListItem\",\"position\":1,\"name\":\"Home\",\"item\":\"https:\\\/\\\/www.lepetitepicurien.com\\\/\"},{\"@type\":\"ListItem\",\"position\":2,\"name\":\"Shop\",\"item\":\"https:\\\/\\\/www.lepetitepicurien.com\\\/shop\\\/\"},{\"@type\":\"ListItem\",\"position\":3,\"name\":\"Large Choco Twist AOC French Butter &#8211; pack of 6\"}]},{\"@type\":\"WebSite\",\"@id\":\"https:\\\/\\\/www.lepetitepicurien.com\\\/#website\",\"url\":\"https:\\\/\\\/www.lepetitepicurien.com\\\/\",\"name\":\"Le Petit Epicurien\",\"description\":\"Online Grocery for European Gourmet Food\",\"publisher\":{\"@id\":\"https:\\\/\\\/www.lepetitepicurien.com\\\/#organization\"},\"potentialAction\":[{\"@type\":\"SearchAction\",\"target\":{\"@type\":\"EntryPoint\",\"urlTemplate\":\"https:\\\/\\\/www.lepetitepicurien.com\\\/?s={search_term_string}\"},\"query-input\":{\"@type\":\"PropertyValueSpecification\",\"valueRequired\":true,\"valueName\":\"search_term_string\"}}],\"inLanguage\":\"fr-FR\"},{\"@type\":\"Organization\",\"@id\":\"https:\\\/\\\/www.lepetitepicurien.com\\\/#organization\",\"name\":\"Le Petit Epicurien\",\"url\":\"https:\\\/\\\/www.lepetitepicurien.com\\\/\",\"logo\":{\"@type\":\"ImageObject\",\"inLanguage\":\"fr-FR\",\"@id\":\"https:\\\/\\\/www.lepetitepicurien.com\\\/#\\\/schema\\\/logo\\\/image\\\/\",\"url\":\"https:\\\/\\\/www.lepetitepicurien.com\\\/wp-content\\\/uploads\\\/2024\\\/03\\\/logo.png\",\"contentUrl\":\"https:\\\/\\\/www.lepetitepicurien.com\\\/wp-content\\\/uploads\\\/2024\\\/03\\\/logo.png\",\"width\":1024,\"height\":1024,\"caption\":\"Le Petit Epicurien\"},\"image\":{\"@id\":\"https:\\\/\\\/www.lepetitepicurien.com\\\/#\\\/schema\\\/logo\\\/image\\\/\"}}]}<\/script>\n<!-- \/ Yoast SEO plugin. -->","yoast_head_json":{"title":"Grand Beurre Fran\u00e7ais AOC Choco Twist - lot de 6 - Le Petit Epicurien","description":"Le lot de 6 grands Choco Twist est compos\u00e9 de farine fran\u00e7aise AOC fine et de qualit\u00e9 sup\u00e9rieure, de beurre de cacao pur, d&#039;\u0153ufs de poules \u00e9lev\u00e9es en cage et de pain au levain","robots":{"index":"index","follow":"follow","max-snippet":"max-snippet:-1","max-image-preview":"max-image-preview:large","max-video-preview":"max-video-preview:-1"},"canonical":"https:\/\/www.lepetitepicurien.com\/fr\/produit\/gros-chocolat-torsade-au-beurre-francais-aoc-paquet-de-6\/","og_locale":"fr_FR","og_type":"article","og_title":"Large Choco Twist AOC French Butter - pack of 6 - Le Petit Epicurien","og_description":"Pack of 6 Large Choco Twist is made with AOC French fine and top quality French flour, pure cocoa butter, cage-range eggs and sourdough","og_url":"https:\/\/www.lepetitepicurien.com\/fr\/produit\/gros-chocolat-torsade-au-beurre-francais-aoc-paquet-de-6\/","og_site_name":"Le Petit Epicurien","article_modified_time":"2026-03-17T01:29:06+00:00","og_image":[{"width":741,"height":741,"url":"https:\/\/www.lepetitepicurien.com\/wp-content\/uploads\/2024\/08\/lepetitepicurien-choco-twist-1.jpg","type":"image\/jpeg"}],"twitter_card":"summary_large_image","twitter_misc":{"Dur\u00e9e de lecture estim\u00e9e":"1 minute"},"schema":{"@context":"https:\/\/schema.org","@graph":[{"@type":"WebPage","@id":"https:\/\/www.lepetitepicurien.com\/product\/large-choco-twist-aoc-french-butter-pack-of-6\/","url":"https:\/\/www.lepetitepicurien.com\/product\/large-choco-twist-aoc-french-butter-pack-of-6\/","name":"Grand Beurre Fran\u00e7ais AOC Choco Twist - lot de 6 - Le Petit Epicurien","isPartOf":{"@id":"https:\/\/www.lepetitepicurien.com\/#website"},"primaryImageOfPage":{"@id":"https:\/\/www.lepetitepicurien.com\/product\/large-choco-twist-aoc-french-butter-pack-of-6\/#primaryimage"},"image":{"@id":"https:\/\/www.lepetitepicurien.com\/product\/large-choco-twist-aoc-french-butter-pack-of-6\/#primaryimage"},"thumbnailUrl":"https:\/\/www.lepetitepicurien.com\/wp-content\/uploads\/2024\/08\/lepetitepicurien-choco-twist-1.jpg","datePublished":"2024-08-15T02:48:32+00:00","dateModified":"2026-03-17T01:29:06+00:00","description":"Le lot de 6 grands Choco Twist est compos\u00e9 de farine fran\u00e7aise AOC fine et de qualit\u00e9 sup\u00e9rieure, de beurre de cacao pur, d&#039;\u0153ufs de poules \u00e9lev\u00e9es en cage et de pain au levain","breadcrumb":{"@id":"https:\/\/www.lepetitepicurien.com\/product\/large-choco-twist-aoc-french-butter-pack-of-6\/#breadcrumb"},"inLanguage":"fr-FR","potentialAction":[{"@type":"ReadAction","target":["https:\/\/www.lepetitepicurien.com\/product\/large-choco-twist-aoc-french-butter-pack-of-6\/"]}]},{"@type":"ImageObject","inLanguage":"fr-FR","@id":"https:\/\/www.lepetitepicurien.com\/product\/large-choco-twist-aoc-french-butter-pack-of-6\/#primaryimage","url":"https:\/\/www.lepetitepicurien.com\/wp-content\/uploads\/2024\/08\/lepetitepicurien-choco-twist-1.jpg","contentUrl":"https:\/\/www.lepetitepicurien.com\/wp-content\/uploads\/2024\/08\/lepetitepicurien-choco-twist-1.jpg","width":741,"height":741},{"@type":"BreadcrumbList","@id":"https:\/\/www.lepetitepicurien.com\/product\/large-choco-twist-aoc-french-butter-pack-of-6\/#breadcrumb","itemListElement":[{"@type":"ListItem","position":1,"name":"Home","item":"https:\/\/www.lepetitepicurien.com\/"},{"@type":"ListItem","position":2,"name":"Shop","item":"https:\/\/www.lepetitepicurien.com\/shop\/"},{"@type":"ListItem","position":3,"name":"Large Choco Twist AOC French Butter &#8211; pack of 6"}]},{"@type":"WebSite","@id":"https:\/\/www.lepetitepicurien.com\/#website","url":"https:\/\/www.lepetitepicurien.com\/","name":"Le Petit \u00c9picurien","description":"\u00c9picerie en ligne pour la gastronomie europ\u00e9enne","publisher":{"@id":"https:\/\/www.lepetitepicurien.com\/#organization"},"potentialAction":[{"@type":"SearchAction","target":{"@type":"EntryPoint","urlTemplate":"https:\/\/www.lepetitepicurien.com\/?s={search_term_string}"},"query-input":{"@type":"PropertyValueSpecification","valueRequired":true,"valueName":"search_term_string"}}],"inLanguage":"fr-FR"},{"@type":"Organization","@id":"https:\/\/www.lepetitepicurien.com\/#organization","name":"Le Petit \u00c9picurien","url":"https:\/\/www.lepetitepicurien.com\/","logo":{"@type":"ImageObject","inLanguage":"fr-FR","@id":"https:\/\/www.lepetitepicurien.com\/#\/schema\/logo\/image\/","url":"https:\/\/www.lepetitepicurien.com\/wp-content\/uploads\/2024\/03\/logo.png","contentUrl":"https:\/\/www.lepetitepicurien.com\/wp-content\/uploads\/2024\/03\/logo.png","width":1024,"height":1024,"caption":"Le Petit Epicurien"},"image":{"@id":"https:\/\/www.lepetitepicurien.com\/#\/schema\/logo\/image\/"}}]}},"jetpack_sharing_enabled":true,"_links":{"self":[{"href":"http:\/\/www.lepetitepicurien.com\/fr\/wp-json\/wp\/v2\/product\/543","targetHints":{"allow":["GET"]}}],"collection":[{"href":"http:\/\/www.lepetitepicurien.com\/fr\/wp-json\/wp\/v2\/product"}],"about":[{"href":"http:\/\/www.lepetitepicurien.com\/fr\/wp-json\/wp\/v2\/types\/product"}],"wp:featuredmedia":[{"embeddable":true,"href":"http:\/\/www.lepetitepicurien.com\/fr\/wp-json\/wp\/v2\/media\/563"}],"wp:attachment":[{"href":"http:\/\/www.lepetitepicurien.com\/fr\/wp-json\/wp\/v2\/media?parent=543"}],"wp:term":[{"taxonomy":"product_brand","embeddable":true,"href":"http:\/\/www.lepetitepicurien.com\/fr\/wp-json\/wp\/v2\/product_brand?post=543"},{"taxonomy":"product_cat","embeddable":true,"href":"http:\/\/www.lepetitepicurien.com\/fr\/wp-json\/wp\/v2\/product_cat?post=543"},{"taxonomy":"product_tag","embeddable":true,"href":"http:\/\/www.lepetitepicurien.com\/fr\/wp-json\/wp\/v2\/product_tag?post=543"}],"curies":[{"name":"wp","href":"https:\/\/api.w.org\/{rel}","templated":true}]}}