{"id":544,"date":"2024-08-14T22:48:32","date_gmt":"2024-08-15T02:48:32","guid":{"rendered":"https:\/\/www.lepetitepicurien.com\/?post_type=product&#038;p=544"},"modified":"2026-02-17T11:32:58","modified_gmt":"2026-02-17T16:32:58","slug":"large-almond-croissant-premium-aoc-french-butter-pack-of-6","status":"publish","type":"product","link":"http:\/\/www.lepetitepicurien.com\/fr\/product\/large-almond-croissant-premium-aoc-french-butter-pack-of-6\/","title":{"rendered":"Grand Croissant aux Amandes Beurre Fran\u00e7ais AOC Premium \u2013 lot de 6"},"content":{"rendered":"<p>Le croissant au beurre avec une d\u00e9licieuse garniture aux amandes est une p\u00e2tisserie d\u00e9lectable avec des couches feuillet\u00e9es et beurr\u00e9es qui fondent dans la bouche, compl\u00e9t\u00e9es par une succulente garniture aux amandes \u00e0 base d&#039;amandes finement moulues, de sucre et d&#039;extrait d&#039;amande, offrant un d\u00e9licieux contraste de textures et une symphonie de saveurs qui cr\u00e9ent une exp\u00e9rience sensorielle irr\u00e9sistible.<\/p>","protected":false},"excerpt":{"rendered":"<p>Grand croissant aux amandes de qualit\u00e9 sup\u00e9rieure avec du beurre fran\u00e7ais AOC avec une d\u00e9licieuse garniture aux amandes et de l&#039;extrait d&#039;amande sur le dessus.<\/p>\n<p>Paquet de 10.<\/p>\n<p><strong>P\u00e2tisserie:<\/strong> 170 \u00b0C (338 \u00b0F) pendant 21 \u00e0 23 minutes<\/p>","protected":false},"featured_media":565,"template":"","meta":[],"product_brand":[],"product_cat":[29],"product_tag":[],"class_list":{"0":"post-544","1":"product","2":"type-product","3":"status-publish","4":"has-post-thumbnail","6":"product_cat-bakery","7":"product_shipping_class-frozen","9":"first","10":"instock","11":"taxable","12":"shipping-taxable","13":"purchasable","14":"product-type-simple"},"yoast_head":"<!-- This site is optimized with the Yoast SEO plugin v27.5 - https:\/\/yoast.com\/product\/yoast-seo-wordpress\/ -->\n<title>Large Almond Croissant Premium AOC French Butter - pack of 6 - Le Petit Epicurien<\/title>\n<meta name=\"robots\" content=\"index, follow, max-snippet:-1, max-image-preview:large, max-video-preview:-1\" \/>\n<link rel=\"canonical\" href=\"https:\/\/www.lepetitepicurien.com\/fr\/produit\/grand-croissant-aux-amandes-beurre-francais-aoc-premium-paquet-de-6\/\" \/>\n<meta property=\"og:locale\" content=\"fr_FR\" \/>\n<meta property=\"og:type\" content=\"article\" \/>\n<meta property=\"og:title\" content=\"Large Almond Croissant Premium AOC French Butter - pack of 6 - Le Petit Epicurien\" \/>\n<meta property=\"og:description\" content=\"Large almond croissant premium with AOC French butter with delicious almond filling and almond extract on top.  Pack of 10.  Baking: 338\u00b0F (170\u00b0C) for 21-23 minutes\" \/>\n<meta property=\"og:url\" content=\"https:\/\/www.lepetitepicurien.com\/fr\/produit\/grand-croissant-aux-amandes-beurre-francais-aoc-premium-paquet-de-6\/\" \/>\n<meta property=\"og:site_name\" content=\"Le Petit Epicurien\" \/>\n<meta property=\"article:modified_time\" content=\"2026-02-17T16:32:58+00:00\" \/>\n<meta property=\"og:image\" content=\"https:\/\/www.lepetitepicurien.com\/wp-content\/uploads\/2024\/08\/BBL9072-1.jpg\" \/>\n\t<meta property=\"og:image:width\" content=\"600\" \/>\n\t<meta property=\"og:image:height\" content=\"600\" \/>\n\t<meta property=\"og:image:type\" content=\"image\/jpeg\" \/>\n<meta name=\"twitter:card\" content=\"summary_large_image\" \/>\n<meta name=\"twitter:label1\" content=\"Dur\u00e9e de lecture estim\u00e9e\" \/>\n\t<meta name=\"twitter:data1\" content=\"1 minute\" \/>\n<script type=\"application\/ld+json\" class=\"yoast-schema-graph\">{\"@context\":\"https:\\\/\\\/schema.org\",\"@graph\":[{\"@type\":\"WebPage\",\"@id\":\"https:\\\/\\\/www.lepetitepicurien.com\\\/product\\\/large-almond-croissant-premium-aoc-french-butter-pack-of-6\\\/\",\"url\":\"https:\\\/\\\/www.lepetitepicurien.com\\\/product\\\/large-almond-croissant-premium-aoc-french-butter-pack-of-6\\\/\",\"name\":\"Large Almond Croissant Premium AOC French Butter - pack of 6 - Le Petit Epicurien\",\"isPartOf\":{\"@id\":\"https:\\\/\\\/www.lepetitepicurien.com\\\/#website\"},\"primaryImageOfPage\":{\"@id\":\"https:\\\/\\\/www.lepetitepicurien.com\\\/product\\\/large-almond-croissant-premium-aoc-french-butter-pack-of-6\\\/#primaryimage\"},\"image\":{\"@id\":\"https:\\\/\\\/www.lepetitepicurien.com\\\/product\\\/large-almond-croissant-premium-aoc-french-butter-pack-of-6\\\/#primaryimage\"},\"thumbnailUrl\":\"https:\\\/\\\/www.lepetitepicurien.com\\\/wp-content\\\/uploads\\\/2024\\\/08\\\/BBL9072-1.jpg\",\"datePublished\":\"2024-08-15T02:48:32+00:00\",\"dateModified\":\"2026-02-17T16:32:58+00:00\",\"breadcrumb\":{\"@id\":\"https:\\\/\\\/www.lepetitepicurien.com\\\/product\\\/large-almond-croissant-premium-aoc-french-butter-pack-of-6\\\/#breadcrumb\"},\"inLanguage\":\"fr-FR\",\"potentialAction\":[{\"@type\":\"ReadAction\",\"target\":[\"https:\\\/\\\/www.lepetitepicurien.com\\\/product\\\/large-almond-croissant-premium-aoc-french-butter-pack-of-6\\\/\"]}]},{\"@type\":\"ImageObject\",\"inLanguage\":\"fr-FR\",\"@id\":\"https:\\\/\\\/www.lepetitepicurien.com\\\/product\\\/large-almond-croissant-premium-aoc-french-butter-pack-of-6\\\/#primaryimage\",\"url\":\"https:\\\/\\\/www.lepetitepicurien.com\\\/wp-content\\\/uploads\\\/2024\\\/08\\\/BBL9072-1.jpg\",\"contentUrl\":\"https:\\\/\\\/www.lepetitepicurien.com\\\/wp-content\\\/uploads\\\/2024\\\/08\\\/BBL9072-1.jpg\",\"width\":600,\"height\":600},{\"@type\":\"BreadcrumbList\",\"@id\":\"https:\\\/\\\/www.lepetitepicurien.com\\\/product\\\/large-almond-croissant-premium-aoc-french-butter-pack-of-6\\\/#breadcrumb\",\"itemListElement\":[{\"@type\":\"ListItem\",\"position\":1,\"name\":\"Home\",\"item\":\"https:\\\/\\\/www.lepetitepicurien.com\\\/\"},{\"@type\":\"ListItem\",\"position\":2,\"name\":\"Shop\",\"item\":\"https:\\\/\\\/www.lepetitepicurien.com\\\/shop\\\/\"},{\"@type\":\"ListItem\",\"position\":3,\"name\":\"Large Almond Croissant Premium AOC French Butter &#8211; pack of 6\"}]},{\"@type\":\"WebSite\",\"@id\":\"https:\\\/\\\/www.lepetitepicurien.com\\\/#website\",\"url\":\"https:\\\/\\\/www.lepetitepicurien.com\\\/\",\"name\":\"Le Petit Epicurien\",\"description\":\"Online Grocery for European Gourmet Food\",\"publisher\":{\"@id\":\"https:\\\/\\\/www.lepetitepicurien.com\\\/#organization\"},\"potentialAction\":[{\"@type\":\"SearchAction\",\"target\":{\"@type\":\"EntryPoint\",\"urlTemplate\":\"https:\\\/\\\/www.lepetitepicurien.com\\\/?s={search_term_string}\"},\"query-input\":{\"@type\":\"PropertyValueSpecification\",\"valueRequired\":true,\"valueName\":\"search_term_string\"}}],\"inLanguage\":\"fr-FR\"},{\"@type\":\"Organization\",\"@id\":\"https:\\\/\\\/www.lepetitepicurien.com\\\/#organization\",\"name\":\"Le Petit Epicurien\",\"url\":\"https:\\\/\\\/www.lepetitepicurien.com\\\/\",\"logo\":{\"@type\":\"ImageObject\",\"inLanguage\":\"fr-FR\",\"@id\":\"https:\\\/\\\/www.lepetitepicurien.com\\\/#\\\/schema\\\/logo\\\/image\\\/\",\"url\":\"https:\\\/\\\/www.lepetitepicurien.com\\\/wp-content\\\/uploads\\\/2024\\\/03\\\/logo.png\",\"contentUrl\":\"https:\\\/\\\/www.lepetitepicurien.com\\\/wp-content\\\/uploads\\\/2024\\\/03\\\/logo.png\",\"width\":1024,\"height\":1024,\"caption\":\"Le Petit Epicurien\"},\"image\":{\"@id\":\"https:\\\/\\\/www.lepetitepicurien.com\\\/#\\\/schema\\\/logo\\\/image\\\/\"}}]}<\/script>\n<!-- \/ Yoast SEO plugin. -->","yoast_head_json":{"title":"Grand Croissant aux Amandes Beurre de France AOC Premium - lot de 6 - Le Petit Epicurien","robots":{"index":"index","follow":"follow","max-snippet":"max-snippet:-1","max-image-preview":"max-image-preview:large","max-video-preview":"max-video-preview:-1"},"canonical":"https:\/\/www.lepetitepicurien.com\/fr\/produit\/grand-croissant-aux-amandes-beurre-francais-aoc-premium-paquet-de-6\/","og_locale":"fr_FR","og_type":"article","og_title":"Large Almond Croissant Premium AOC French Butter - pack of 6 - Le Petit Epicurien","og_description":"Large almond croissant premium with AOC French butter with delicious almond filling and almond extract on top.  Pack of 10.  Baking: 338\u00b0F (170\u00b0C) for 21-23 minutes","og_url":"https:\/\/www.lepetitepicurien.com\/fr\/produit\/grand-croissant-aux-amandes-beurre-francais-aoc-premium-paquet-de-6\/","og_site_name":"Le Petit Epicurien","article_modified_time":"2026-02-17T16:32:58+00:00","og_image":[{"width":600,"height":600,"url":"https:\/\/www.lepetitepicurien.com\/wp-content\/uploads\/2024\/08\/BBL9072-1.jpg","type":"image\/jpeg"}],"twitter_card":"summary_large_image","twitter_misc":{"Dur\u00e9e de lecture estim\u00e9e":"1 minute"},"schema":{"@context":"https:\/\/schema.org","@graph":[{"@type":"WebPage","@id":"https:\/\/www.lepetitepicurien.com\/product\/large-almond-croissant-premium-aoc-french-butter-pack-of-6\/","url":"https:\/\/www.lepetitepicurien.com\/product\/large-almond-croissant-premium-aoc-french-butter-pack-of-6\/","name":"Grand Croissant aux Amandes Beurre de France AOC Premium - lot de 6 - Le Petit Epicurien","isPartOf":{"@id":"https:\/\/www.lepetitepicurien.com\/#website"},"primaryImageOfPage":{"@id":"https:\/\/www.lepetitepicurien.com\/product\/large-almond-croissant-premium-aoc-french-butter-pack-of-6\/#primaryimage"},"image":{"@id":"https:\/\/www.lepetitepicurien.com\/product\/large-almond-croissant-premium-aoc-french-butter-pack-of-6\/#primaryimage"},"thumbnailUrl":"https:\/\/www.lepetitepicurien.com\/wp-content\/uploads\/2024\/08\/BBL9072-1.jpg","datePublished":"2024-08-15T02:48:32+00:00","dateModified":"2026-02-17T16:32:58+00:00","breadcrumb":{"@id":"https:\/\/www.lepetitepicurien.com\/product\/large-almond-croissant-premium-aoc-french-butter-pack-of-6\/#breadcrumb"},"inLanguage":"fr-FR","potentialAction":[{"@type":"ReadAction","target":["https:\/\/www.lepetitepicurien.com\/product\/large-almond-croissant-premium-aoc-french-butter-pack-of-6\/"]}]},{"@type":"ImageObject","inLanguage":"fr-FR","@id":"https:\/\/www.lepetitepicurien.com\/product\/large-almond-croissant-premium-aoc-french-butter-pack-of-6\/#primaryimage","url":"https:\/\/www.lepetitepicurien.com\/wp-content\/uploads\/2024\/08\/BBL9072-1.jpg","contentUrl":"https:\/\/www.lepetitepicurien.com\/wp-content\/uploads\/2024\/08\/BBL9072-1.jpg","width":600,"height":600},{"@type":"BreadcrumbList","@id":"https:\/\/www.lepetitepicurien.com\/product\/large-almond-croissant-premium-aoc-french-butter-pack-of-6\/#breadcrumb","itemListElement":[{"@type":"ListItem","position":1,"name":"Home","item":"https:\/\/www.lepetitepicurien.com\/"},{"@type":"ListItem","position":2,"name":"Shop","item":"https:\/\/www.lepetitepicurien.com\/shop\/"},{"@type":"ListItem","position":3,"name":"Large Almond Croissant Premium AOC French Butter &#8211; pack of 6"}]},{"@type":"WebSite","@id":"https:\/\/www.lepetitepicurien.com\/#website","url":"https:\/\/www.lepetitepicurien.com\/","name":"Le Petit \u00c9picurien","description":"\u00c9picerie en ligne pour la gastronomie europ\u00e9enne","publisher":{"@id":"https:\/\/www.lepetitepicurien.com\/#organization"},"potentialAction":[{"@type":"SearchAction","target":{"@type":"EntryPoint","urlTemplate":"https:\/\/www.lepetitepicurien.com\/?s={search_term_string}"},"query-input":{"@type":"PropertyValueSpecification","valueRequired":true,"valueName":"search_term_string"}}],"inLanguage":"fr-FR"},{"@type":"Organization","@id":"https:\/\/www.lepetitepicurien.com\/#organization","name":"Le Petit \u00c9picurien","url":"https:\/\/www.lepetitepicurien.com\/","logo":{"@type":"ImageObject","inLanguage":"fr-FR","@id":"https:\/\/www.lepetitepicurien.com\/#\/schema\/logo\/image\/","url":"https:\/\/www.lepetitepicurien.com\/wp-content\/uploads\/2024\/03\/logo.png","contentUrl":"https:\/\/www.lepetitepicurien.com\/wp-content\/uploads\/2024\/03\/logo.png","width":1024,"height":1024,"caption":"Le Petit Epicurien"},"image":{"@id":"https:\/\/www.lepetitepicurien.com\/#\/schema\/logo\/image\/"}}]}},"jetpack_sharing_enabled":true,"_links":{"self":[{"href":"http:\/\/www.lepetitepicurien.com\/fr\/wp-json\/wp\/v2\/product\/544","targetHints":{"allow":["GET"]}}],"collection":[{"href":"http:\/\/www.lepetitepicurien.com\/fr\/wp-json\/wp\/v2\/product"}],"about":[{"href":"http:\/\/www.lepetitepicurien.com\/fr\/wp-json\/wp\/v2\/types\/product"}],"wp:featuredmedia":[{"embeddable":true,"href":"http:\/\/www.lepetitepicurien.com\/fr\/wp-json\/wp\/v2\/media\/565"}],"wp:attachment":[{"href":"http:\/\/www.lepetitepicurien.com\/fr\/wp-json\/wp\/v2\/media?parent=544"}],"wp:term":[{"taxonomy":"product_brand","embeddable":true,"href":"http:\/\/www.lepetitepicurien.com\/fr\/wp-json\/wp\/v2\/product_brand?post=544"},{"taxonomy":"product_cat","embeddable":true,"href":"http:\/\/www.lepetitepicurien.com\/fr\/wp-json\/wp\/v2\/product_cat?post=544"},{"taxonomy":"product_tag","embeddable":true,"href":"http:\/\/www.lepetitepicurien.com\/fr\/wp-json\/wp\/v2\/product_tag?post=544"}],"curies":[{"name":"wp","href":"https:\/\/api.w.org\/{rel}","templated":true}]}}