{"id":546,"date":"2024-08-14T22:48:32","date_gmt":"2024-08-15T02:48:32","guid":{"rendered":"https:\/\/www.lepetitepicurien.com\/?post_type=product&#038;p=546"},"modified":"2026-01-15T00:03:42","modified_gmt":"2026-01-15T05:03:42","slug":"ciabatta-half-baguette-boulart-175g-6-17oz-pack-of-6","status":"publish","type":"product","link":"http:\/\/www.lepetitepicurien.com\/fr\/product\/ciabatta-half-baguette-boulart-175g-6-17oz-pack-of-6\/","title":{"rendered":"Demi-baguette ciabatta BOULART \u2013 175g\/6.17oz \u2013 paquet de 6"},"content":{"rendered":"","protected":false},"excerpt":{"rendered":"<p>Le pain ciabatta demi-baguette est un m\u00e9lange de la forme classique de la baguette et d&#039;une c\u00e9l\u00e8bre recette italienne. Fabriqu\u00e9e avec de la farine de bl\u00e9 enrichie non blanchie, non trait\u00e9e, de l&#039;eau, du sel de mer, de la levure et de l&#039;orge malt\u00e9e, cette cr\u00e9ation maison unique en son genre s&#039;envole toujours des \u00e9tag\u00e8res.<\/p>\n<p>Les baguettes sont des miches de pain blanc fines et allong\u00e9es, fabriqu\u00e9es \u00e0 partir d&#039;une p\u00e2te de base. Des incisions sont pratiqu\u00e9es sur le dessus du pain pour lui permettre de s&#039;\u00e9tendre et lui donner son aspect caract\u00e9ristique.<\/p>","protected":false},"featured_media":760,"template":"","meta":[],"product_brand":[],"product_cat":[29],"product_tag":[],"class_list":{"0":"post-546","1":"product","2":"type-product","3":"status-publish","4":"has-post-thumbnail","6":"product_cat-bakery","7":"product_shipping_class-frozen","9":"first","10":"instock","11":"taxable","12":"shipping-taxable","13":"purchasable","14":"product-type-simple"},"yoast_head":"<!-- This site is optimized with the Yoast SEO plugin v27.5 - https:\/\/yoast.com\/product\/yoast-seo-wordpress\/ -->\n<title>Ciabatta Half Baguette BOULART - 175g\/6.17oz - pack of 6 - Le Petit Epicurien<\/title>\n<meta name=\"description\" content=\"Experience the rustic charm of our Ciabatta Half Baguette by BOULART, crafted for a crunchy crust and soft, airy interior. Ideal for sandwiches and sides.\" \/>\n<meta name=\"robots\" content=\"index, follow, max-snippet:-1, max-image-preview:large, max-video-preview:-1\" \/>\n<link rel=\"canonical\" href=\"https:\/\/www.lepetitepicurien.com\/fr\/produit\/ciabatta-demi-baguette-boulart-175g-6-17oz-paquet-de-6\/\" \/>\n<meta property=\"og:locale\" content=\"fr_FR\" \/>\n<meta property=\"og:type\" content=\"article\" \/>\n<meta property=\"og:title\" content=\"Ciabatta Half Baguette BOULART - 175g\/6.17oz - pack of 6 - Le Petit Epicurien\" \/>\n<meta property=\"og:description\" content=\"Experience the rustic charm of our Ciabatta Half Baguette by BOULART, crafted for a crunchy crust and soft, airy interior. Ideal for sandwiches and sides.\" \/>\n<meta property=\"og:url\" content=\"https:\/\/www.lepetitepicurien.com\/fr\/produit\/ciabatta-demi-baguette-boulart-175g-6-17oz-paquet-de-6\/\" \/>\n<meta property=\"og:site_name\" content=\"Le Petit Epicurien\" \/>\n<meta property=\"article:modified_time\" content=\"2026-01-15T05:03:42+00:00\" \/>\n<meta property=\"og:image\" content=\"https:\/\/www.lepetitepicurien.com\/wp-content\/uploads\/2024\/08\/ciabatta-presentation-1024x1024.jpg\" \/>\n\t<meta property=\"og:image:width\" content=\"1024\" \/>\n\t<meta property=\"og:image:height\" content=\"1024\" \/>\n\t<meta property=\"og:image:type\" content=\"image\/jpeg\" \/>\n<meta name=\"twitter:card\" content=\"summary_large_image\" \/>\n<meta name=\"twitter:label1\" content=\"Dur\u00e9e de lecture estim\u00e9e\" \/>\n\t<meta name=\"twitter:data1\" content=\"1 minute\" \/>\n<script type=\"application\/ld+json\" class=\"yoast-schema-graph\">{\"@context\":\"https:\\\/\\\/schema.org\",\"@graph\":[{\"@type\":\"WebPage\",\"@id\":\"https:\\\/\\\/www.lepetitepicurien.com\\\/product\\\/ciabatta-half-baguette-boulart-175g-6-17oz-pack-of-6\\\/\",\"url\":\"https:\\\/\\\/www.lepetitepicurien.com\\\/product\\\/ciabatta-half-baguette-boulart-175g-6-17oz-pack-of-6\\\/\",\"name\":\"Ciabatta Half Baguette BOULART - 175g\\\/6.17oz - pack of 6 - Le Petit Epicurien\",\"isPartOf\":{\"@id\":\"https:\\\/\\\/www.lepetitepicurien.com\\\/#website\"},\"primaryImageOfPage\":{\"@id\":\"https:\\\/\\\/www.lepetitepicurien.com\\\/product\\\/ciabatta-half-baguette-boulart-175g-6-17oz-pack-of-6\\\/#primaryimage\"},\"image\":{\"@id\":\"https:\\\/\\\/www.lepetitepicurien.com\\\/product\\\/ciabatta-half-baguette-boulart-175g-6-17oz-pack-of-6\\\/#primaryimage\"},\"thumbnailUrl\":\"https:\\\/\\\/www.lepetitepicurien.com\\\/wp-content\\\/uploads\\\/2024\\\/08\\\/ciabatta-presentation.jpg\",\"datePublished\":\"2024-08-15T02:48:32+00:00\",\"dateModified\":\"2026-01-15T05:03:42+00:00\",\"description\":\"Experience the rustic charm of our Ciabatta Half Baguette by BOULART, crafted for a crunchy crust and soft, airy interior. Ideal for sandwiches and sides.\",\"breadcrumb\":{\"@id\":\"https:\\\/\\\/www.lepetitepicurien.com\\\/product\\\/ciabatta-half-baguette-boulart-175g-6-17oz-pack-of-6\\\/#breadcrumb\"},\"inLanguage\":\"fr-FR\",\"potentialAction\":[{\"@type\":\"ReadAction\",\"target\":[\"https:\\\/\\\/www.lepetitepicurien.com\\\/product\\\/ciabatta-half-baguette-boulart-175g-6-17oz-pack-of-6\\\/\"]}]},{\"@type\":\"ImageObject\",\"inLanguage\":\"fr-FR\",\"@id\":\"https:\\\/\\\/www.lepetitepicurien.com\\\/product\\\/ciabatta-half-baguette-boulart-175g-6-17oz-pack-of-6\\\/#primaryimage\",\"url\":\"https:\\\/\\\/www.lepetitepicurien.com\\\/wp-content\\\/uploads\\\/2024\\\/08\\\/ciabatta-presentation.jpg\",\"contentUrl\":\"https:\\\/\\\/www.lepetitepicurien.com\\\/wp-content\\\/uploads\\\/2024\\\/08\\\/ciabatta-presentation.jpg\",\"width\":2016,\"height\":2016},{\"@type\":\"BreadcrumbList\",\"@id\":\"https:\\\/\\\/www.lepetitepicurien.com\\\/product\\\/ciabatta-half-baguette-boulart-175g-6-17oz-pack-of-6\\\/#breadcrumb\",\"itemListElement\":[{\"@type\":\"ListItem\",\"position\":1,\"name\":\"Home\",\"item\":\"https:\\\/\\\/www.lepetitepicurien.com\\\/\"},{\"@type\":\"ListItem\",\"position\":2,\"name\":\"Shop\",\"item\":\"https:\\\/\\\/www.lepetitepicurien.com\\\/shop\\\/\"},{\"@type\":\"ListItem\",\"position\":3,\"name\":\"Ciabatta Half Baguette BOULART &#8211; 175g\\\/6.17oz &#8211; pack of 6\"}]},{\"@type\":\"WebSite\",\"@id\":\"https:\\\/\\\/www.lepetitepicurien.com\\\/#website\",\"url\":\"https:\\\/\\\/www.lepetitepicurien.com\\\/\",\"name\":\"Le Petit Epicurien\",\"description\":\"Online Grocery for European Gourmet Food\",\"publisher\":{\"@id\":\"https:\\\/\\\/www.lepetitepicurien.com\\\/#organization\"},\"potentialAction\":[{\"@type\":\"SearchAction\",\"target\":{\"@type\":\"EntryPoint\",\"urlTemplate\":\"https:\\\/\\\/www.lepetitepicurien.com\\\/?s={search_term_string}\"},\"query-input\":{\"@type\":\"PropertyValueSpecification\",\"valueRequired\":true,\"valueName\":\"search_term_string\"}}],\"inLanguage\":\"fr-FR\"},{\"@type\":\"Organization\",\"@id\":\"https:\\\/\\\/www.lepetitepicurien.com\\\/#organization\",\"name\":\"Le Petit Epicurien\",\"url\":\"https:\\\/\\\/www.lepetitepicurien.com\\\/\",\"logo\":{\"@type\":\"ImageObject\",\"inLanguage\":\"fr-FR\",\"@id\":\"https:\\\/\\\/www.lepetitepicurien.com\\\/#\\\/schema\\\/logo\\\/image\\\/\",\"url\":\"https:\\\/\\\/www.lepetitepicurien.com\\\/wp-content\\\/uploads\\\/2024\\\/03\\\/logo.png\",\"contentUrl\":\"https:\\\/\\\/www.lepetitepicurien.com\\\/wp-content\\\/uploads\\\/2024\\\/03\\\/logo.png\",\"width\":1024,\"height\":1024,\"caption\":\"Le Petit Epicurien\"},\"image\":{\"@id\":\"https:\\\/\\\/www.lepetitepicurien.com\\\/#\\\/schema\\\/logo\\\/image\\\/\"}}]}<\/script>\n<!-- \/ Yoast SEO plugin. -->","yoast_head_json":{"title":"Demi-baguette ciabatta BOULART - 175g - lot de 6 - Le Petit Epicurien","description":"D\u00e9couvrez le charme rustique de notre demi-baguette ciabatta de BOULART, con\u00e7ue pour une cro\u00fbte croustillante et un int\u00e9rieur moelleux et a\u00e9r\u00e9. Id\u00e9al pour les sandwichs et les accompagnements.","robots":{"index":"index","follow":"follow","max-snippet":"max-snippet:-1","max-image-preview":"max-image-preview:large","max-video-preview":"max-video-preview:-1"},"canonical":"https:\/\/www.lepetitepicurien.com\/fr\/produit\/ciabatta-demi-baguette-boulart-175g-6-17oz-paquet-de-6\/","og_locale":"fr_FR","og_type":"article","og_title":"Ciabatta Half Baguette BOULART - 175g\/6.17oz - pack of 6 - Le Petit Epicurien","og_description":"Experience the rustic charm of our Ciabatta Half Baguette by BOULART, crafted for a crunchy crust and soft, airy interior. Ideal for sandwiches and sides.","og_url":"https:\/\/www.lepetitepicurien.com\/fr\/produit\/ciabatta-demi-baguette-boulart-175g-6-17oz-paquet-de-6\/","og_site_name":"Le Petit Epicurien","article_modified_time":"2026-01-15T05:03:42+00:00","og_image":[{"width":1024,"height":1024,"url":"https:\/\/www.lepetitepicurien.com\/wp-content\/uploads\/2024\/08\/ciabatta-presentation-1024x1024.jpg","type":"image\/jpeg"}],"twitter_card":"summary_large_image","twitter_misc":{"Dur\u00e9e de lecture estim\u00e9e":"1 minute"},"schema":{"@context":"https:\/\/schema.org","@graph":[{"@type":"WebPage","@id":"https:\/\/www.lepetitepicurien.com\/product\/ciabatta-half-baguette-boulart-175g-6-17oz-pack-of-6\/","url":"https:\/\/www.lepetitepicurien.com\/product\/ciabatta-half-baguette-boulart-175g-6-17oz-pack-of-6\/","name":"Demi-baguette ciabatta BOULART - 175g - lot de 6 - Le Petit Epicurien","isPartOf":{"@id":"https:\/\/www.lepetitepicurien.com\/#website"},"primaryImageOfPage":{"@id":"https:\/\/www.lepetitepicurien.com\/product\/ciabatta-half-baguette-boulart-175g-6-17oz-pack-of-6\/#primaryimage"},"image":{"@id":"https:\/\/www.lepetitepicurien.com\/product\/ciabatta-half-baguette-boulart-175g-6-17oz-pack-of-6\/#primaryimage"},"thumbnailUrl":"https:\/\/www.lepetitepicurien.com\/wp-content\/uploads\/2024\/08\/ciabatta-presentation.jpg","datePublished":"2024-08-15T02:48:32+00:00","dateModified":"2026-01-15T05:03:42+00:00","description":"D\u00e9couvrez le charme rustique de notre demi-baguette ciabatta de BOULART, con\u00e7ue pour une cro\u00fbte croustillante et un int\u00e9rieur moelleux et a\u00e9r\u00e9. Id\u00e9al pour les sandwichs et les accompagnements.","breadcrumb":{"@id":"https:\/\/www.lepetitepicurien.com\/product\/ciabatta-half-baguette-boulart-175g-6-17oz-pack-of-6\/#breadcrumb"},"inLanguage":"fr-FR","potentialAction":[{"@type":"ReadAction","target":["https:\/\/www.lepetitepicurien.com\/product\/ciabatta-half-baguette-boulart-175g-6-17oz-pack-of-6\/"]}]},{"@type":"ImageObject","inLanguage":"fr-FR","@id":"https:\/\/www.lepetitepicurien.com\/product\/ciabatta-half-baguette-boulart-175g-6-17oz-pack-of-6\/#primaryimage","url":"https:\/\/www.lepetitepicurien.com\/wp-content\/uploads\/2024\/08\/ciabatta-presentation.jpg","contentUrl":"https:\/\/www.lepetitepicurien.com\/wp-content\/uploads\/2024\/08\/ciabatta-presentation.jpg","width":2016,"height":2016},{"@type":"BreadcrumbList","@id":"https:\/\/www.lepetitepicurien.com\/product\/ciabatta-half-baguette-boulart-175g-6-17oz-pack-of-6\/#breadcrumb","itemListElement":[{"@type":"ListItem","position":1,"name":"Home","item":"https:\/\/www.lepetitepicurien.com\/"},{"@type":"ListItem","position":2,"name":"Shop","item":"https:\/\/www.lepetitepicurien.com\/shop\/"},{"@type":"ListItem","position":3,"name":"Ciabatta Half Baguette BOULART &#8211; 175g\/6.17oz &#8211; pack of 6"}]},{"@type":"WebSite","@id":"https:\/\/www.lepetitepicurien.com\/#website","url":"https:\/\/www.lepetitepicurien.com\/","name":"Le Petit \u00c9picurien","description":"\u00c9picerie en ligne pour la gastronomie europ\u00e9enne","publisher":{"@id":"https:\/\/www.lepetitepicurien.com\/#organization"},"potentialAction":[{"@type":"SearchAction","target":{"@type":"EntryPoint","urlTemplate":"https:\/\/www.lepetitepicurien.com\/?s={search_term_string}"},"query-input":{"@type":"PropertyValueSpecification","valueRequired":true,"valueName":"search_term_string"}}],"inLanguage":"fr-FR"},{"@type":"Organization","@id":"https:\/\/www.lepetitepicurien.com\/#organization","name":"Le Petit \u00c9picurien","url":"https:\/\/www.lepetitepicurien.com\/","logo":{"@type":"ImageObject","inLanguage":"fr-FR","@id":"https:\/\/www.lepetitepicurien.com\/#\/schema\/logo\/image\/","url":"https:\/\/www.lepetitepicurien.com\/wp-content\/uploads\/2024\/03\/logo.png","contentUrl":"https:\/\/www.lepetitepicurien.com\/wp-content\/uploads\/2024\/03\/logo.png","width":1024,"height":1024,"caption":"Le Petit Epicurien"},"image":{"@id":"https:\/\/www.lepetitepicurien.com\/#\/schema\/logo\/image\/"}}]}},"jetpack_sharing_enabled":true,"_links":{"self":[{"href":"http:\/\/www.lepetitepicurien.com\/fr\/wp-json\/wp\/v2\/product\/546","targetHints":{"allow":["GET"]}}],"collection":[{"href":"http:\/\/www.lepetitepicurien.com\/fr\/wp-json\/wp\/v2\/product"}],"about":[{"href":"http:\/\/www.lepetitepicurien.com\/fr\/wp-json\/wp\/v2\/types\/product"}],"wp:featuredmedia":[{"embeddable":true,"href":"http:\/\/www.lepetitepicurien.com\/fr\/wp-json\/wp\/v2\/media\/760"}],"wp:attachment":[{"href":"http:\/\/www.lepetitepicurien.com\/fr\/wp-json\/wp\/v2\/media?parent=546"}],"wp:term":[{"taxonomy":"product_brand","embeddable":true,"href":"http:\/\/www.lepetitepicurien.com\/fr\/wp-json\/wp\/v2\/product_brand?post=546"},{"taxonomy":"product_cat","embeddable":true,"href":"http:\/\/www.lepetitepicurien.com\/fr\/wp-json\/wp\/v2\/product_cat?post=546"},{"taxonomy":"product_tag","embeddable":true,"href":"http:\/\/www.lepetitepicurien.com\/fr\/wp-json\/wp\/v2\/product_tag?post=546"}],"curies":[{"name":"wp","href":"https:\/\/api.w.org\/{rel}","templated":true}]}}