{"id":549,"date":"2024-08-14T22:48:32","date_gmt":"2024-08-15T02:48:32","guid":{"rendered":"https:\/\/www.lepetitepicurien.com\/?post_type=product&#038;p=549"},"modified":"2025-12-23T01:22:12","modified_gmt":"2025-12-23T06:22:12","slug":"apple-turnover-fine-butter-bridor-pack-of-6","status":"publish","type":"product","link":"http:\/\/www.lepetitepicurien.com\/fr\/product\/apple-turnover-fine-butter-bridor-pack-of-6\/","title":{"rendered":"Chaussons aux pommes Beurre fin BRIDOR \u2013 lot de 6"},"content":{"rendered":"<p>Chausson aux pommes cuit au four, \u00e9galement appel\u00e9 \u00ab Chausson aux pommes \u00bb, croustillant \u00e0 l\u2019ext\u00e9rieur. P\u00e2tisserie artisanale de fabrication fran\u00e7aise traditionnelle, feuillet\u00e9e, moelleuse, juste assez ferme, pas trop sucr\u00e9e, avec juste un peu de piquant provenant de la cr\u00e8me aigre ajout\u00e9e et des pommes cuites et caram\u00e9lis\u00e9es avant de garnir la p\u00e2te. Garnissez-la d\u2019environ 44% de compote de pommes, l\u2019\u00e9quilibre parfait entre fruits et p\u00e2tisserie. Un vrai r\u00e9gal pour le dessert ou le go\u00fbter.<\/p>","protected":false},"excerpt":{"rendered":"<p>Le chausson aux pommes cuit au four, \u00e9galement appel\u00e9 \u00ab Chausson aux Pommes \u00bb, est croustillant \u00e0 l\u2019ext\u00e9rieur et fourr\u00e9 de compote de pommes \u00e0 l\u2019int\u00e9rieur.<br \/>\nPaquet de 10.<\/p>\n<p><strong>P\u00e2tisserie:<\/strong> 170\u00b0C (338\u00b0F) pendant 15 \u00e0 17 minutes<\/p>","protected":false},"featured_media":576,"template":"","meta":[],"product_brand":[],"product_cat":[29],"product_tag":[],"class_list":{"0":"post-549","1":"product","2":"type-product","3":"status-publish","4":"has-post-thumbnail","6":"product_cat-bakery","7":"product_shipping_class-frozen","9":"first","10":"instock","11":"taxable","12":"shipping-taxable","13":"purchasable","14":"product-type-simple"},"yoast_head":"<!-- This site is optimized with the Yoast SEO plugin v27.5 - https:\/\/yoast.com\/product\/yoast-seo-wordpress\/ -->\n<title>Apple Turnover Fine Butter BRIDOR - pack of 6 - Le Petit Epicurien<\/title>\n<meta name=\"robots\" content=\"index, follow, max-snippet:-1, max-image-preview:large, max-video-preview:-1\" \/>\n<link rel=\"canonical\" href=\"https:\/\/www.lepetitepicurien.com\/fr\/produit\/chaussons-aux-pommes-au-beurre-fin-bridor-lot-de-6\/\" \/>\n<meta property=\"og:locale\" content=\"fr_FR\" \/>\n<meta property=\"og:type\" content=\"article\" \/>\n<meta property=\"og:title\" content=\"Apple Turnover Fine Butter BRIDOR - pack of 6 - Le Petit Epicurien\" \/>\n<meta property=\"og:description\" content=\"Oven baking apple turnover also called &quot;Chausson au Pommes&quot; is crisp on the outside and filled with apple compote inside. Pack of 10.  Baking: 338\u00b0F (170\u00b0C) for 15-17 minutes\" \/>\n<meta property=\"og:url\" content=\"https:\/\/www.lepetitepicurien.com\/fr\/produit\/chaussons-aux-pommes-au-beurre-fin-bridor-lot-de-6\/\" \/>\n<meta property=\"og:site_name\" content=\"Le Petit Epicurien\" \/>\n<meta property=\"article:modified_time\" content=\"2025-12-23T06:22:12+00:00\" \/>\n<meta property=\"og:image\" content=\"https:\/\/www.lepetitepicurien.com\/wp-content\/uploads\/2024\/08\/BBB30228-5-1.jpg\" \/>\n\t<meta property=\"og:image:width\" content=\"600\" \/>\n\t<meta property=\"og:image:height\" content=\"600\" \/>\n\t<meta property=\"og:image:type\" content=\"image\/jpeg\" \/>\n<meta name=\"twitter:card\" content=\"summary_large_image\" \/>\n<script type=\"application\/ld+json\" class=\"yoast-schema-graph\">{\"@context\":\"https:\\\/\\\/schema.org\",\"@graph\":[{\"@type\":\"WebPage\",\"@id\":\"https:\\\/\\\/www.lepetitepicurien.com\\\/product\\\/apple-turnover-fine-butter-bridor-pack-of-6\\\/\",\"url\":\"https:\\\/\\\/www.lepetitepicurien.com\\\/product\\\/apple-turnover-fine-butter-bridor-pack-of-6\\\/\",\"name\":\"Apple Turnover Fine Butter BRIDOR - pack of 6 - Le Petit Epicurien\",\"isPartOf\":{\"@id\":\"https:\\\/\\\/www.lepetitepicurien.com\\\/#website\"},\"primaryImageOfPage\":{\"@id\":\"https:\\\/\\\/www.lepetitepicurien.com\\\/product\\\/apple-turnover-fine-butter-bridor-pack-of-6\\\/#primaryimage\"},\"image\":{\"@id\":\"https:\\\/\\\/www.lepetitepicurien.com\\\/product\\\/apple-turnover-fine-butter-bridor-pack-of-6\\\/#primaryimage\"},\"thumbnailUrl\":\"https:\\\/\\\/www.lepetitepicurien.com\\\/wp-content\\\/uploads\\\/2024\\\/08\\\/BBB30228-5-1.jpg\",\"datePublished\":\"2024-08-15T02:48:32+00:00\",\"dateModified\":\"2025-12-23T06:22:12+00:00\",\"breadcrumb\":{\"@id\":\"https:\\\/\\\/www.lepetitepicurien.com\\\/product\\\/apple-turnover-fine-butter-bridor-pack-of-6\\\/#breadcrumb\"},\"inLanguage\":\"fr-FR\",\"potentialAction\":[{\"@type\":\"ReadAction\",\"target\":[\"https:\\\/\\\/www.lepetitepicurien.com\\\/product\\\/apple-turnover-fine-butter-bridor-pack-of-6\\\/\"]}]},{\"@type\":\"ImageObject\",\"inLanguage\":\"fr-FR\",\"@id\":\"https:\\\/\\\/www.lepetitepicurien.com\\\/product\\\/apple-turnover-fine-butter-bridor-pack-of-6\\\/#primaryimage\",\"url\":\"https:\\\/\\\/www.lepetitepicurien.com\\\/wp-content\\\/uploads\\\/2024\\\/08\\\/BBB30228-5-1.jpg\",\"contentUrl\":\"https:\\\/\\\/www.lepetitepicurien.com\\\/wp-content\\\/uploads\\\/2024\\\/08\\\/BBB30228-5-1.jpg\",\"width\":600,\"height\":600},{\"@type\":\"BreadcrumbList\",\"@id\":\"https:\\\/\\\/www.lepetitepicurien.com\\\/product\\\/apple-turnover-fine-butter-bridor-pack-of-6\\\/#breadcrumb\",\"itemListElement\":[{\"@type\":\"ListItem\",\"position\":1,\"name\":\"Home\",\"item\":\"https:\\\/\\\/www.lepetitepicurien.com\\\/\"},{\"@type\":\"ListItem\",\"position\":2,\"name\":\"Shop\",\"item\":\"https:\\\/\\\/www.lepetitepicurien.com\\\/shop\\\/\"},{\"@type\":\"ListItem\",\"position\":3,\"name\":\"Apple Turnover Fine Butter BRIDOR &#8211; pack of 6\"}]},{\"@type\":\"WebSite\",\"@id\":\"https:\\\/\\\/www.lepetitepicurien.com\\\/#website\",\"url\":\"https:\\\/\\\/www.lepetitepicurien.com\\\/\",\"name\":\"Le Petit Epicurien\",\"description\":\"Online Grocery for European Gourmet Food\",\"publisher\":{\"@id\":\"https:\\\/\\\/www.lepetitepicurien.com\\\/#organization\"},\"potentialAction\":[{\"@type\":\"SearchAction\",\"target\":{\"@type\":\"EntryPoint\",\"urlTemplate\":\"https:\\\/\\\/www.lepetitepicurien.com\\\/?s={search_term_string}\"},\"query-input\":{\"@type\":\"PropertyValueSpecification\",\"valueRequired\":true,\"valueName\":\"search_term_string\"}}],\"inLanguage\":\"fr-FR\"},{\"@type\":\"Organization\",\"@id\":\"https:\\\/\\\/www.lepetitepicurien.com\\\/#organization\",\"name\":\"Le Petit Epicurien\",\"url\":\"https:\\\/\\\/www.lepetitepicurien.com\\\/\",\"logo\":{\"@type\":\"ImageObject\",\"inLanguage\":\"fr-FR\",\"@id\":\"https:\\\/\\\/www.lepetitepicurien.com\\\/#\\\/schema\\\/logo\\\/image\\\/\",\"url\":\"https:\\\/\\\/www.lepetitepicurien.com\\\/wp-content\\\/uploads\\\/2024\\\/03\\\/logo.png\",\"contentUrl\":\"https:\\\/\\\/www.lepetitepicurien.com\\\/wp-content\\\/uploads\\\/2024\\\/03\\\/logo.png\",\"width\":1024,\"height\":1024,\"caption\":\"Le Petit Epicurien\"},\"image\":{\"@id\":\"https:\\\/\\\/www.lepetitepicurien.com\\\/#\\\/schema\\\/logo\\\/image\\\/\"}}]}<\/script>\n<!-- \/ Yoast SEO plugin. -->","yoast_head_json":{"title":"Chausson Pomme Beurre Fin BRIDOR - lot de 6 - Le Petit Epicurien","robots":{"index":"index","follow":"follow","max-snippet":"max-snippet:-1","max-image-preview":"max-image-preview:large","max-video-preview":"max-video-preview:-1"},"canonical":"https:\/\/www.lepetitepicurien.com\/fr\/produit\/chaussons-aux-pommes-au-beurre-fin-bridor-lot-de-6\/","og_locale":"fr_FR","og_type":"article","og_title":"Apple Turnover Fine Butter BRIDOR - pack of 6 - Le Petit Epicurien","og_description":"Oven baking apple turnover also called \"Chausson au Pommes\" is crisp on the outside and filled with apple compote inside. Pack of 10.  Baking: 338\u00b0F (170\u00b0C) for 15-17 minutes","og_url":"https:\/\/www.lepetitepicurien.com\/fr\/produit\/chaussons-aux-pommes-au-beurre-fin-bridor-lot-de-6\/","og_site_name":"Le Petit Epicurien","article_modified_time":"2025-12-23T06:22:12+00:00","og_image":[{"width":600,"height":600,"url":"https:\/\/www.lepetitepicurien.com\/wp-content\/uploads\/2024\/08\/BBB30228-5-1.jpg","type":"image\/jpeg"}],"twitter_card":"summary_large_image","schema":{"@context":"https:\/\/schema.org","@graph":[{"@type":"WebPage","@id":"https:\/\/www.lepetitepicurien.com\/product\/apple-turnover-fine-butter-bridor-pack-of-6\/","url":"https:\/\/www.lepetitepicurien.com\/product\/apple-turnover-fine-butter-bridor-pack-of-6\/","name":"Chausson Pomme Beurre Fin BRIDOR - lot de 6 - Le Petit Epicurien","isPartOf":{"@id":"https:\/\/www.lepetitepicurien.com\/#website"},"primaryImageOfPage":{"@id":"https:\/\/www.lepetitepicurien.com\/product\/apple-turnover-fine-butter-bridor-pack-of-6\/#primaryimage"},"image":{"@id":"https:\/\/www.lepetitepicurien.com\/product\/apple-turnover-fine-butter-bridor-pack-of-6\/#primaryimage"},"thumbnailUrl":"https:\/\/www.lepetitepicurien.com\/wp-content\/uploads\/2024\/08\/BBB30228-5-1.jpg","datePublished":"2024-08-15T02:48:32+00:00","dateModified":"2025-12-23T06:22:12+00:00","breadcrumb":{"@id":"https:\/\/www.lepetitepicurien.com\/product\/apple-turnover-fine-butter-bridor-pack-of-6\/#breadcrumb"},"inLanguage":"fr-FR","potentialAction":[{"@type":"ReadAction","target":["https:\/\/www.lepetitepicurien.com\/product\/apple-turnover-fine-butter-bridor-pack-of-6\/"]}]},{"@type":"ImageObject","inLanguage":"fr-FR","@id":"https:\/\/www.lepetitepicurien.com\/product\/apple-turnover-fine-butter-bridor-pack-of-6\/#primaryimage","url":"https:\/\/www.lepetitepicurien.com\/wp-content\/uploads\/2024\/08\/BBB30228-5-1.jpg","contentUrl":"https:\/\/www.lepetitepicurien.com\/wp-content\/uploads\/2024\/08\/BBB30228-5-1.jpg","width":600,"height":600},{"@type":"BreadcrumbList","@id":"https:\/\/www.lepetitepicurien.com\/product\/apple-turnover-fine-butter-bridor-pack-of-6\/#breadcrumb","itemListElement":[{"@type":"ListItem","position":1,"name":"Home","item":"https:\/\/www.lepetitepicurien.com\/"},{"@type":"ListItem","position":2,"name":"Shop","item":"https:\/\/www.lepetitepicurien.com\/shop\/"},{"@type":"ListItem","position":3,"name":"Apple Turnover Fine Butter BRIDOR &#8211; pack of 6"}]},{"@type":"WebSite","@id":"https:\/\/www.lepetitepicurien.com\/#website","url":"https:\/\/www.lepetitepicurien.com\/","name":"Le Petit \u00c9picurien","description":"\u00c9picerie en ligne pour la gastronomie europ\u00e9enne","publisher":{"@id":"https:\/\/www.lepetitepicurien.com\/#organization"},"potentialAction":[{"@type":"SearchAction","target":{"@type":"EntryPoint","urlTemplate":"https:\/\/www.lepetitepicurien.com\/?s={search_term_string}"},"query-input":{"@type":"PropertyValueSpecification","valueRequired":true,"valueName":"search_term_string"}}],"inLanguage":"fr-FR"},{"@type":"Organization","@id":"https:\/\/www.lepetitepicurien.com\/#organization","name":"Le Petit \u00c9picurien","url":"https:\/\/www.lepetitepicurien.com\/","logo":{"@type":"ImageObject","inLanguage":"fr-FR","@id":"https:\/\/www.lepetitepicurien.com\/#\/schema\/logo\/image\/","url":"https:\/\/www.lepetitepicurien.com\/wp-content\/uploads\/2024\/03\/logo.png","contentUrl":"https:\/\/www.lepetitepicurien.com\/wp-content\/uploads\/2024\/03\/logo.png","width":1024,"height":1024,"caption":"Le Petit Epicurien"},"image":{"@id":"https:\/\/www.lepetitepicurien.com\/#\/schema\/logo\/image\/"}}]}},"jetpack_sharing_enabled":true,"_links":{"self":[{"href":"http:\/\/www.lepetitepicurien.com\/fr\/wp-json\/wp\/v2\/product\/549","targetHints":{"allow":["GET"]}}],"collection":[{"href":"http:\/\/www.lepetitepicurien.com\/fr\/wp-json\/wp\/v2\/product"}],"about":[{"href":"http:\/\/www.lepetitepicurien.com\/fr\/wp-json\/wp\/v2\/types\/product"}],"wp:featuredmedia":[{"embeddable":true,"href":"http:\/\/www.lepetitepicurien.com\/fr\/wp-json\/wp\/v2\/media\/576"}],"wp:attachment":[{"href":"http:\/\/www.lepetitepicurien.com\/fr\/wp-json\/wp\/v2\/media?parent=549"}],"wp:term":[{"taxonomy":"product_brand","embeddable":true,"href":"http:\/\/www.lepetitepicurien.com\/fr\/wp-json\/wp\/v2\/product_brand?post=549"},{"taxonomy":"product_cat","embeddable":true,"href":"http:\/\/www.lepetitepicurien.com\/fr\/wp-json\/wp\/v2\/product_cat?post=549"},{"taxonomy":"product_tag","embeddable":true,"href":"http:\/\/www.lepetitepicurien.com\/fr\/wp-json\/wp\/v2\/product_tag?post=549"}],"curies":[{"name":"wp","href":"https:\/\/api.w.org\/{rel}","templated":true}]}}