{"id":587,"date":"2024-08-14T22:48:57","date_gmt":"2024-08-15T02:48:57","guid":{"rendered":"https:\/\/www.lepetitepicurien.com\/?post_type=product&#038;p=587"},"modified":"2025-04-02T21:31:24","modified_gmt":"2025-04-03T01:31:24","slug":"small-rillettes-du-mans-200g-7-05oz","status":"publish","type":"product","link":"http:\/\/www.lepetitepicurien.com\/fr\/product\/small-rillettes-du-mans-200g-7-05oz\/","title":{"rendered":"Petites Rillettes de Porc Du Mans \u2013 200g\/7.05oz"},"content":{"rendered":"<p>En raison de leur texture cr\u00e9meuse et onctueuse, semblable \u00e0 celle d&#039;un p\u00e2t\u00e9, les rillettes \u00e9taient autrefois appel\u00e9es \u00ab p\u00e2t\u00e9s de pauvres \u00bb dans les r\u00e9gions du Nord de la France. La recette authentique du Mans, \u00e9labor\u00e9e \u00e0 partir de gros morceaux de porc, permet d&#039;obtenir des rillettes riches et fines \u00e0 la texture rustique. En France, les rillettes se d\u00e9gustent g\u00e9n\u00e9ralement fra\u00eeches, l\u00e9g\u00e8rement tartin\u00e9es sur des crackers ou du pain de campagne fran\u00e7ais croustillant. En baguette avec des cornichons ou autres cornichons, les rillettes de porc constituent un fast-food parfait et d\u00e9licieux !<\/p>","protected":false},"excerpt":{"rendered":"<p>Les authentiques rillettes du Mans sont devenues un classique des soir\u00e9es conviviales en Pays de la Loire. D&#039;une texture onctueuse proche du p\u00e2t\u00e9 ou de la terrine, la rillette est largement consomm\u00e9e en entr\u00e9e - tartin\u00e9e sur une tranche de pain fran\u00e7ais croustillant - ou dans des sandwichs pour grignoter. La recette originale de la rillette du Mans, \u00e0 base de viande de porc, est l&#039;une des recettes les plus traditionnelles de France.<\/p>","protected":false},"featured_media":694,"template":"","meta":[],"product_brand":[],"product_cat":[32],"product_tag":[],"class_list":{"0":"post-587","1":"product","2":"type-product","3":"status-publish","4":"has-post-thumbnail","6":"product_cat-delicatessen","7":"product_shipping_class-frozen","9":"first","10":"instock","11":"taxable","12":"shipping-taxable","13":"purchasable","14":"product-type-simple"},"yoast_head":"<!-- This site is optimized with the Yoast SEO plugin v27.5 - https:\/\/yoast.com\/product\/yoast-seo-wordpress\/ -->\n<title>Small Pork Rillettes Du Mans - 200g\/7.05oz - Le Petit Epicurien<\/title>\n<meta name=\"robots\" content=\"index, follow, max-snippet:-1, max-image-preview:large, max-video-preview:-1\" \/>\n<link rel=\"canonical\" href=\"https:\/\/www.lepetitepicurien.com\/fr\/produit\/petites-rillettes-du-mans-200g\/\" \/>\n<meta property=\"og:locale\" content=\"fr_FR\" \/>\n<meta property=\"og:type\" content=\"article\" \/>\n<meta property=\"og:title\" content=\"Small Pork Rillettes Du Mans - 200g\/7.05oz - Le Petit Epicurien\" \/>\n<meta property=\"og:description\" content=\"The authentic Le Mans\u00a0Rillettes\u00a0have become a classic of friendly parties in the Pays de la Loire region. With a smooth texture similar to\u00a0p\u00e2t\u00e9\u00a0or\u00a0terrine, theRillette\u00a0is widely eaten as a appetizer - spread on a crisp slice of French bread - or in sandwiches for snacking. The original\u00a0recette de Rillette\u00a0from Le Mans, based on pork meat, is one of the most traditional recipes in France.\" \/>\n<meta property=\"og:url\" content=\"https:\/\/www.lepetitepicurien.com\/fr\/produit\/petites-rillettes-du-mans-200g\/\" \/>\n<meta property=\"og:site_name\" content=\"Le Petit Epicurien\" \/>\n<meta property=\"article:modified_time\" content=\"2025-04-03T01:31:24+00:00\" \/>\n<meta property=\"og:image\" content=\"https:\/\/www.lepetitepicurien.com\/wp-content\/uploads\/2024\/08\/pork-rillettes.jpg\" \/>\n\t<meta property=\"og:image:width\" content=\"1200\" \/>\n\t<meta property=\"og:image:height\" content=\"1200\" \/>\n\t<meta property=\"og:image:type\" content=\"image\/jpeg\" \/>\n<meta name=\"twitter:card\" content=\"summary_large_image\" \/>\n<meta name=\"twitter:label1\" content=\"Dur\u00e9e de lecture estim\u00e9e\" \/>\n\t<meta name=\"twitter:data1\" content=\"1 minute\" \/>\n<script type=\"application\/ld+json\" class=\"yoast-schema-graph\">{\"@context\":\"https:\\\/\\\/schema.org\",\"@graph\":[{\"@type\":\"WebPage\",\"@id\":\"https:\\\/\\\/www.lepetitepicurien.com\\\/product\\\/small-rillettes-du-mans-200g-7-05oz\\\/\",\"url\":\"https:\\\/\\\/www.lepetitepicurien.com\\\/product\\\/small-rillettes-du-mans-200g-7-05oz\\\/\",\"name\":\"Small Pork Rillettes Du Mans - 200g\\\/7.05oz - Le Petit Epicurien\",\"isPartOf\":{\"@id\":\"https:\\\/\\\/www.lepetitepicurien.com\\\/#website\"},\"primaryImageOfPage\":{\"@id\":\"https:\\\/\\\/www.lepetitepicurien.com\\\/product\\\/small-rillettes-du-mans-200g-7-05oz\\\/#primaryimage\"},\"image\":{\"@id\":\"https:\\\/\\\/www.lepetitepicurien.com\\\/product\\\/small-rillettes-du-mans-200g-7-05oz\\\/#primaryimage\"},\"thumbnailUrl\":\"https:\\\/\\\/www.lepetitepicurien.com\\\/wp-content\\\/uploads\\\/2024\\\/08\\\/pork-rillettes.jpg\",\"datePublished\":\"2024-08-15T02:48:57+00:00\",\"dateModified\":\"2025-04-03T01:31:24+00:00\",\"breadcrumb\":{\"@id\":\"https:\\\/\\\/www.lepetitepicurien.com\\\/product\\\/small-rillettes-du-mans-200g-7-05oz\\\/#breadcrumb\"},\"inLanguage\":\"fr-FR\",\"potentialAction\":[{\"@type\":\"ReadAction\",\"target\":[\"https:\\\/\\\/www.lepetitepicurien.com\\\/product\\\/small-rillettes-du-mans-200g-7-05oz\\\/\"]}]},{\"@type\":\"ImageObject\",\"inLanguage\":\"fr-FR\",\"@id\":\"https:\\\/\\\/www.lepetitepicurien.com\\\/product\\\/small-rillettes-du-mans-200g-7-05oz\\\/#primaryimage\",\"url\":\"https:\\\/\\\/www.lepetitepicurien.com\\\/wp-content\\\/uploads\\\/2024\\\/08\\\/pork-rillettes.jpg\",\"contentUrl\":\"https:\\\/\\\/www.lepetitepicurien.com\\\/wp-content\\\/uploads\\\/2024\\\/08\\\/pork-rillettes.jpg\",\"width\":1200,\"height\":1200},{\"@type\":\"BreadcrumbList\",\"@id\":\"https:\\\/\\\/www.lepetitepicurien.com\\\/product\\\/small-rillettes-du-mans-200g-7-05oz\\\/#breadcrumb\",\"itemListElement\":[{\"@type\":\"ListItem\",\"position\":1,\"name\":\"Home\",\"item\":\"https:\\\/\\\/www.lepetitepicurien.com\\\/\"},{\"@type\":\"ListItem\",\"position\":2,\"name\":\"Shop\",\"item\":\"https:\\\/\\\/www.lepetitepicurien.com\\\/shop\\\/\"},{\"@type\":\"ListItem\",\"position\":3,\"name\":\"Small Pork Rillettes Du Mans &#8211; 200g\\\/7.05oz\"}]},{\"@type\":\"WebSite\",\"@id\":\"https:\\\/\\\/www.lepetitepicurien.com\\\/#website\",\"url\":\"https:\\\/\\\/www.lepetitepicurien.com\\\/\",\"name\":\"Le Petit Epicurien\",\"description\":\"Online Grocery for European Gourmet Food\",\"publisher\":{\"@id\":\"https:\\\/\\\/www.lepetitepicurien.com\\\/#organization\"},\"potentialAction\":[{\"@type\":\"SearchAction\",\"target\":{\"@type\":\"EntryPoint\",\"urlTemplate\":\"https:\\\/\\\/www.lepetitepicurien.com\\\/?s={search_term_string}\"},\"query-input\":{\"@type\":\"PropertyValueSpecification\",\"valueRequired\":true,\"valueName\":\"search_term_string\"}}],\"inLanguage\":\"fr-FR\"},{\"@type\":\"Organization\",\"@id\":\"https:\\\/\\\/www.lepetitepicurien.com\\\/#organization\",\"name\":\"Le Petit Epicurien\",\"url\":\"https:\\\/\\\/www.lepetitepicurien.com\\\/\",\"logo\":{\"@type\":\"ImageObject\",\"inLanguage\":\"fr-FR\",\"@id\":\"https:\\\/\\\/www.lepetitepicurien.com\\\/#\\\/schema\\\/logo\\\/image\\\/\",\"url\":\"https:\\\/\\\/www.lepetitepicurien.com\\\/wp-content\\\/uploads\\\/2024\\\/03\\\/logo.png\",\"contentUrl\":\"https:\\\/\\\/www.lepetitepicurien.com\\\/wp-content\\\/uploads\\\/2024\\\/03\\\/logo.png\",\"width\":1024,\"height\":1024,\"caption\":\"Le Petit Epicurien\"},\"image\":{\"@id\":\"https:\\\/\\\/www.lepetitepicurien.com\\\/#\\\/schema\\\/logo\\\/image\\\/\"}}]}<\/script>\n<!-- \/ Yoast SEO plugin. -->","yoast_head_json":{"title":"Petites Rillettes de Porc Du Mans - 200g - Le Petit Epicurien","robots":{"index":"index","follow":"follow","max-snippet":"max-snippet:-1","max-image-preview":"max-image-preview:large","max-video-preview":"max-video-preview:-1"},"canonical":"https:\/\/www.lepetitepicurien.com\/fr\/produit\/petites-rillettes-du-mans-200g\/","og_locale":"fr_FR","og_type":"article","og_title":"Small Pork Rillettes Du Mans - 200g\/7.05oz - Le Petit Epicurien","og_description":"The authentic Le Mans\u00a0Rillettes\u00a0have become a classic of friendly parties in the Pays de la Loire region. With a smooth texture similar to\u00a0p\u00e2t\u00e9\u00a0or\u00a0terrine, theRillette\u00a0is widely eaten as a appetizer - spread on a crisp slice of French bread - or in sandwiches for snacking. The original\u00a0recette de Rillette\u00a0from Le Mans, based on pork meat, is one of the most traditional recipes in France.","og_url":"https:\/\/www.lepetitepicurien.com\/fr\/produit\/petites-rillettes-du-mans-200g\/","og_site_name":"Le Petit Epicurien","article_modified_time":"2025-04-03T01:31:24+00:00","og_image":[{"width":1200,"height":1200,"url":"https:\/\/www.lepetitepicurien.com\/wp-content\/uploads\/2024\/08\/pork-rillettes.jpg","type":"image\/jpeg"}],"twitter_card":"summary_large_image","twitter_misc":{"Dur\u00e9e de lecture estim\u00e9e":"1 minute"},"schema":{"@context":"https:\/\/schema.org","@graph":[{"@type":"WebPage","@id":"https:\/\/www.lepetitepicurien.com\/product\/small-rillettes-du-mans-200g-7-05oz\/","url":"https:\/\/www.lepetitepicurien.com\/product\/small-rillettes-du-mans-200g-7-05oz\/","name":"Petites Rillettes de Porc Du Mans - 200g - Le Petit Epicurien","isPartOf":{"@id":"https:\/\/www.lepetitepicurien.com\/#website"},"primaryImageOfPage":{"@id":"https:\/\/www.lepetitepicurien.com\/product\/small-rillettes-du-mans-200g-7-05oz\/#primaryimage"},"image":{"@id":"https:\/\/www.lepetitepicurien.com\/product\/small-rillettes-du-mans-200g-7-05oz\/#primaryimage"},"thumbnailUrl":"https:\/\/www.lepetitepicurien.com\/wp-content\/uploads\/2024\/08\/pork-rillettes.jpg","datePublished":"2024-08-15T02:48:57+00:00","dateModified":"2025-04-03T01:31:24+00:00","breadcrumb":{"@id":"https:\/\/www.lepetitepicurien.com\/product\/small-rillettes-du-mans-200g-7-05oz\/#breadcrumb"},"inLanguage":"fr-FR","potentialAction":[{"@type":"ReadAction","target":["https:\/\/www.lepetitepicurien.com\/product\/small-rillettes-du-mans-200g-7-05oz\/"]}]},{"@type":"ImageObject","inLanguage":"fr-FR","@id":"https:\/\/www.lepetitepicurien.com\/product\/small-rillettes-du-mans-200g-7-05oz\/#primaryimage","url":"https:\/\/www.lepetitepicurien.com\/wp-content\/uploads\/2024\/08\/pork-rillettes.jpg","contentUrl":"https:\/\/www.lepetitepicurien.com\/wp-content\/uploads\/2024\/08\/pork-rillettes.jpg","width":1200,"height":1200},{"@type":"BreadcrumbList","@id":"https:\/\/www.lepetitepicurien.com\/product\/small-rillettes-du-mans-200g-7-05oz\/#breadcrumb","itemListElement":[{"@type":"ListItem","position":1,"name":"Home","item":"https:\/\/www.lepetitepicurien.com\/"},{"@type":"ListItem","position":2,"name":"Shop","item":"https:\/\/www.lepetitepicurien.com\/shop\/"},{"@type":"ListItem","position":3,"name":"Small Pork Rillettes Du Mans &#8211; 200g\/7.05oz"}]},{"@type":"WebSite","@id":"https:\/\/www.lepetitepicurien.com\/#website","url":"https:\/\/www.lepetitepicurien.com\/","name":"Le Petit \u00c9picurien","description":"\u00c9picerie en ligne pour la gastronomie europ\u00e9enne","publisher":{"@id":"https:\/\/www.lepetitepicurien.com\/#organization"},"potentialAction":[{"@type":"SearchAction","target":{"@type":"EntryPoint","urlTemplate":"https:\/\/www.lepetitepicurien.com\/?s={search_term_string}"},"query-input":{"@type":"PropertyValueSpecification","valueRequired":true,"valueName":"search_term_string"}}],"inLanguage":"fr-FR"},{"@type":"Organization","@id":"https:\/\/www.lepetitepicurien.com\/#organization","name":"Le Petit \u00c9picurien","url":"https:\/\/www.lepetitepicurien.com\/","logo":{"@type":"ImageObject","inLanguage":"fr-FR","@id":"https:\/\/www.lepetitepicurien.com\/#\/schema\/logo\/image\/","url":"https:\/\/www.lepetitepicurien.com\/wp-content\/uploads\/2024\/03\/logo.png","contentUrl":"https:\/\/www.lepetitepicurien.com\/wp-content\/uploads\/2024\/03\/logo.png","width":1024,"height":1024,"caption":"Le Petit Epicurien"},"image":{"@id":"https:\/\/www.lepetitepicurien.com\/#\/schema\/logo\/image\/"}}]}},"jetpack_sharing_enabled":true,"_links":{"self":[{"href":"http:\/\/www.lepetitepicurien.com\/fr\/wp-json\/wp\/v2\/product\/587","targetHints":{"allow":["GET"]}}],"collection":[{"href":"http:\/\/www.lepetitepicurien.com\/fr\/wp-json\/wp\/v2\/product"}],"about":[{"href":"http:\/\/www.lepetitepicurien.com\/fr\/wp-json\/wp\/v2\/types\/product"}],"wp:featuredmedia":[{"embeddable":true,"href":"http:\/\/www.lepetitepicurien.com\/fr\/wp-json\/wp\/v2\/media\/694"}],"wp:attachment":[{"href":"http:\/\/www.lepetitepicurien.com\/fr\/wp-json\/wp\/v2\/media?parent=587"}],"wp:term":[{"taxonomy":"product_brand","embeddable":true,"href":"http:\/\/www.lepetitepicurien.com\/fr\/wp-json\/wp\/v2\/product_brand?post=587"},{"taxonomy":"product_cat","embeddable":true,"href":"http:\/\/www.lepetitepicurien.com\/fr\/wp-json\/wp\/v2\/product_cat?post=587"},{"taxonomy":"product_tag","embeddable":true,"href":"http:\/\/www.lepetitepicurien.com\/fr\/wp-json\/wp\/v2\/product_tag?post=587"}],"curies":[{"name":"wp","href":"https:\/\/api.w.org\/{rel}","templated":true}]}}