{"id":589,"date":"2024-08-14T22:48:58","date_gmt":"2024-08-15T02:48:58","guid":{"rendered":"https:\/\/www.lepetitepicurien.com\/?post_type=product&#038;p=589"},"modified":"2026-03-07T09:22:06","modified_gmt":"2026-03-07T14:22:06","slug":"small-pate-campagne-with-black-pepper-200g-7-05oz","status":"publish","type":"product","link":"http:\/\/www.lepetitepicurien.com\/fr\/product\/small-pate-campagne-with-black-pepper-200g-7-05oz\/","title":{"rendered":"Petit P\u00e2t\u00e9 de Campagne au Poivre Noir \u2013 200g\/7.05oz"},"content":{"rendered":"<p>Le p\u00e2t\u00e9 de campagne se d\u00e9cline sous de nombreuses formes. Il s&#039;agit essentiellement d&#039;un m\u00e9lange de viandes hach\u00e9es : le porc et le veau sont classiques, parfois avec du jambon, ou comme dans cette recette, du bacon, et toujours avec du foie. Contrairement au p\u00e2t\u00e9 de foie, le p\u00e2t\u00e9 de campagne utilise le foie comme ar\u00f4me, et non comme \u00e9l\u00e9ment central. Les viandes sont g\u00e9n\u00e9ralement hach\u00e9es ou broy\u00e9es avec un hachoir \u00e0 viande, pour obtenir la texture grossi\u00e8re caract\u00e9ristique d&#039;un p\u00e2t\u00e9 de campagne. Les \u00e9pices comprennent souvent de l&#039;ail, du thym, des clous de girofle, de la muscade, du macis, du gingembre, de la coriandre, de la cannelle et du poivre blanc ou noir, entre autres. Le p\u00e2t\u00e9 de campagne est servi froid, ce qui permet \u00e0 la journ\u00e9e de se solidifier et de d\u00e9velopper pleinement sa saveur, avec des cornichons et une bonne moutarde de Dijon ou du chutney comme accompagnements typiques, ainsi qu&#039;une baguette fran\u00e7aise<\/p>","protected":false},"excerpt":{"rendered":"<p>Un p\u00e2t\u00e9 de campagne aromatis\u00e9 au poivre noir. Baguette fran\u00e7aise traditionnelle, pain toscan, pain rustique et vin au choix. Le p\u00e2t\u00e9 de campagne, ou terrine de campagne, est une pr\u00e9paration rustique, l\u00e9g\u00e8rement plus raffin\u00e9e qu&#039;un p\u00e2t\u00e9 grand-m\u00e8re, principalement dans la mesure o\u00f9 il n&#039;utilise qu&#039;une petite quantit\u00e9 de foie - le foie est ici un assaisonnement plut\u00f4t que la saveur dominante.<\/p>","protected":false},"featured_media":689,"template":"","meta":[],"product_brand":[],"product_cat":[32],"product_tag":[],"class_list":{"0":"post-589","1":"product","2":"type-product","3":"status-publish","4":"has-post-thumbnail","6":"product_cat-delicatessen","7":"product_shipping_class-frozen","9":"first","10":"instock","11":"taxable","12":"shipping-taxable","13":"purchasable","14":"product-type-simple"},"yoast_head":"<!-- This site is optimized with the Yoast SEO plugin v27.5 - https:\/\/yoast.com\/product\/yoast-seo-wordpress\/ -->\n<title>Small Pate Campagne with Black Pepper - 200g\/7.05oz - Le Petit Epicurien<\/title>\n<meta name=\"robots\" content=\"index, follow, max-snippet:-1, max-image-preview:large, max-video-preview:-1\" \/>\n<link rel=\"canonical\" href=\"https:\/\/www.lepetitepicurien.com\/fr\/produit\/petit-pate-de-campagne-au-poivre-noir-200g\/\" \/>\n<meta property=\"og:locale\" content=\"fr_FR\" \/>\n<meta property=\"og:type\" content=\"article\" \/>\n<meta property=\"og:title\" content=\"Small Pate Campagne with Black Pepper - 200g\/7.05oz - Le Petit Epicurien\" \/>\n<meta property=\"og:description\" content=\"A country style p\u00e2t\u00e9 flavored with black pepper.Traditional French Baguette, Tuscan Bread, Rustic Bread and wine of choice.\u00a0\u00a0p\u00e2t\u00e9 de campagne, or country terrine, is a rustic preparation, slightly more refined than a p\u00e2t\u00e9 grandm\u00e8re mainly in that it uses only a small amount of liver\u2014liver is a seasoning device here rather than the dominant flavor.\" \/>\n<meta property=\"og:url\" content=\"https:\/\/www.lepetitepicurien.com\/fr\/produit\/petit-pate-de-campagne-au-poivre-noir-200g\/\" \/>\n<meta property=\"og:site_name\" content=\"Le Petit Epicurien\" \/>\n<meta property=\"article:modified_time\" content=\"2026-03-07T14:22:06+00:00\" \/>\n<meta property=\"og:image\" content=\"https:\/\/www.lepetitepicurien.com\/wp-content\/uploads\/2024\/08\/pate-black-pepper.jpg\" \/>\n\t<meta property=\"og:image:width\" content=\"1200\" \/>\n\t<meta property=\"og:image:height\" content=\"1200\" \/>\n\t<meta property=\"og:image:type\" content=\"image\/jpeg\" \/>\n<meta name=\"twitter:card\" content=\"summary_large_image\" \/>\n<meta name=\"twitter:label1\" content=\"Dur\u00e9e de lecture estim\u00e9e\" \/>\n\t<meta name=\"twitter:data1\" content=\"1 minute\" \/>\n<script type=\"application\/ld+json\" class=\"yoast-schema-graph\">{\"@context\":\"https:\\\/\\\/schema.org\",\"@graph\":[{\"@type\":\"WebPage\",\"@id\":\"https:\\\/\\\/www.lepetitepicurien.com\\\/product\\\/small-pate-campagne-with-black-pepper-200g-7-05oz\\\/\",\"url\":\"https:\\\/\\\/www.lepetitepicurien.com\\\/product\\\/small-pate-campagne-with-black-pepper-200g-7-05oz\\\/\",\"name\":\"Small Pate Campagne with Black Pepper - 200g\\\/7.05oz - Le Petit Epicurien\",\"isPartOf\":{\"@id\":\"https:\\\/\\\/www.lepetitepicurien.com\\\/#website\"},\"primaryImageOfPage\":{\"@id\":\"https:\\\/\\\/www.lepetitepicurien.com\\\/product\\\/small-pate-campagne-with-black-pepper-200g-7-05oz\\\/#primaryimage\"},\"image\":{\"@id\":\"https:\\\/\\\/www.lepetitepicurien.com\\\/product\\\/small-pate-campagne-with-black-pepper-200g-7-05oz\\\/#primaryimage\"},\"thumbnailUrl\":\"https:\\\/\\\/www.lepetitepicurien.com\\\/wp-content\\\/uploads\\\/2024\\\/08\\\/pate-black-pepper.jpg\",\"datePublished\":\"2024-08-15T02:48:58+00:00\",\"dateModified\":\"2026-03-07T14:22:06+00:00\",\"breadcrumb\":{\"@id\":\"https:\\\/\\\/www.lepetitepicurien.com\\\/product\\\/small-pate-campagne-with-black-pepper-200g-7-05oz\\\/#breadcrumb\"},\"inLanguage\":\"fr-FR\",\"potentialAction\":[{\"@type\":\"ReadAction\",\"target\":[\"https:\\\/\\\/www.lepetitepicurien.com\\\/product\\\/small-pate-campagne-with-black-pepper-200g-7-05oz\\\/\"]}]},{\"@type\":\"ImageObject\",\"inLanguage\":\"fr-FR\",\"@id\":\"https:\\\/\\\/www.lepetitepicurien.com\\\/product\\\/small-pate-campagne-with-black-pepper-200g-7-05oz\\\/#primaryimage\",\"url\":\"https:\\\/\\\/www.lepetitepicurien.com\\\/wp-content\\\/uploads\\\/2024\\\/08\\\/pate-black-pepper.jpg\",\"contentUrl\":\"https:\\\/\\\/www.lepetitepicurien.com\\\/wp-content\\\/uploads\\\/2024\\\/08\\\/pate-black-pepper.jpg\",\"width\":1200,\"height\":1200},{\"@type\":\"BreadcrumbList\",\"@id\":\"https:\\\/\\\/www.lepetitepicurien.com\\\/product\\\/small-pate-campagne-with-black-pepper-200g-7-05oz\\\/#breadcrumb\",\"itemListElement\":[{\"@type\":\"ListItem\",\"position\":1,\"name\":\"Home\",\"item\":\"https:\\\/\\\/www.lepetitepicurien.com\\\/\"},{\"@type\":\"ListItem\",\"position\":2,\"name\":\"Shop\",\"item\":\"https:\\\/\\\/www.lepetitepicurien.com\\\/shop\\\/\"},{\"@type\":\"ListItem\",\"position\":3,\"name\":\"Small Pate Campagne with Black Pepper &#8211; 200g\\\/7.05oz\"}]},{\"@type\":\"WebSite\",\"@id\":\"https:\\\/\\\/www.lepetitepicurien.com\\\/#website\",\"url\":\"https:\\\/\\\/www.lepetitepicurien.com\\\/\",\"name\":\"Le Petit Epicurien\",\"description\":\"Online Grocery for European Gourmet Food\",\"publisher\":{\"@id\":\"https:\\\/\\\/www.lepetitepicurien.com\\\/#organization\"},\"potentialAction\":[{\"@type\":\"SearchAction\",\"target\":{\"@type\":\"EntryPoint\",\"urlTemplate\":\"https:\\\/\\\/www.lepetitepicurien.com\\\/?s={search_term_string}\"},\"query-input\":{\"@type\":\"PropertyValueSpecification\",\"valueRequired\":true,\"valueName\":\"search_term_string\"}}],\"inLanguage\":\"fr-FR\"},{\"@type\":\"Organization\",\"@id\":\"https:\\\/\\\/www.lepetitepicurien.com\\\/#organization\",\"name\":\"Le Petit Epicurien\",\"url\":\"https:\\\/\\\/www.lepetitepicurien.com\\\/\",\"logo\":{\"@type\":\"ImageObject\",\"inLanguage\":\"fr-FR\",\"@id\":\"https:\\\/\\\/www.lepetitepicurien.com\\\/#\\\/schema\\\/logo\\\/image\\\/\",\"url\":\"https:\\\/\\\/www.lepetitepicurien.com\\\/wp-content\\\/uploads\\\/2024\\\/03\\\/logo.png\",\"contentUrl\":\"https:\\\/\\\/www.lepetitepicurien.com\\\/wp-content\\\/uploads\\\/2024\\\/03\\\/logo.png\",\"width\":1024,\"height\":1024,\"caption\":\"Le Petit Epicurien\"},\"image\":{\"@id\":\"https:\\\/\\\/www.lepetitepicurien.com\\\/#\\\/schema\\\/logo\\\/image\\\/\"}}]}<\/script>\n<!-- \/ Yoast SEO plugin. -->","yoast_head_json":{"title":"Petit P\u00e2t\u00e9 de Campagne au Poivre Noir - 200g - Le Petit Epicurien","robots":{"index":"index","follow":"follow","max-snippet":"max-snippet:-1","max-image-preview":"max-image-preview:large","max-video-preview":"max-video-preview:-1"},"canonical":"https:\/\/www.lepetitepicurien.com\/fr\/produit\/petit-pate-de-campagne-au-poivre-noir-200g\/","og_locale":"fr_FR","og_type":"article","og_title":"Small Pate Campagne with Black Pepper - 200g\/7.05oz - Le Petit Epicurien","og_description":"A country style p\u00e2t\u00e9 flavored with black pepper.Traditional French Baguette, Tuscan Bread, Rustic Bread and wine of choice.\u00a0\u00a0p\u00e2t\u00e9 de campagne, or country terrine, is a rustic preparation, slightly more refined than a p\u00e2t\u00e9 grandm\u00e8re mainly in that it uses only a small amount of liver\u2014liver is a seasoning device here rather than the dominant flavor.","og_url":"https:\/\/www.lepetitepicurien.com\/fr\/produit\/petit-pate-de-campagne-au-poivre-noir-200g\/","og_site_name":"Le Petit Epicurien","article_modified_time":"2026-03-07T14:22:06+00:00","og_image":[{"width":1200,"height":1200,"url":"https:\/\/www.lepetitepicurien.com\/wp-content\/uploads\/2024\/08\/pate-black-pepper.jpg","type":"image\/jpeg"}],"twitter_card":"summary_large_image","twitter_misc":{"Dur\u00e9e de lecture estim\u00e9e":"1 minute"},"schema":{"@context":"https:\/\/schema.org","@graph":[{"@type":"WebPage","@id":"https:\/\/www.lepetitepicurien.com\/product\/small-pate-campagne-with-black-pepper-200g-7-05oz\/","url":"https:\/\/www.lepetitepicurien.com\/product\/small-pate-campagne-with-black-pepper-200g-7-05oz\/","name":"Petit P\u00e2t\u00e9 de Campagne au Poivre Noir - 200g - Le Petit Epicurien","isPartOf":{"@id":"https:\/\/www.lepetitepicurien.com\/#website"},"primaryImageOfPage":{"@id":"https:\/\/www.lepetitepicurien.com\/product\/small-pate-campagne-with-black-pepper-200g-7-05oz\/#primaryimage"},"image":{"@id":"https:\/\/www.lepetitepicurien.com\/product\/small-pate-campagne-with-black-pepper-200g-7-05oz\/#primaryimage"},"thumbnailUrl":"https:\/\/www.lepetitepicurien.com\/wp-content\/uploads\/2024\/08\/pate-black-pepper.jpg","datePublished":"2024-08-15T02:48:58+00:00","dateModified":"2026-03-07T14:22:06+00:00","breadcrumb":{"@id":"https:\/\/www.lepetitepicurien.com\/product\/small-pate-campagne-with-black-pepper-200g-7-05oz\/#breadcrumb"},"inLanguage":"fr-FR","potentialAction":[{"@type":"ReadAction","target":["https:\/\/www.lepetitepicurien.com\/product\/small-pate-campagne-with-black-pepper-200g-7-05oz\/"]}]},{"@type":"ImageObject","inLanguage":"fr-FR","@id":"https:\/\/www.lepetitepicurien.com\/product\/small-pate-campagne-with-black-pepper-200g-7-05oz\/#primaryimage","url":"https:\/\/www.lepetitepicurien.com\/wp-content\/uploads\/2024\/08\/pate-black-pepper.jpg","contentUrl":"https:\/\/www.lepetitepicurien.com\/wp-content\/uploads\/2024\/08\/pate-black-pepper.jpg","width":1200,"height":1200},{"@type":"BreadcrumbList","@id":"https:\/\/www.lepetitepicurien.com\/product\/small-pate-campagne-with-black-pepper-200g-7-05oz\/#breadcrumb","itemListElement":[{"@type":"ListItem","position":1,"name":"Home","item":"https:\/\/www.lepetitepicurien.com\/"},{"@type":"ListItem","position":2,"name":"Shop","item":"https:\/\/www.lepetitepicurien.com\/shop\/"},{"@type":"ListItem","position":3,"name":"Small Pate Campagne with Black Pepper &#8211; 200g\/7.05oz"}]},{"@type":"WebSite","@id":"https:\/\/www.lepetitepicurien.com\/#website","url":"https:\/\/www.lepetitepicurien.com\/","name":"Le Petit \u00c9picurien","description":"\u00c9picerie en ligne pour la gastronomie europ\u00e9enne","publisher":{"@id":"https:\/\/www.lepetitepicurien.com\/#organization"},"potentialAction":[{"@type":"SearchAction","target":{"@type":"EntryPoint","urlTemplate":"https:\/\/www.lepetitepicurien.com\/?s={search_term_string}"},"query-input":{"@type":"PropertyValueSpecification","valueRequired":true,"valueName":"search_term_string"}}],"inLanguage":"fr-FR"},{"@type":"Organization","@id":"https:\/\/www.lepetitepicurien.com\/#organization","name":"Le Petit \u00c9picurien","url":"https:\/\/www.lepetitepicurien.com\/","logo":{"@type":"ImageObject","inLanguage":"fr-FR","@id":"https:\/\/www.lepetitepicurien.com\/#\/schema\/logo\/image\/","url":"https:\/\/www.lepetitepicurien.com\/wp-content\/uploads\/2024\/03\/logo.png","contentUrl":"https:\/\/www.lepetitepicurien.com\/wp-content\/uploads\/2024\/03\/logo.png","width":1024,"height":1024,"caption":"Le Petit Epicurien"},"image":{"@id":"https:\/\/www.lepetitepicurien.com\/#\/schema\/logo\/image\/"}}]}},"jetpack_sharing_enabled":true,"_links":{"self":[{"href":"http:\/\/www.lepetitepicurien.com\/fr\/wp-json\/wp\/v2\/product\/589","targetHints":{"allow":["GET"]}}],"collection":[{"href":"http:\/\/www.lepetitepicurien.com\/fr\/wp-json\/wp\/v2\/product"}],"about":[{"href":"http:\/\/www.lepetitepicurien.com\/fr\/wp-json\/wp\/v2\/types\/product"}],"wp:featuredmedia":[{"embeddable":true,"href":"http:\/\/www.lepetitepicurien.com\/fr\/wp-json\/wp\/v2\/media\/689"}],"wp:attachment":[{"href":"http:\/\/www.lepetitepicurien.com\/fr\/wp-json\/wp\/v2\/media?parent=589"}],"wp:term":[{"taxonomy":"product_brand","embeddable":true,"href":"http:\/\/www.lepetitepicurien.com\/fr\/wp-json\/wp\/v2\/product_brand?post=589"},{"taxonomy":"product_cat","embeddable":true,"href":"http:\/\/www.lepetitepicurien.com\/fr\/wp-json\/wp\/v2\/product_cat?post=589"},{"taxonomy":"product_tag","embeddable":true,"href":"http:\/\/www.lepetitepicurien.com\/fr\/wp-json\/wp\/v2\/product_tag?post=589"}],"curies":[{"name":"wp","href":"https:\/\/api.w.org\/{rel}","templated":true}]}}