{"id":613,"date":"2024-08-14T22:49:10","date_gmt":"2024-08-15T02:49:10","guid":{"rendered":"https:\/\/www.lepetitepicurien.com\/?post_type=product&#038;p=613"},"modified":"2025-12-18T11:07:41","modified_gmt":"2025-12-18T16:07:41","slug":"duck-foie-gras-lobe-grade-a-rougie","status":"publish","type":"product","link":"http:\/\/www.lepetitepicurien.com\/fr\/product\/duck-foie-gras-lobe-grade-a-rougie\/","title":{"rendered":"Duck Foie Gras Lobe Grade A ROUGIE ~500g\/1.1lb"},"content":{"rendered":"<p>Fabriqu\u00e9 par les artisans de Hudson Valley Farms \u00e0 New York, ce foie de canard est un produit de premier ordre. Ils \u00e9l\u00e8vent, transforment et conditionnent leurs produits de canard Moulard dans le nord de l&#039;\u00c9tat de New York, dans un seul endroit, sous une surveillance stricte. Ce lobe velout\u00e9, lisse et sans d\u00e9faut est parfaitement adapt\u00e9 \u00e0 toute pr\u00e9paration de foie gras.<\/p>\n<p>Les d\u00e9lices somptueux sont d\u00e9finitivement cr\u00e9\u00e9s avec le foie gras de haute qualit\u00e9 dans le cadre des \u00e9pices, des herbes aromatiques et de l&#039;Armagnac combin\u00e9s \u00e0 la douce texture pastel.<\/p>","protected":false},"excerpt":{"rendered":"<p>Utilis\u00e9 par le chef \u00e9toil\u00e9 Gregory Pugin pour sa terrine de foie gras signature \u2013 Restaurant fran\u00e7ais Palme d&#039;Or de l&#039;h\u00f4tel Biltmore \u2013 Coral Gables, FL.<\/p>\n<p>Le Foie Gras le plus raffin\u00e9 de tous les types existants.<\/p>","protected":false},"featured_media":688,"template":"","meta":[],"product_brand":[],"product_cat":[31],"product_tag":[],"class_list":{"0":"post-613","1":"product","2":"type-product","3":"status-publish","4":"has-post-thumbnail","6":"product_cat-duck-foie-gras","7":"product_shipping_class-frozen","9":"first","10":"instock","11":"taxable","12":"shipping-taxable","13":"purchasable","14":"product-type-simple"},"yoast_head":"<!-- This site is optimized with the Yoast SEO plugin v27.4 - https:\/\/yoast.com\/product\/yoast-seo-wordpress\/ -->\n<title>Duck Foie Gras Lobe Grade A ROUGIE ~500g\/1.1lb - Le Petit Epicurien<\/title>\n<meta name=\"description\" content=\"Best Quality Foie Gras Grade A, ideal to cook your own terrine mi-cuit or cuit. Used by many private Chef in Miami, sourced from French Quebec.\" \/>\n<meta name=\"robots\" content=\"index, follow, max-snippet:-1, max-image-preview:large, max-video-preview:-1\" \/>\n<link rel=\"canonical\" href=\"https:\/\/www.lepetitepicurien.com\/fr\/produit\/foie-gras-de-canard-lobe-categorie-a-rougie-650g-1-5lb\/\" \/>\n<meta property=\"og:locale\" content=\"fr_FR\" \/>\n<meta property=\"og:type\" content=\"article\" \/>\n<meta property=\"og:title\" content=\"Duck Foie Gras Lobe Grade A ROUGIE ~500g\/1.1lb - Le Petit Epicurien\" \/>\n<meta property=\"og:description\" content=\"Best Quality Foie Gras Grade A, ideal to cook your own terrine mi-cuit or cuit. Used by many private Chef in Miami, sourced from French Quebec.\" \/>\n<meta property=\"og:url\" content=\"https:\/\/www.lepetitepicurien.com\/fr\/produit\/foie-gras-de-canard-lobe-categorie-a-rougie-650g-1-5lb\/\" \/>\n<meta property=\"og:site_name\" content=\"Le Petit Epicurien\" \/>\n<meta property=\"article:modified_time\" content=\"2025-12-18T16:07:41+00:00\" \/>\n<meta property=\"og:image\" content=\"https:\/\/www.lepetitepicurien.com\/wp-content\/uploads\/2024\/08\/rougie-duck-moulard.jpg\" \/>\n\t<meta property=\"og:image:width\" content=\"1500\" \/>\n\t<meta property=\"og:image:height\" content=\"1500\" \/>\n\t<meta property=\"og:image:type\" content=\"image\/jpeg\" \/>\n<meta name=\"twitter:card\" content=\"summary_large_image\" \/>\n<meta name=\"twitter:label1\" content=\"Dur\u00e9e de lecture estim\u00e9e\" \/>\n\t<meta name=\"twitter:data1\" content=\"1 minute\" \/>\n<script type=\"application\/ld+json\" class=\"yoast-schema-graph\">{\"@context\":\"https:\\\/\\\/schema.org\",\"@graph\":[{\"@type\":\"WebPage\",\"@id\":\"https:\\\/\\\/www.lepetitepicurien.com\\\/product\\\/duck-foie-gras-lobe-grade-a-rougie\\\/\",\"url\":\"https:\\\/\\\/www.lepetitepicurien.com\\\/product\\\/duck-foie-gras-lobe-grade-a-rougie\\\/\",\"name\":\"Duck Foie Gras Lobe Grade A ROUGIE ~500g\\\/1.1lb - Le Petit Epicurien\",\"isPartOf\":{\"@id\":\"https:\\\/\\\/www.lepetitepicurien.com\\\/#website\"},\"primaryImageOfPage\":{\"@id\":\"https:\\\/\\\/www.lepetitepicurien.com\\\/product\\\/duck-foie-gras-lobe-grade-a-rougie\\\/#primaryimage\"},\"image\":{\"@id\":\"https:\\\/\\\/www.lepetitepicurien.com\\\/product\\\/duck-foie-gras-lobe-grade-a-rougie\\\/#primaryimage\"},\"thumbnailUrl\":\"https:\\\/\\\/www.lepetitepicurien.com\\\/wp-content\\\/uploads\\\/2024\\\/08\\\/rougie-duck-moulard.jpg\",\"datePublished\":\"2024-08-15T02:49:10+00:00\",\"dateModified\":\"2025-12-18T16:07:41+00:00\",\"description\":\"Best Quality Foie Gras Grade A, ideal to cook your own terrine mi-cuit or cuit. Used by many private Chef in Miami, sourced from French Quebec.\",\"breadcrumb\":{\"@id\":\"https:\\\/\\\/www.lepetitepicurien.com\\\/product\\\/duck-foie-gras-lobe-grade-a-rougie\\\/#breadcrumb\"},\"inLanguage\":\"fr-FR\",\"potentialAction\":[{\"@type\":\"ReadAction\",\"target\":[\"https:\\\/\\\/www.lepetitepicurien.com\\\/product\\\/duck-foie-gras-lobe-grade-a-rougie\\\/\"]}]},{\"@type\":\"ImageObject\",\"inLanguage\":\"fr-FR\",\"@id\":\"https:\\\/\\\/www.lepetitepicurien.com\\\/product\\\/duck-foie-gras-lobe-grade-a-rougie\\\/#primaryimage\",\"url\":\"https:\\\/\\\/www.lepetitepicurien.com\\\/wp-content\\\/uploads\\\/2024\\\/08\\\/rougie-duck-moulard.jpg\",\"contentUrl\":\"https:\\\/\\\/www.lepetitepicurien.com\\\/wp-content\\\/uploads\\\/2024\\\/08\\\/rougie-duck-moulard.jpg\",\"width\":1500,\"height\":1500},{\"@type\":\"BreadcrumbList\",\"@id\":\"https:\\\/\\\/www.lepetitepicurien.com\\\/product\\\/duck-foie-gras-lobe-grade-a-rougie\\\/#breadcrumb\",\"itemListElement\":[{\"@type\":\"ListItem\",\"position\":1,\"name\":\"Home\",\"item\":\"https:\\\/\\\/www.lepetitepicurien.com\\\/\"},{\"@type\":\"ListItem\",\"position\":2,\"name\":\"Shop\",\"item\":\"https:\\\/\\\/www.lepetitepicurien.com\\\/shop\\\/\"},{\"@type\":\"ListItem\",\"position\":3,\"name\":\"Duck Foie Gras Lobe Grade A ROUGIE ~500g\\\/1.1lb\"}]},{\"@type\":\"WebSite\",\"@id\":\"https:\\\/\\\/www.lepetitepicurien.com\\\/#website\",\"url\":\"https:\\\/\\\/www.lepetitepicurien.com\\\/\",\"name\":\"Le Petit Epicurien\",\"description\":\"Online Grocery for European Gourmet Food\",\"publisher\":{\"@id\":\"https:\\\/\\\/www.lepetitepicurien.com\\\/#organization\"},\"potentialAction\":[{\"@type\":\"SearchAction\",\"target\":{\"@type\":\"EntryPoint\",\"urlTemplate\":\"https:\\\/\\\/www.lepetitepicurien.com\\\/?s={search_term_string}\"},\"query-input\":{\"@type\":\"PropertyValueSpecification\",\"valueRequired\":true,\"valueName\":\"search_term_string\"}}],\"inLanguage\":\"fr-FR\"},{\"@type\":\"Organization\",\"@id\":\"https:\\\/\\\/www.lepetitepicurien.com\\\/#organization\",\"name\":\"Le Petit Epicurien\",\"url\":\"https:\\\/\\\/www.lepetitepicurien.com\\\/\",\"logo\":{\"@type\":\"ImageObject\",\"inLanguage\":\"fr-FR\",\"@id\":\"https:\\\/\\\/www.lepetitepicurien.com\\\/#\\\/schema\\\/logo\\\/image\\\/\",\"url\":\"https:\\\/\\\/www.lepetitepicurien.com\\\/wp-content\\\/uploads\\\/2024\\\/03\\\/logo.png\",\"contentUrl\":\"https:\\\/\\\/www.lepetitepicurien.com\\\/wp-content\\\/uploads\\\/2024\\\/03\\\/logo.png\",\"width\":1024,\"height\":1024,\"caption\":\"Le Petit Epicurien\"},\"image\":{\"@id\":\"https:\\\/\\\/www.lepetitepicurien.com\\\/#\\\/schema\\\/logo\\\/image\\\/\"}}]}<\/script>\n<!-- \/ Yoast SEO plugin. -->","yoast_head_json":{"title":"Duck Foie Gras Lobe Grade A ROUGIE ~500g\/1.1lb - Le Petit Epicurien","description":"Best Quality Foie Gras Grade A, ideal to cook your own terrine mi-cuit or cuit. Used by many private Chef in Miami, sourced from French Quebec.","robots":{"index":"index","follow":"follow","max-snippet":"max-snippet:-1","max-image-preview":"max-image-preview:large","max-video-preview":"max-video-preview:-1"},"canonical":"https:\/\/www.lepetitepicurien.com\/fr\/produit\/foie-gras-de-canard-lobe-categorie-a-rougie-650g-1-5lb\/","og_locale":"fr_FR","og_type":"article","og_title":"Duck Foie Gras Lobe Grade A ROUGIE ~500g\/1.1lb - Le Petit Epicurien","og_description":"Best Quality Foie Gras Grade A, ideal to cook your own terrine mi-cuit or cuit. Used by many private Chef in Miami, sourced from French Quebec.","og_url":"https:\/\/www.lepetitepicurien.com\/fr\/produit\/foie-gras-de-canard-lobe-categorie-a-rougie-650g-1-5lb\/","og_site_name":"Le Petit Epicurien","article_modified_time":"2025-12-18T16:07:41+00:00","og_image":[{"width":1500,"height":1500,"url":"https:\/\/www.lepetitepicurien.com\/wp-content\/uploads\/2024\/08\/rougie-duck-moulard.jpg","type":"image\/jpeg"}],"twitter_card":"summary_large_image","twitter_misc":{"Dur\u00e9e de lecture estim\u00e9e":"1 minute"},"schema":{"@context":"https:\/\/schema.org","@graph":[{"@type":"WebPage","@id":"https:\/\/www.lepetitepicurien.com\/product\/duck-foie-gras-lobe-grade-a-rougie\/","url":"https:\/\/www.lepetitepicurien.com\/product\/duck-foie-gras-lobe-grade-a-rougie\/","name":"Duck Foie Gras Lobe Grade A ROUGIE ~500g\/1.1lb - Le Petit Epicurien","isPartOf":{"@id":"https:\/\/www.lepetitepicurien.com\/#website"},"primaryImageOfPage":{"@id":"https:\/\/www.lepetitepicurien.com\/product\/duck-foie-gras-lobe-grade-a-rougie\/#primaryimage"},"image":{"@id":"https:\/\/www.lepetitepicurien.com\/product\/duck-foie-gras-lobe-grade-a-rougie\/#primaryimage"},"thumbnailUrl":"https:\/\/www.lepetitepicurien.com\/wp-content\/uploads\/2024\/08\/rougie-duck-moulard.jpg","datePublished":"2024-08-15T02:49:10+00:00","dateModified":"2025-12-18T16:07:41+00:00","description":"Best Quality Foie Gras Grade A, ideal to cook your own terrine mi-cuit or cuit. Used by many private Chef in Miami, sourced from French Quebec.","breadcrumb":{"@id":"https:\/\/www.lepetitepicurien.com\/product\/duck-foie-gras-lobe-grade-a-rougie\/#breadcrumb"},"inLanguage":"fr-FR","potentialAction":[{"@type":"ReadAction","target":["https:\/\/www.lepetitepicurien.com\/product\/duck-foie-gras-lobe-grade-a-rougie\/"]}]},{"@type":"ImageObject","inLanguage":"fr-FR","@id":"https:\/\/www.lepetitepicurien.com\/product\/duck-foie-gras-lobe-grade-a-rougie\/#primaryimage","url":"https:\/\/www.lepetitepicurien.com\/wp-content\/uploads\/2024\/08\/rougie-duck-moulard.jpg","contentUrl":"https:\/\/www.lepetitepicurien.com\/wp-content\/uploads\/2024\/08\/rougie-duck-moulard.jpg","width":1500,"height":1500},{"@type":"BreadcrumbList","@id":"https:\/\/www.lepetitepicurien.com\/product\/duck-foie-gras-lobe-grade-a-rougie\/#breadcrumb","itemListElement":[{"@type":"ListItem","position":1,"name":"Home","item":"https:\/\/www.lepetitepicurien.com\/"},{"@type":"ListItem","position":2,"name":"Shop","item":"https:\/\/www.lepetitepicurien.com\/shop\/"},{"@type":"ListItem","position":3,"name":"Duck Foie Gras Lobe Grade A ROUGIE ~500g\/1.1lb"}]},{"@type":"WebSite","@id":"https:\/\/www.lepetitepicurien.com\/#website","url":"https:\/\/www.lepetitepicurien.com\/","name":"Le Petit \u00c9picurien","description":"\u00c9picerie en ligne pour la gastronomie europ\u00e9enne","publisher":{"@id":"https:\/\/www.lepetitepicurien.com\/#organization"},"potentialAction":[{"@type":"SearchAction","target":{"@type":"EntryPoint","urlTemplate":"https:\/\/www.lepetitepicurien.com\/?s={search_term_string}"},"query-input":{"@type":"PropertyValueSpecification","valueRequired":true,"valueName":"search_term_string"}}],"inLanguage":"fr-FR"},{"@type":"Organization","@id":"https:\/\/www.lepetitepicurien.com\/#organization","name":"Le Petit \u00c9picurien","url":"https:\/\/www.lepetitepicurien.com\/","logo":{"@type":"ImageObject","inLanguage":"fr-FR","@id":"https:\/\/www.lepetitepicurien.com\/#\/schema\/logo\/image\/","url":"https:\/\/www.lepetitepicurien.com\/wp-content\/uploads\/2024\/03\/logo.png","contentUrl":"https:\/\/www.lepetitepicurien.com\/wp-content\/uploads\/2024\/03\/logo.png","width":1024,"height":1024,"caption":"Le Petit Epicurien"},"image":{"@id":"https:\/\/www.lepetitepicurien.com\/#\/schema\/logo\/image\/"}}]}},"jetpack_sharing_enabled":true,"_links":{"self":[{"href":"http:\/\/www.lepetitepicurien.com\/fr\/wp-json\/wp\/v2\/product\/613","targetHints":{"allow":["GET"]}}],"collection":[{"href":"http:\/\/www.lepetitepicurien.com\/fr\/wp-json\/wp\/v2\/product"}],"about":[{"href":"http:\/\/www.lepetitepicurien.com\/fr\/wp-json\/wp\/v2\/types\/product"}],"wp:featuredmedia":[{"embeddable":true,"href":"http:\/\/www.lepetitepicurien.com\/fr\/wp-json\/wp\/v2\/media\/688"}],"wp:attachment":[{"href":"http:\/\/www.lepetitepicurien.com\/fr\/wp-json\/wp\/v2\/media?parent=613"}],"wp:term":[{"taxonomy":"product_brand","embeddable":true,"href":"http:\/\/www.lepetitepicurien.com\/fr\/wp-json\/wp\/v2\/product_brand?post=613"},{"taxonomy":"product_cat","embeddable":true,"href":"http:\/\/www.lepetitepicurien.com\/fr\/wp-json\/wp\/v2\/product_cat?post=613"},{"taxonomy":"product_tag","embeddable":true,"href":"http:\/\/www.lepetitepicurien.com\/fr\/wp-json\/wp\/v2\/product_tag?post=613"}],"curies":[{"name":"wp","href":"https:\/\/api.w.org\/{rel}","templated":true}]}}