{"id":621,"date":"2024-08-14T22:49:11","date_gmt":"2024-08-15T02:49:11","guid":{"rendered":"https:\/\/www.lepetitepicurien.com\/?post_type=product&#038;p=621"},"modified":"2025-11-25T12:48:31","modified_gmt":"2025-11-25T17:48:31","slug":"butter-echire-salted-30g-1-06oz-pack-of-10","status":"publish","type":"product","link":"https:\/\/www.lepetitepicurien.com\/fr\/product\/butter-echire-salted-30g-1-06oz-pack-of-10\/","title":{"rendered":"Beurre Echir\u00e9 Sal\u00e9 \u2013 30g\/1.06oz \u2013 paquet de 10"},"content":{"rendered":"<p>Le beurre Echir\u00e9 Sal\u00e9 (30g) est un beurre fran\u00e7ais haut de gamme connu pour sa texture riche et cr\u00e9meuse et sa saveur d\u00e9licate, produit dans le petit village d&#039;Echir\u00e9 dans la r\u00e9gion des Deux-S\u00e8vres en France. Fabriqu\u00e9 \u00e0 partir de lait de vache de la plus haute qualit\u00e9 et baratt\u00e9 selon des m\u00e9thodes traditionnelles, ce beurre est l\u00e9g\u00e8rement sal\u00e9 avec une pointe de sel de mer, ce qui rehausse sa douceur naturelle et le rend parfait pour tartiner sur du pain, cuire au four ou ajouter une touche gourmande \u00e0 vos plats pr\u00e9f\u00e9r\u00e9s. Sa production artisanale et sa disponibilit\u00e9 limit\u00e9e en font un produit de luxe recherch\u00e9 par les amateurs de cuisine.<\/p>","protected":false},"excerpt":{"rendered":"<p>Beurre Echir\u00e9 Sal\u00e9 (30g) paquet de 10.<\/p>","protected":false},"featured_media":674,"template":"","meta":[],"product_brand":[],"product_cat":[30],"product_tag":[],"class_list":{"0":"post-621","1":"product","2":"type-product","3":"status-publish","4":"has-post-thumbnail","6":"product_cat-cheeses","7":"product_shipping_class-cooler","9":"first","10":"outofstock","11":"taxable","12":"shipping-taxable","13":"purchasable","14":"product-type-simple"},"yoast_head":"<!-- This site is optimized with the Yoast SEO plugin v27.5 - https:\/\/yoast.com\/product\/yoast-seo-wordpress\/ -->\n<title>Butter Echir\u00e9 Salted - 30g\/1.06oz - pack of 10 - Le Petit Epicurien<\/title>\n<meta name=\"description\" content=\"Butter Echir\u00e9 Salted 30g is a premium French butter known for its rich, creamy texture and delicate flavor, produced in Echir\u00e9 in France.\" \/>\n<meta name=\"robots\" content=\"index, follow, max-snippet:-1, max-image-preview:large, max-video-preview:-1\" \/>\n<link rel=\"canonical\" href=\"https:\/\/www.lepetitepicurien.com\/fr\/produit\/beurre-echire-sale-30g-1-06oz-paquet-de-10\/\" \/>\n<meta property=\"og:locale\" content=\"fr_FR\" \/>\n<meta property=\"og:type\" content=\"article\" \/>\n<meta property=\"og:title\" content=\"Butter Echir\u00e9 Salted - 30g\/1.06oz - pack of 10 - Le Petit Epicurien\" \/>\n<meta property=\"og:description\" content=\"Butter Echir\u00e9 Salted 30g is a premium French butter known for its rich, creamy texture and delicate flavor, produced in Echir\u00e9 in France.\" \/>\n<meta property=\"og:url\" content=\"https:\/\/www.lepetitepicurien.com\/fr\/produit\/beurre-echire-sale-30g-1-06oz-paquet-de-10\/\" \/>\n<meta property=\"og:site_name\" content=\"Le Petit Epicurien\" \/>\n<meta property=\"article:modified_time\" content=\"2025-11-25T17:48:31+00:00\" \/>\n<meta property=\"og:image\" content=\"https:\/\/www.lepetitepicurien.com\/wp-content\/uploads\/2024\/08\/butter-echire-salted-30g.jpg\" \/>\n\t<meta property=\"og:image:width\" content=\"650\" \/>\n\t<meta property=\"og:image:height\" content=\"650\" \/>\n\t<meta property=\"og:image:type\" content=\"image\/jpeg\" \/>\n<meta name=\"twitter:card\" content=\"summary_large_image\" \/>\n<meta name=\"twitter:label1\" content=\"Dur\u00e9e de lecture estim\u00e9e\" \/>\n\t<meta name=\"twitter:data1\" content=\"1 minute\" \/>\n<script type=\"application\/ld+json\" class=\"yoast-schema-graph\">{\"@context\":\"https:\\\/\\\/schema.org\",\"@graph\":[{\"@type\":\"WebPage\",\"@id\":\"https:\\\/\\\/www.lepetitepicurien.com\\\/product\\\/butter-echire-salted-30g-1-06oz-pack-of-10\\\/\",\"url\":\"https:\\\/\\\/www.lepetitepicurien.com\\\/product\\\/butter-echire-salted-30g-1-06oz-pack-of-10\\\/\",\"name\":\"Butter Echir\u00e9 Salted - 30g\\\/1.06oz - pack of 10 - Le Petit Epicurien\",\"isPartOf\":{\"@id\":\"https:\\\/\\\/www.lepetitepicurien.com\\\/#website\"},\"primaryImageOfPage\":{\"@id\":\"https:\\\/\\\/www.lepetitepicurien.com\\\/product\\\/butter-echire-salted-30g-1-06oz-pack-of-10\\\/#primaryimage\"},\"image\":{\"@id\":\"https:\\\/\\\/www.lepetitepicurien.com\\\/product\\\/butter-echire-salted-30g-1-06oz-pack-of-10\\\/#primaryimage\"},\"thumbnailUrl\":\"https:\\\/\\\/www.lepetitepicurien.com\\\/wp-content\\\/uploads\\\/2024\\\/08\\\/butter-echire-salted-30g.jpg\",\"datePublished\":\"2024-08-15T02:49:11+00:00\",\"dateModified\":\"2025-11-25T17:48:31+00:00\",\"description\":\"Butter Echir\u00e9 Salted 30g is a premium French butter known for its rich, creamy texture and delicate flavor, produced in Echir\u00e9 in France.\",\"breadcrumb\":{\"@id\":\"https:\\\/\\\/www.lepetitepicurien.com\\\/product\\\/butter-echire-salted-30g-1-06oz-pack-of-10\\\/#breadcrumb\"},\"inLanguage\":\"fr-FR\",\"potentialAction\":[{\"@type\":\"ReadAction\",\"target\":[\"https:\\\/\\\/www.lepetitepicurien.com\\\/product\\\/butter-echire-salted-30g-1-06oz-pack-of-10\\\/\"]}]},{\"@type\":\"ImageObject\",\"inLanguage\":\"fr-FR\",\"@id\":\"https:\\\/\\\/www.lepetitepicurien.com\\\/product\\\/butter-echire-salted-30g-1-06oz-pack-of-10\\\/#primaryimage\",\"url\":\"https:\\\/\\\/www.lepetitepicurien.com\\\/wp-content\\\/uploads\\\/2024\\\/08\\\/butter-echire-salted-30g.jpg\",\"contentUrl\":\"https:\\\/\\\/www.lepetitepicurien.com\\\/wp-content\\\/uploads\\\/2024\\\/08\\\/butter-echire-salted-30g.jpg\",\"width\":650,\"height\":650},{\"@type\":\"BreadcrumbList\",\"@id\":\"https:\\\/\\\/www.lepetitepicurien.com\\\/product\\\/butter-echire-salted-30g-1-06oz-pack-of-10\\\/#breadcrumb\",\"itemListElement\":[{\"@type\":\"ListItem\",\"position\":1,\"name\":\"Home\",\"item\":\"https:\\\/\\\/www.lepetitepicurien.com\\\/\"},{\"@type\":\"ListItem\",\"position\":2,\"name\":\"Shop\",\"item\":\"https:\\\/\\\/www.lepetitepicurien.com\\\/shop\\\/\"},{\"@type\":\"ListItem\",\"position\":3,\"name\":\"Butter Echir\u00e9 Salted &#8211; 30g\\\/1.06oz &#8211; pack of 10\"}]},{\"@type\":\"WebSite\",\"@id\":\"https:\\\/\\\/www.lepetitepicurien.com\\\/#website\",\"url\":\"https:\\\/\\\/www.lepetitepicurien.com\\\/\",\"name\":\"Le Petit Epicurien\",\"description\":\"Online Grocery for European Gourmet Food\",\"publisher\":{\"@id\":\"https:\\\/\\\/www.lepetitepicurien.com\\\/#organization\"},\"potentialAction\":[{\"@type\":\"SearchAction\",\"target\":{\"@type\":\"EntryPoint\",\"urlTemplate\":\"https:\\\/\\\/www.lepetitepicurien.com\\\/?s={search_term_string}\"},\"query-input\":{\"@type\":\"PropertyValueSpecification\",\"valueRequired\":true,\"valueName\":\"search_term_string\"}}],\"inLanguage\":\"fr-FR\"},{\"@type\":\"Organization\",\"@id\":\"https:\\\/\\\/www.lepetitepicurien.com\\\/#organization\",\"name\":\"Le Petit Epicurien\",\"url\":\"https:\\\/\\\/www.lepetitepicurien.com\\\/\",\"logo\":{\"@type\":\"ImageObject\",\"inLanguage\":\"fr-FR\",\"@id\":\"https:\\\/\\\/www.lepetitepicurien.com\\\/#\\\/schema\\\/logo\\\/image\\\/\",\"url\":\"https:\\\/\\\/www.lepetitepicurien.com\\\/wp-content\\\/uploads\\\/2024\\\/03\\\/logo.png\",\"contentUrl\":\"https:\\\/\\\/www.lepetitepicurien.com\\\/wp-content\\\/uploads\\\/2024\\\/03\\\/logo.png\",\"width\":1024,\"height\":1024,\"caption\":\"Le Petit Epicurien\"},\"image\":{\"@id\":\"https:\\\/\\\/www.lepetitepicurien.com\\\/#\\\/schema\\\/logo\\\/image\\\/\"}}]}<\/script>\n<!-- \/ Yoast SEO plugin. -->","yoast_head_json":{"title":"Beurre Echir\u00e9 Sal\u00e9 - 30g - lot de 10 - Le Petit Epicurien","description":"Le Beurre Echir\u00e9 Sal\u00e9 30g est un beurre fran\u00e7ais haut de gamme connu pour sa texture riche et cr\u00e9meuse et sa saveur d\u00e9licate, produit \u00e0 Echir\u00e9 en France.","robots":{"index":"index","follow":"follow","max-snippet":"max-snippet:-1","max-image-preview":"max-image-preview:large","max-video-preview":"max-video-preview:-1"},"canonical":"https:\/\/www.lepetitepicurien.com\/fr\/produit\/beurre-echire-sale-30g-1-06oz-paquet-de-10\/","og_locale":"fr_FR","og_type":"article","og_title":"Butter Echir\u00e9 Salted - 30g\/1.06oz - pack of 10 - Le Petit Epicurien","og_description":"Butter Echir\u00e9 Salted 30g is a premium French butter known for its rich, creamy texture and delicate flavor, produced in Echir\u00e9 in France.","og_url":"https:\/\/www.lepetitepicurien.com\/fr\/produit\/beurre-echire-sale-30g-1-06oz-paquet-de-10\/","og_site_name":"Le Petit Epicurien","article_modified_time":"2025-11-25T17:48:31+00:00","og_image":[{"width":650,"height":650,"url":"https:\/\/www.lepetitepicurien.com\/wp-content\/uploads\/2024\/08\/butter-echire-salted-30g.jpg","type":"image\/jpeg"}],"twitter_card":"summary_large_image","twitter_misc":{"Dur\u00e9e de lecture estim\u00e9e":"1 minute"},"schema":{"@context":"https:\/\/schema.org","@graph":[{"@type":"WebPage","@id":"https:\/\/www.lepetitepicurien.com\/product\/butter-echire-salted-30g-1-06oz-pack-of-10\/","url":"https:\/\/www.lepetitepicurien.com\/product\/butter-echire-salted-30g-1-06oz-pack-of-10\/","name":"Beurre Echir\u00e9 Sal\u00e9 - 30g - lot de 10 - Le Petit Epicurien","isPartOf":{"@id":"https:\/\/www.lepetitepicurien.com\/#website"},"primaryImageOfPage":{"@id":"https:\/\/www.lepetitepicurien.com\/product\/butter-echire-salted-30g-1-06oz-pack-of-10\/#primaryimage"},"image":{"@id":"https:\/\/www.lepetitepicurien.com\/product\/butter-echire-salted-30g-1-06oz-pack-of-10\/#primaryimage"},"thumbnailUrl":"https:\/\/www.lepetitepicurien.com\/wp-content\/uploads\/2024\/08\/butter-echire-salted-30g.jpg","datePublished":"2024-08-15T02:49:11+00:00","dateModified":"2025-11-25T17:48:31+00:00","description":"Le Beurre Echir\u00e9 Sal\u00e9 30g est un beurre fran\u00e7ais haut de gamme connu pour sa texture riche et cr\u00e9meuse et sa saveur d\u00e9licate, produit \u00e0 Echir\u00e9 en France.","breadcrumb":{"@id":"https:\/\/www.lepetitepicurien.com\/product\/butter-echire-salted-30g-1-06oz-pack-of-10\/#breadcrumb"},"inLanguage":"fr-FR","potentialAction":[{"@type":"ReadAction","target":["https:\/\/www.lepetitepicurien.com\/product\/butter-echire-salted-30g-1-06oz-pack-of-10\/"]}]},{"@type":"ImageObject","inLanguage":"fr-FR","@id":"https:\/\/www.lepetitepicurien.com\/product\/butter-echire-salted-30g-1-06oz-pack-of-10\/#primaryimage","url":"https:\/\/www.lepetitepicurien.com\/wp-content\/uploads\/2024\/08\/butter-echire-salted-30g.jpg","contentUrl":"https:\/\/www.lepetitepicurien.com\/wp-content\/uploads\/2024\/08\/butter-echire-salted-30g.jpg","width":650,"height":650},{"@type":"BreadcrumbList","@id":"https:\/\/www.lepetitepicurien.com\/product\/butter-echire-salted-30g-1-06oz-pack-of-10\/#breadcrumb","itemListElement":[{"@type":"ListItem","position":1,"name":"Home","item":"https:\/\/www.lepetitepicurien.com\/"},{"@type":"ListItem","position":2,"name":"Shop","item":"https:\/\/www.lepetitepicurien.com\/shop\/"},{"@type":"ListItem","position":3,"name":"Butter Echir\u00e9 Salted &#8211; 30g\/1.06oz &#8211; pack of 10"}]},{"@type":"WebSite","@id":"https:\/\/www.lepetitepicurien.com\/#website","url":"https:\/\/www.lepetitepicurien.com\/","name":"Le Petit \u00c9picurien","description":"\u00c9picerie en ligne pour la gastronomie europ\u00e9enne","publisher":{"@id":"https:\/\/www.lepetitepicurien.com\/#organization"},"potentialAction":[{"@type":"SearchAction","target":{"@type":"EntryPoint","urlTemplate":"https:\/\/www.lepetitepicurien.com\/?s={search_term_string}"},"query-input":{"@type":"PropertyValueSpecification","valueRequired":true,"valueName":"search_term_string"}}],"inLanguage":"fr-FR"},{"@type":"Organization","@id":"https:\/\/www.lepetitepicurien.com\/#organization","name":"Le Petit \u00c9picurien","url":"https:\/\/www.lepetitepicurien.com\/","logo":{"@type":"ImageObject","inLanguage":"fr-FR","@id":"https:\/\/www.lepetitepicurien.com\/#\/schema\/logo\/image\/","url":"https:\/\/www.lepetitepicurien.com\/wp-content\/uploads\/2024\/03\/logo.png","contentUrl":"https:\/\/www.lepetitepicurien.com\/wp-content\/uploads\/2024\/03\/logo.png","width":1024,"height":1024,"caption":"Le Petit Epicurien"},"image":{"@id":"https:\/\/www.lepetitepicurien.com\/#\/schema\/logo\/image\/"}}]}},"jetpack_sharing_enabled":true,"_links":{"self":[{"href":"https:\/\/www.lepetitepicurien.com\/fr\/wp-json\/wp\/v2\/product\/621","targetHints":{"allow":["GET"]}}],"collection":[{"href":"https:\/\/www.lepetitepicurien.com\/fr\/wp-json\/wp\/v2\/product"}],"about":[{"href":"https:\/\/www.lepetitepicurien.com\/fr\/wp-json\/wp\/v2\/types\/product"}],"wp:featuredmedia":[{"embeddable":true,"href":"https:\/\/www.lepetitepicurien.com\/fr\/wp-json\/wp\/v2\/media\/674"}],"wp:attachment":[{"href":"https:\/\/www.lepetitepicurien.com\/fr\/wp-json\/wp\/v2\/media?parent=621"}],"wp:term":[{"taxonomy":"product_brand","embeddable":true,"href":"https:\/\/www.lepetitepicurien.com\/fr\/wp-json\/wp\/v2\/product_brand?post=621"},{"taxonomy":"product_cat","embeddable":true,"href":"https:\/\/www.lepetitepicurien.com\/fr\/wp-json\/wp\/v2\/product_cat?post=621"},{"taxonomy":"product_tag","embeddable":true,"href":"https:\/\/www.lepetitepicurien.com\/fr\/wp-json\/wp\/v2\/product_tag?post=621"}],"curies":[{"name":"wp","href":"https:\/\/api.w.org\/{rel}","templated":true}]}}