{"id":622,"date":"2024-08-14T22:49:12","date_gmt":"2024-08-15T02:49:12","guid":{"rendered":"https:\/\/www.lepetitepicurien.com\/?post_type=product&#038;p=622"},"modified":"2025-04-02T21:31:28","modified_gmt":"2025-04-03T01:31:28","slug":"butter-beurremont-log-with-guerande-salt-83-450g-1lb","status":"publish","type":"product","link":"https:\/\/www.lepetitepicurien.com\/fr\/product\/butter-beurremont-log-with-guerande-salt-83-450g-1lb\/","title":{"rendered":"B\u00fbche Beurre Beurremont au Sel de Gu\u00e9rande 83% \u2013 450g\/1lb"},"content":{"rendered":"<p>Une douceur exceptionnelle donne une p\u00e2te feuillet\u00e9e remarquable. Une texture parfaitement homog\u00e8ne et souple. Belle couleur jaune dor\u00e9 uniforme. Excellent ajout au pain chaud, au poisson, au steak, au poulet grill\u00e9 et aux l\u00e9gumes.<br \/>\nLe Beurremont est plus riche en mati\u00e8res grasses que la plupart des beurres riches en mati\u00e8res grasses (de 3%), tr\u00e8s riche et cr\u00e9meux, extr\u00eamement faible en humidit\u00e9 avec un point de fusion plus \u00e9lev\u00e9 et d\u00e9licieux.<\/p>","protected":false},"excerpt":{"rendered":"<p>Le beurre a une saveur plus douce, sans le go\u00fbt piquant des produits laitiers pr\u00e9sents dans les produits ferment\u00e9s. Chaque b\u00fbche p\u00e8se 1 lb.<\/p>","protected":false},"featured_media":638,"template":"","meta":[],"product_brand":[],"product_cat":[30],"product_tag":[],"class_list":{"0":"post-622","1":"product","2":"type-product","3":"status-publish","4":"has-post-thumbnail","6":"product_cat-cheeses","7":"product_shipping_class-cooler","9":"first","10":"instock","11":"taxable","12":"shipping-taxable","13":"purchasable","14":"product-type-simple"},"yoast_head":"<!-- This site is optimized with the Yoast SEO plugin v27.5 - https:\/\/yoast.com\/product\/yoast-seo-wordpress\/ -->\n<title>Butter Beurremont log with Guerande Salt 83% - 450g\/1lb - Le Petit Epicurien<\/title>\n<meta name=\"robots\" content=\"index, follow, max-snippet:-1, max-image-preview:large, max-video-preview:-1\" \/>\n<link rel=\"canonical\" href=\"https:\/\/www.lepetitepicurien.com\/fr\/produit\/buche-beurre-beurremont-au-sel-de-guerande-83-450g-1lb\/\" \/>\n<meta property=\"og:locale\" content=\"fr_FR\" \/>\n<meta property=\"og:type\" content=\"article\" \/>\n<meta property=\"og:title\" content=\"Butter Beurremont log with Guerande Salt 83% - 450g\/1lb - Le Petit Epicurien\" \/>\n<meta property=\"og:description\" content=\"The butter has a sweeter flavor without the dairy tang present in cultured products. Each log weights 1 lbs.\" \/>\n<meta property=\"og:url\" content=\"https:\/\/www.lepetitepicurien.com\/fr\/produit\/buche-beurre-beurremont-au-sel-de-guerande-83-450g-1lb\/\" \/>\n<meta property=\"og:site_name\" content=\"Le Petit Epicurien\" \/>\n<meta property=\"article:modified_time\" content=\"2025-04-03T01:31:28+00:00\" \/>\n<meta name=\"twitter:card\" content=\"summary_large_image\" \/>\n<script type=\"application\/ld+json\" class=\"yoast-schema-graph\">{\"@context\":\"https:\\\/\\\/schema.org\",\"@graph\":[{\"@type\":\"WebPage\",\"@id\":\"https:\\\/\\\/www.lepetitepicurien.com\\\/product\\\/butter-beurremont-log-with-guerande-salt-83-450g-1lb\\\/\",\"url\":\"https:\\\/\\\/www.lepetitepicurien.com\\\/product\\\/butter-beurremont-log-with-guerande-salt-83-450g-1lb\\\/\",\"name\":\"Butter Beurremont log with Guerande Salt 83% - 450g\\\/1lb - Le Petit Epicurien\",\"isPartOf\":{\"@id\":\"https:\\\/\\\/www.lepetitepicurien.com\\\/#website\"},\"primaryImageOfPage\":{\"@id\":\"https:\\\/\\\/www.lepetitepicurien.com\\\/product\\\/butter-beurremont-log-with-guerande-salt-83-450g-1lb\\\/#primaryimage\"},\"image\":{\"@id\":\"https:\\\/\\\/www.lepetitepicurien.com\\\/product\\\/butter-beurremont-log-with-guerande-salt-83-450g-1lb\\\/#primaryimage\"},\"thumbnailUrl\":\"https:\\\/\\\/www.lepetitepicurien.com\\\/wp-content\\\/uploads\\\/2024\\\/08\\\/DAB460-2-1.jpg\",\"datePublished\":\"2024-08-15T02:49:12+00:00\",\"dateModified\":\"2025-04-03T01:31:28+00:00\",\"breadcrumb\":{\"@id\":\"https:\\\/\\\/www.lepetitepicurien.com\\\/product\\\/butter-beurremont-log-with-guerande-salt-83-450g-1lb\\\/#breadcrumb\"},\"inLanguage\":\"fr-FR\",\"potentialAction\":[{\"@type\":\"ReadAction\",\"target\":[\"https:\\\/\\\/www.lepetitepicurien.com\\\/product\\\/butter-beurremont-log-with-guerande-salt-83-450g-1lb\\\/\"]}]},{\"@type\":\"ImageObject\",\"inLanguage\":\"fr-FR\",\"@id\":\"https:\\\/\\\/www.lepetitepicurien.com\\\/product\\\/butter-beurremont-log-with-guerande-salt-83-450g-1lb\\\/#primaryimage\",\"url\":\"https:\\\/\\\/www.lepetitepicurien.com\\\/wp-content\\\/uploads\\\/2024\\\/08\\\/DAB460-2-1.jpg\",\"contentUrl\":\"https:\\\/\\\/www.lepetitepicurien.com\\\/wp-content\\\/uploads\\\/2024\\\/08\\\/DAB460-2-1.jpg\",\"width\":600,\"height\":600},{\"@type\":\"BreadcrumbList\",\"@id\":\"https:\\\/\\\/www.lepetitepicurien.com\\\/product\\\/butter-beurremont-log-with-guerande-salt-83-450g-1lb\\\/#breadcrumb\",\"itemListElement\":[{\"@type\":\"ListItem\",\"position\":1,\"name\":\"Home\",\"item\":\"https:\\\/\\\/www.lepetitepicurien.com\\\/\"},{\"@type\":\"ListItem\",\"position\":2,\"name\":\"Shop\",\"item\":\"https:\\\/\\\/www.lepetitepicurien.com\\\/shop\\\/\"},{\"@type\":\"ListItem\",\"position\":3,\"name\":\"Butter Beurremont log with Guerande Salt 83% &#8211; 450g\\\/1lb\"}]},{\"@type\":\"WebSite\",\"@id\":\"https:\\\/\\\/www.lepetitepicurien.com\\\/#website\",\"url\":\"https:\\\/\\\/www.lepetitepicurien.com\\\/\",\"name\":\"Le Petit Epicurien\",\"description\":\"Online Grocery for European Gourmet Food\",\"publisher\":{\"@id\":\"https:\\\/\\\/www.lepetitepicurien.com\\\/#organization\"},\"potentialAction\":[{\"@type\":\"SearchAction\",\"target\":{\"@type\":\"EntryPoint\",\"urlTemplate\":\"https:\\\/\\\/www.lepetitepicurien.com\\\/?s={search_term_string}\"},\"query-input\":{\"@type\":\"PropertyValueSpecification\",\"valueRequired\":true,\"valueName\":\"search_term_string\"}}],\"inLanguage\":\"fr-FR\"},{\"@type\":\"Organization\",\"@id\":\"https:\\\/\\\/www.lepetitepicurien.com\\\/#organization\",\"name\":\"Le Petit Epicurien\",\"url\":\"https:\\\/\\\/www.lepetitepicurien.com\\\/\",\"logo\":{\"@type\":\"ImageObject\",\"inLanguage\":\"fr-FR\",\"@id\":\"https:\\\/\\\/www.lepetitepicurien.com\\\/#\\\/schema\\\/logo\\\/image\\\/\",\"url\":\"https:\\\/\\\/www.lepetitepicurien.com\\\/wp-content\\\/uploads\\\/2024\\\/03\\\/logo.png\",\"contentUrl\":\"https:\\\/\\\/www.lepetitepicurien.com\\\/wp-content\\\/uploads\\\/2024\\\/03\\\/logo.png\",\"width\":1024,\"height\":1024,\"caption\":\"Le Petit Epicurien\"},\"image\":{\"@id\":\"https:\\\/\\\/www.lepetitepicurien.com\\\/#\\\/schema\\\/logo\\\/image\\\/\"}}]}<\/script>\n<!-- \/ Yoast SEO plugin. -->","yoast_head_json":{"title":"B\u00fbche Beurre Beurremont au Sel de Gu\u00e9rande 83% - 450g - Le Petit Epicurien","robots":{"index":"index","follow":"follow","max-snippet":"max-snippet:-1","max-image-preview":"max-image-preview:large","max-video-preview":"max-video-preview:-1"},"canonical":"https:\/\/www.lepetitepicurien.com\/fr\/produit\/buche-beurre-beurremont-au-sel-de-guerande-83-450g-1lb\/","og_locale":"fr_FR","og_type":"article","og_title":"Butter Beurremont log with Guerande Salt 83% - 450g\/1lb - Le Petit Epicurien","og_description":"The butter has a sweeter flavor without the dairy tang present in cultured products. Each log weights 1 lbs.","og_url":"https:\/\/www.lepetitepicurien.com\/fr\/produit\/buche-beurre-beurremont-au-sel-de-guerande-83-450g-1lb\/","og_site_name":"Le Petit Epicurien","article_modified_time":"2025-04-03T01:31:28+00:00","twitter_card":"summary_large_image","schema":{"@context":"https:\/\/schema.org","@graph":[{"@type":"WebPage","@id":"https:\/\/www.lepetitepicurien.com\/product\/butter-beurremont-log-with-guerande-salt-83-450g-1lb\/","url":"https:\/\/www.lepetitepicurien.com\/product\/butter-beurremont-log-with-guerande-salt-83-450g-1lb\/","name":"B\u00fbche Beurre Beurremont au Sel de Gu\u00e9rande 83% - 450g - Le Petit Epicurien","isPartOf":{"@id":"https:\/\/www.lepetitepicurien.com\/#website"},"primaryImageOfPage":{"@id":"https:\/\/www.lepetitepicurien.com\/product\/butter-beurremont-log-with-guerande-salt-83-450g-1lb\/#primaryimage"},"image":{"@id":"https:\/\/www.lepetitepicurien.com\/product\/butter-beurremont-log-with-guerande-salt-83-450g-1lb\/#primaryimage"},"thumbnailUrl":"https:\/\/www.lepetitepicurien.com\/wp-content\/uploads\/2024\/08\/DAB460-2-1.jpg","datePublished":"2024-08-15T02:49:12+00:00","dateModified":"2025-04-03T01:31:28+00:00","breadcrumb":{"@id":"https:\/\/www.lepetitepicurien.com\/product\/butter-beurremont-log-with-guerande-salt-83-450g-1lb\/#breadcrumb"},"inLanguage":"fr-FR","potentialAction":[{"@type":"ReadAction","target":["https:\/\/www.lepetitepicurien.com\/product\/butter-beurremont-log-with-guerande-salt-83-450g-1lb\/"]}]},{"@type":"ImageObject","inLanguage":"fr-FR","@id":"https:\/\/www.lepetitepicurien.com\/product\/butter-beurremont-log-with-guerande-salt-83-450g-1lb\/#primaryimage","url":"https:\/\/www.lepetitepicurien.com\/wp-content\/uploads\/2024\/08\/DAB460-2-1.jpg","contentUrl":"https:\/\/www.lepetitepicurien.com\/wp-content\/uploads\/2024\/08\/DAB460-2-1.jpg","width":600,"height":600},{"@type":"BreadcrumbList","@id":"https:\/\/www.lepetitepicurien.com\/product\/butter-beurremont-log-with-guerande-salt-83-450g-1lb\/#breadcrumb","itemListElement":[{"@type":"ListItem","position":1,"name":"Home","item":"https:\/\/www.lepetitepicurien.com\/"},{"@type":"ListItem","position":2,"name":"Shop","item":"https:\/\/www.lepetitepicurien.com\/shop\/"},{"@type":"ListItem","position":3,"name":"Butter Beurremont log with Guerande Salt 83% &#8211; 450g\/1lb"}]},{"@type":"WebSite","@id":"https:\/\/www.lepetitepicurien.com\/#website","url":"https:\/\/www.lepetitepicurien.com\/","name":"Le Petit \u00c9picurien","description":"\u00c9picerie en ligne pour la gastronomie europ\u00e9enne","publisher":{"@id":"https:\/\/www.lepetitepicurien.com\/#organization"},"potentialAction":[{"@type":"SearchAction","target":{"@type":"EntryPoint","urlTemplate":"https:\/\/www.lepetitepicurien.com\/?s={search_term_string}"},"query-input":{"@type":"PropertyValueSpecification","valueRequired":true,"valueName":"search_term_string"}}],"inLanguage":"fr-FR"},{"@type":"Organization","@id":"https:\/\/www.lepetitepicurien.com\/#organization","name":"Le Petit \u00c9picurien","url":"https:\/\/www.lepetitepicurien.com\/","logo":{"@type":"ImageObject","inLanguage":"fr-FR","@id":"https:\/\/www.lepetitepicurien.com\/#\/schema\/logo\/image\/","url":"https:\/\/www.lepetitepicurien.com\/wp-content\/uploads\/2024\/03\/logo.png","contentUrl":"https:\/\/www.lepetitepicurien.com\/wp-content\/uploads\/2024\/03\/logo.png","width":1024,"height":1024,"caption":"Le Petit Epicurien"},"image":{"@id":"https:\/\/www.lepetitepicurien.com\/#\/schema\/logo\/image\/"}}]}},"jetpack_sharing_enabled":true,"_links":{"self":[{"href":"https:\/\/www.lepetitepicurien.com\/fr\/wp-json\/wp\/v2\/product\/622","targetHints":{"allow":["GET"]}}],"collection":[{"href":"https:\/\/www.lepetitepicurien.com\/fr\/wp-json\/wp\/v2\/product"}],"about":[{"href":"https:\/\/www.lepetitepicurien.com\/fr\/wp-json\/wp\/v2\/types\/product"}],"wp:featuredmedia":[{"embeddable":true,"href":"https:\/\/www.lepetitepicurien.com\/fr\/wp-json\/wp\/v2\/media\/638"}],"wp:attachment":[{"href":"https:\/\/www.lepetitepicurien.com\/fr\/wp-json\/wp\/v2\/media?parent=622"}],"wp:term":[{"taxonomy":"product_brand","embeddable":true,"href":"https:\/\/www.lepetitepicurien.com\/fr\/wp-json\/wp\/v2\/product_brand?post=622"},{"taxonomy":"product_cat","embeddable":true,"href":"https:\/\/www.lepetitepicurien.com\/fr\/wp-json\/wp\/v2\/product_cat?post=622"},{"taxonomy":"product_tag","embeddable":true,"href":"https:\/\/www.lepetitepicurien.com\/fr\/wp-json\/wp\/v2\/product_tag?post=622"}],"curies":[{"name":"wp","href":"https:\/\/api.w.org\/{rel}","templated":true}]}}