{"id":645,"date":"2024-08-14T22:49:26","date_gmt":"2024-08-15T02:49:26","guid":{"rendered":"https:\/\/www.lepetitepicurien.com\/?post_type=product&#038;p=645"},"modified":"2025-12-01T20:16:51","modified_gmt":"2025-12-02T01:16:51","slug":"pont-leveque-aop-cheese-220g-7-76oz","status":"publish","type":"product","link":"https:\/\/www.lepetitepicurien.com\/fr\/product\/pont-leveque-aop-cheese-220g-7-76oz\/","title":{"rendered":"Fromage Pont L&#039;\u00c9v\u00eaque AOP \u2013 220g\/7.76oz"},"content":{"rendered":"<p>Le nom de ce fromage vient de la ville o\u00f9 il a \u00e9t\u00e9 invent\u00e9 il y a bien longtemps. La ville est situ\u00e9e entre Lisieux et Honfleur. L&#039;une des conditions pour obtenir l&#039;appellation d&#039;origine est que le lait utilis\u00e9 pour la fabrication du fromage provienne soit de la r\u00e9gion de Normandie, soit de la r\u00e9gion de Mayenne. Ces r\u00e9gions b\u00e9n\u00e9ficient d&#039;un climat doux et humide qui contribue \u00e0 la richesse des p\u00e2turages pour les vaches et \u00e0 la fabrication d&#039;un fromage unique.<\/p>","protected":false},"excerpt":{"rendered":"<p>Le PONT L&#039;EVEQUE est un fromage \u00e0 p\u00e2te molle. Fabriqu\u00e9 \u00e0 partir de lait de vache collect\u00e9 aupr\u00e8s des producteurs du Bocage Ornais. La couleur de sa cro\u00fbte assez lisse varie entre le jaune dor\u00e9 et l&#039;orange. Sa texture doit \u00eatre jaune clair et tendre, c&#039;est-\u00e0-dire ni trop s\u00e8che, ni trop liquide.<\/p>","protected":false},"featured_media":661,"template":"","meta":[],"product_brand":[],"product_cat":[30],"product_tag":[],"class_list":{"0":"post-645","1":"product","2":"type-product","3":"status-publish","4":"has-post-thumbnail","6":"product_cat-cheeses","7":"product_shipping_class-cooler","9":"first","10":"instock","11":"taxable","12":"shipping-taxable","13":"purchasable","14":"product-type-simple"},"yoast_head":"<!-- This site is optimized with the Yoast SEO plugin v27.5 - https:\/\/yoast.com\/product\/yoast-seo-wordpress\/ -->\n<title>Pont L\u2019Eveque AOP Cheese - 220g\/7.76oz - Le Petit Epicurien<\/title>\n<meta name=\"robots\" content=\"index, follow, max-snippet:-1, max-image-preview:large, max-video-preview:-1\" \/>\n<link rel=\"canonical\" href=\"https:\/\/www.lepetitepicurien.com\/fr\/produit\/fromage-pont-leveque-aop-220g-7-76oz\/\" \/>\n<meta property=\"og:locale\" content=\"fr_FR\" \/>\n<meta property=\"og:type\" content=\"article\" \/>\n<meta property=\"og:title\" content=\"Pont L\u2019Eveque AOP Cheese - 220g\/7.76oz - Le Petit Epicurien\" \/>\n<meta property=\"og:description\" content=\"The PONT L\u2019EVEQUE is a soft cheese. Made from cow\u2019s milk collected from producers of the Bocage Ornais area. The colour of its fairly smooth rind varies between golden yellow and orange. Its texture must be light yellow and tender, meaning not too dry or too runny.\" \/>\n<meta property=\"og:url\" content=\"https:\/\/www.lepetitepicurien.com\/fr\/produit\/fromage-pont-leveque-aop-220g-7-76oz\/\" \/>\n<meta property=\"og:site_name\" content=\"Le Petit Epicurien\" \/>\n<meta property=\"article:modified_time\" content=\"2025-12-02T01:16:51+00:00\" \/>\n<meta name=\"twitter:card\" content=\"summary_large_image\" \/>\n<script type=\"application\/ld+json\" class=\"yoast-schema-graph\">{\"@context\":\"https:\\\/\\\/schema.org\",\"@graph\":[{\"@type\":\"WebPage\",\"@id\":\"https:\\\/\\\/www.lepetitepicurien.com\\\/product\\\/pont-leveque-aop-cheese-220g-7-76oz\\\/\",\"url\":\"https:\\\/\\\/www.lepetitepicurien.com\\\/product\\\/pont-leveque-aop-cheese-220g-7-76oz\\\/\",\"name\":\"Pont L\u2019Eveque AOP Cheese - 220g\\\/7.76oz - Le Petit Epicurien\",\"isPartOf\":{\"@id\":\"https:\\\/\\\/www.lepetitepicurien.com\\\/#website\"},\"primaryImageOfPage\":{\"@id\":\"https:\\\/\\\/www.lepetitepicurien.com\\\/product\\\/pont-leveque-aop-cheese-220g-7-76oz\\\/#primaryimage\"},\"image\":{\"@id\":\"https:\\\/\\\/www.lepetitepicurien.com\\\/product\\\/pont-leveque-aop-cheese-220g-7-76oz\\\/#primaryimage\"},\"thumbnailUrl\":\"https:\\\/\\\/www.lepetitepicurien.com\\\/wp-content\\\/uploads\\\/2024\\\/08\\\/DAF0009-2-1.jpg\",\"datePublished\":\"2024-08-15T02:49:26+00:00\",\"dateModified\":\"2025-12-02T01:16:51+00:00\",\"breadcrumb\":{\"@id\":\"https:\\\/\\\/www.lepetitepicurien.com\\\/product\\\/pont-leveque-aop-cheese-220g-7-76oz\\\/#breadcrumb\"},\"inLanguage\":\"fr-FR\",\"potentialAction\":[{\"@type\":\"ReadAction\",\"target\":[\"https:\\\/\\\/www.lepetitepicurien.com\\\/product\\\/pont-leveque-aop-cheese-220g-7-76oz\\\/\"]}]},{\"@type\":\"ImageObject\",\"inLanguage\":\"fr-FR\",\"@id\":\"https:\\\/\\\/www.lepetitepicurien.com\\\/product\\\/pont-leveque-aop-cheese-220g-7-76oz\\\/#primaryimage\",\"url\":\"https:\\\/\\\/www.lepetitepicurien.com\\\/wp-content\\\/uploads\\\/2024\\\/08\\\/DAF0009-2-1.jpg\",\"contentUrl\":\"https:\\\/\\\/www.lepetitepicurien.com\\\/wp-content\\\/uploads\\\/2024\\\/08\\\/DAF0009-2-1.jpg\",\"width\":600,\"height\":600},{\"@type\":\"BreadcrumbList\",\"@id\":\"https:\\\/\\\/www.lepetitepicurien.com\\\/product\\\/pont-leveque-aop-cheese-220g-7-76oz\\\/#breadcrumb\",\"itemListElement\":[{\"@type\":\"ListItem\",\"position\":1,\"name\":\"Home\",\"item\":\"https:\\\/\\\/www.lepetitepicurien.com\\\/\"},{\"@type\":\"ListItem\",\"position\":2,\"name\":\"Shop\",\"item\":\"https:\\\/\\\/www.lepetitepicurien.com\\\/shop\\\/\"},{\"@type\":\"ListItem\",\"position\":3,\"name\":\"Pont L\u2019Eveque AOP Cheese &#8211; 220g\\\/7.76oz\"}]},{\"@type\":\"WebSite\",\"@id\":\"https:\\\/\\\/www.lepetitepicurien.com\\\/#website\",\"url\":\"https:\\\/\\\/www.lepetitepicurien.com\\\/\",\"name\":\"Le Petit Epicurien\",\"description\":\"Online Grocery for European Gourmet Food\",\"publisher\":{\"@id\":\"https:\\\/\\\/www.lepetitepicurien.com\\\/#organization\"},\"potentialAction\":[{\"@type\":\"SearchAction\",\"target\":{\"@type\":\"EntryPoint\",\"urlTemplate\":\"https:\\\/\\\/www.lepetitepicurien.com\\\/?s={search_term_string}\"},\"query-input\":{\"@type\":\"PropertyValueSpecification\",\"valueRequired\":true,\"valueName\":\"search_term_string\"}}],\"inLanguage\":\"fr-FR\"},{\"@type\":\"Organization\",\"@id\":\"https:\\\/\\\/www.lepetitepicurien.com\\\/#organization\",\"name\":\"Le Petit Epicurien\",\"url\":\"https:\\\/\\\/www.lepetitepicurien.com\\\/\",\"logo\":{\"@type\":\"ImageObject\",\"inLanguage\":\"fr-FR\",\"@id\":\"https:\\\/\\\/www.lepetitepicurien.com\\\/#\\\/schema\\\/logo\\\/image\\\/\",\"url\":\"https:\\\/\\\/www.lepetitepicurien.com\\\/wp-content\\\/uploads\\\/2024\\\/03\\\/logo.png\",\"contentUrl\":\"https:\\\/\\\/www.lepetitepicurien.com\\\/wp-content\\\/uploads\\\/2024\\\/03\\\/logo.png\",\"width\":1024,\"height\":1024,\"caption\":\"Le Petit Epicurien\"},\"image\":{\"@id\":\"https:\\\/\\\/www.lepetitepicurien.com\\\/#\\\/schema\\\/logo\\\/image\\\/\"}}]}<\/script>\n<!-- \/ Yoast SEO plugin. -->","yoast_head_json":{"title":"Fromage Pont L&#039;\u00c9v\u00eaque AOP - 220g - Le Petit Epicurien","robots":{"index":"index","follow":"follow","max-snippet":"max-snippet:-1","max-image-preview":"max-image-preview:large","max-video-preview":"max-video-preview:-1"},"canonical":"https:\/\/www.lepetitepicurien.com\/fr\/produit\/fromage-pont-leveque-aop-220g-7-76oz\/","og_locale":"fr_FR","og_type":"article","og_title":"Pont L\u2019Eveque AOP Cheese - 220g\/7.76oz - Le Petit Epicurien","og_description":"The PONT L\u2019EVEQUE is a soft cheese. Made from cow\u2019s milk collected from producers of the Bocage Ornais area. The colour of its fairly smooth rind varies between golden yellow and orange. Its texture must be light yellow and tender, meaning not too dry or too runny.","og_url":"https:\/\/www.lepetitepicurien.com\/fr\/produit\/fromage-pont-leveque-aop-220g-7-76oz\/","og_site_name":"Le Petit Epicurien","article_modified_time":"2025-12-02T01:16:51+00:00","twitter_card":"summary_large_image","schema":{"@context":"https:\/\/schema.org","@graph":[{"@type":"WebPage","@id":"https:\/\/www.lepetitepicurien.com\/product\/pont-leveque-aop-cheese-220g-7-76oz\/","url":"https:\/\/www.lepetitepicurien.com\/product\/pont-leveque-aop-cheese-220g-7-76oz\/","name":"Fromage Pont L&#039;\u00c9v\u00eaque AOP - 220g - Le Petit Epicurien","isPartOf":{"@id":"https:\/\/www.lepetitepicurien.com\/#website"},"primaryImageOfPage":{"@id":"https:\/\/www.lepetitepicurien.com\/product\/pont-leveque-aop-cheese-220g-7-76oz\/#primaryimage"},"image":{"@id":"https:\/\/www.lepetitepicurien.com\/product\/pont-leveque-aop-cheese-220g-7-76oz\/#primaryimage"},"thumbnailUrl":"https:\/\/www.lepetitepicurien.com\/wp-content\/uploads\/2024\/08\/DAF0009-2-1.jpg","datePublished":"2024-08-15T02:49:26+00:00","dateModified":"2025-12-02T01:16:51+00:00","breadcrumb":{"@id":"https:\/\/www.lepetitepicurien.com\/product\/pont-leveque-aop-cheese-220g-7-76oz\/#breadcrumb"},"inLanguage":"fr-FR","potentialAction":[{"@type":"ReadAction","target":["https:\/\/www.lepetitepicurien.com\/product\/pont-leveque-aop-cheese-220g-7-76oz\/"]}]},{"@type":"ImageObject","inLanguage":"fr-FR","@id":"https:\/\/www.lepetitepicurien.com\/product\/pont-leveque-aop-cheese-220g-7-76oz\/#primaryimage","url":"https:\/\/www.lepetitepicurien.com\/wp-content\/uploads\/2024\/08\/DAF0009-2-1.jpg","contentUrl":"https:\/\/www.lepetitepicurien.com\/wp-content\/uploads\/2024\/08\/DAF0009-2-1.jpg","width":600,"height":600},{"@type":"BreadcrumbList","@id":"https:\/\/www.lepetitepicurien.com\/product\/pont-leveque-aop-cheese-220g-7-76oz\/#breadcrumb","itemListElement":[{"@type":"ListItem","position":1,"name":"Home","item":"https:\/\/www.lepetitepicurien.com\/"},{"@type":"ListItem","position":2,"name":"Shop","item":"https:\/\/www.lepetitepicurien.com\/shop\/"},{"@type":"ListItem","position":3,"name":"Pont L\u2019Eveque AOP Cheese &#8211; 220g\/7.76oz"}]},{"@type":"WebSite","@id":"https:\/\/www.lepetitepicurien.com\/#website","url":"https:\/\/www.lepetitepicurien.com\/","name":"Le Petit \u00c9picurien","description":"\u00c9picerie en ligne pour la gastronomie europ\u00e9enne","publisher":{"@id":"https:\/\/www.lepetitepicurien.com\/#organization"},"potentialAction":[{"@type":"SearchAction","target":{"@type":"EntryPoint","urlTemplate":"https:\/\/www.lepetitepicurien.com\/?s={search_term_string}"},"query-input":{"@type":"PropertyValueSpecification","valueRequired":true,"valueName":"search_term_string"}}],"inLanguage":"fr-FR"},{"@type":"Organization","@id":"https:\/\/www.lepetitepicurien.com\/#organization","name":"Le Petit \u00c9picurien","url":"https:\/\/www.lepetitepicurien.com\/","logo":{"@type":"ImageObject","inLanguage":"fr-FR","@id":"https:\/\/www.lepetitepicurien.com\/#\/schema\/logo\/image\/","url":"https:\/\/www.lepetitepicurien.com\/wp-content\/uploads\/2024\/03\/logo.png","contentUrl":"https:\/\/www.lepetitepicurien.com\/wp-content\/uploads\/2024\/03\/logo.png","width":1024,"height":1024,"caption":"Le Petit Epicurien"},"image":{"@id":"https:\/\/www.lepetitepicurien.com\/#\/schema\/logo\/image\/"}}]}},"jetpack_sharing_enabled":true,"_links":{"self":[{"href":"https:\/\/www.lepetitepicurien.com\/fr\/wp-json\/wp\/v2\/product\/645","targetHints":{"allow":["GET"]}}],"collection":[{"href":"https:\/\/www.lepetitepicurien.com\/fr\/wp-json\/wp\/v2\/product"}],"about":[{"href":"https:\/\/www.lepetitepicurien.com\/fr\/wp-json\/wp\/v2\/types\/product"}],"wp:featuredmedia":[{"embeddable":true,"href":"https:\/\/www.lepetitepicurien.com\/fr\/wp-json\/wp\/v2\/media\/661"}],"wp:attachment":[{"href":"https:\/\/www.lepetitepicurien.com\/fr\/wp-json\/wp\/v2\/media?parent=645"}],"wp:term":[{"taxonomy":"product_brand","embeddable":true,"href":"https:\/\/www.lepetitepicurien.com\/fr\/wp-json\/wp\/v2\/product_brand?post=645"},{"taxonomy":"product_cat","embeddable":true,"href":"https:\/\/www.lepetitepicurien.com\/fr\/wp-json\/wp\/v2\/product_cat?post=645"},{"taxonomy":"product_tag","embeddable":true,"href":"https:\/\/www.lepetitepicurien.com\/fr\/wp-json\/wp\/v2\/product_tag?post=645"}],"curies":[{"name":"wp","href":"https:\/\/api.w.org\/{rel}","templated":true}]}}