{"id":654,"date":"2024-08-14T22:49:27","date_gmt":"2024-08-15T02:49:27","guid":{"rendered":"https:\/\/www.lepetitepicurien.com\/?post_type=product&#038;p=654"},"modified":"2025-04-02T21:31:29","modified_gmt":"2025-04-03T01:31:29","slug":"triple-creme-le-pico-cheese-100g-3-53oz","status":"publish","type":"product","link":"https:\/\/www.lepetitepicurien.com\/fr\/product\/triple-creme-le-pico-cheese-100g-3-53oz\/","title":{"rendered":"Fromage Triple Cr\u00e8me LE PICO \u2013 100 g\/3,53 oz"},"content":{"rendered":"<p>Votre grand-m\u00e8re fran\u00e7aise sp\u00e9cialiste du fromage : traditionnelle, petite et adorablement rid\u00e9e. Le Pico pourrait \u00eatre compar\u00e9 \u00e0 un camembert au lait de ch\u00e8vre plus petit, mais sa saveur est unique : l&#039;ar\u00f4me du sol de grange fra\u00eechement broy\u00e9, une min\u00e9ralit\u00e9 profonde et une d\u00e9licate saveur de ch\u00e8vre, le tout envelopp\u00e9 dans la richesse du beurre et des champignons. Les fromagers d&#039;Aquitaine pasteurisent doucement le lait de ch\u00e8vre et le versent \u00e0 la louche dans des formes de fromage miniatures typiques de la campagne fran\u00e7aise. En quelques semaines, une cro\u00fbte \u00e9l\u00e9gamment pliss\u00e9e a commenc\u00e9 \u00e0 se former, rappelant les beignets en poudre ou les champignons du march\u00e9 vert. Nous faisons ensuite vieillir cette cro\u00fbte dans nos caves, en faisant ressortir des notes de pierre humide et de sol forestier - une riche terre qui ne submerge jamais la p\u00e2te cr\u00e9meuse. Essayez-le avec un champagne fruit\u00e9 et levur\u00e9 pour une harmonie de saveurs qui ne manquera pas de vous plaire.<\/p>","protected":false},"excerpt":{"rendered":"<p>Fromage de ch\u00e8vre unique de la r\u00e9gion du P\u00e9rigord en France, le Pico est cr\u00e9meux et dense, affin\u00e9 \u00e0 feu doux avec des moisissures. G\u00e9n\u00e9ralement compar\u00e9 au camembert, le Pico est vendu jeune, il \u00e9voluera en vieillissant, se transformant en un ch\u00e8vre beaucoup plus complexe et piquant. Tr\u00e8s savoureux et tr\u00e8s aromatique, avec des notes de noisette.<\/p>","protected":false},"featured_media":669,"template":"","meta":[],"product_brand":[],"product_cat":[30],"product_tag":[],"class_list":{"0":"post-654","1":"product","2":"type-product","3":"status-publish","4":"has-post-thumbnail","6":"product_cat-cheeses","7":"product_shipping_class-cooler","9":"first","10":"instock","11":"taxable","12":"shipping-taxable","13":"purchasable","14":"product-type-simple"},"yoast_head":"<!-- This site is optimized with the Yoast SEO plugin v27.5 - https:\/\/yoast.com\/product\/yoast-seo-wordpress\/ -->\n<title>Triple Creme LE PICO Cheese - 100g\/3.53oz - Le Petit Epicurien<\/title>\n<meta name=\"robots\" content=\"index, follow, max-snippet:-1, max-image-preview:large, max-video-preview:-1\" \/>\n<link rel=\"canonical\" href=\"https:\/\/www.lepetitepicurien.com\/fr\/produit\/fromage-triple-creme-le-pico-100g-3-53oz\/\" \/>\n<meta property=\"og:locale\" content=\"fr_FR\" \/>\n<meta property=\"og:type\" content=\"article\" \/>\n<meta property=\"og:title\" content=\"Triple Creme LE PICO Cheese - 100g\/3.53oz - Le Petit Epicurien\" \/>\n<meta property=\"og:description\" content=\"A unique goat cheese from the region of Perigord in France, Pico is creamy and dense, soft-ripened with mold. Typically compared to Camembert, Pico is sold young, it will develop as it ages, changing into a much more complex and pungent chevre. Very flavorful and very aromatic, with hazelnut notes.\" \/>\n<meta property=\"og:url\" content=\"https:\/\/www.lepetitepicurien.com\/fr\/produit\/fromage-triple-creme-le-pico-100g-3-53oz\/\" \/>\n<meta property=\"og:site_name\" content=\"Le Petit Epicurien\" \/>\n<meta property=\"article:modified_time\" content=\"2025-04-03T01:31:29+00:00\" \/>\n<meta name=\"twitter:card\" content=\"summary_large_image\" \/>\n<meta name=\"twitter:label1\" content=\"Dur\u00e9e de lecture estim\u00e9e\" \/>\n\t<meta name=\"twitter:data1\" content=\"1 minute\" \/>\n<script type=\"application\/ld+json\" class=\"yoast-schema-graph\">{\"@context\":\"https:\\\/\\\/schema.org\",\"@graph\":[{\"@type\":\"WebPage\",\"@id\":\"https:\\\/\\\/www.lepetitepicurien.com\\\/product\\\/triple-creme-le-pico-cheese-100g-3-53oz\\\/\",\"url\":\"https:\\\/\\\/www.lepetitepicurien.com\\\/product\\\/triple-creme-le-pico-cheese-100g-3-53oz\\\/\",\"name\":\"Triple Creme LE PICO Cheese - 100g\\\/3.53oz - Le Petit Epicurien\",\"isPartOf\":{\"@id\":\"https:\\\/\\\/www.lepetitepicurien.com\\\/#website\"},\"primaryImageOfPage\":{\"@id\":\"https:\\\/\\\/www.lepetitepicurien.com\\\/product\\\/triple-creme-le-pico-cheese-100g-3-53oz\\\/#primaryimage\"},\"image\":{\"@id\":\"https:\\\/\\\/www.lepetitepicurien.com\\\/product\\\/triple-creme-le-pico-cheese-100g-3-53oz\\\/#primaryimage\"},\"thumbnailUrl\":\"https:\\\/\\\/www.lepetitepicurien.com\\\/wp-content\\\/uploads\\\/2024\\\/08\\\/DAF317-2-1.jpg\",\"datePublished\":\"2024-08-15T02:49:27+00:00\",\"dateModified\":\"2025-04-03T01:31:29+00:00\",\"breadcrumb\":{\"@id\":\"https:\\\/\\\/www.lepetitepicurien.com\\\/product\\\/triple-creme-le-pico-cheese-100g-3-53oz\\\/#breadcrumb\"},\"inLanguage\":\"fr-FR\",\"potentialAction\":[{\"@type\":\"ReadAction\",\"target\":[\"https:\\\/\\\/www.lepetitepicurien.com\\\/product\\\/triple-creme-le-pico-cheese-100g-3-53oz\\\/\"]}]},{\"@type\":\"ImageObject\",\"inLanguage\":\"fr-FR\",\"@id\":\"https:\\\/\\\/www.lepetitepicurien.com\\\/product\\\/triple-creme-le-pico-cheese-100g-3-53oz\\\/#primaryimage\",\"url\":\"https:\\\/\\\/www.lepetitepicurien.com\\\/wp-content\\\/uploads\\\/2024\\\/08\\\/DAF317-2-1.jpg\",\"contentUrl\":\"https:\\\/\\\/www.lepetitepicurien.com\\\/wp-content\\\/uploads\\\/2024\\\/08\\\/DAF317-2-1.jpg\",\"width\":600,\"height\":600},{\"@type\":\"BreadcrumbList\",\"@id\":\"https:\\\/\\\/www.lepetitepicurien.com\\\/product\\\/triple-creme-le-pico-cheese-100g-3-53oz\\\/#breadcrumb\",\"itemListElement\":[{\"@type\":\"ListItem\",\"position\":1,\"name\":\"Home\",\"item\":\"https:\\\/\\\/www.lepetitepicurien.com\\\/\"},{\"@type\":\"ListItem\",\"position\":2,\"name\":\"Shop\",\"item\":\"https:\\\/\\\/www.lepetitepicurien.com\\\/shop\\\/\"},{\"@type\":\"ListItem\",\"position\":3,\"name\":\"Triple Creme LE PICO Cheese &#8211; 100g\\\/3.53oz\"}]},{\"@type\":\"WebSite\",\"@id\":\"https:\\\/\\\/www.lepetitepicurien.com\\\/#website\",\"url\":\"https:\\\/\\\/www.lepetitepicurien.com\\\/\",\"name\":\"Le Petit Epicurien\",\"description\":\"Online Grocery for European Gourmet Food\",\"publisher\":{\"@id\":\"https:\\\/\\\/www.lepetitepicurien.com\\\/#organization\"},\"potentialAction\":[{\"@type\":\"SearchAction\",\"target\":{\"@type\":\"EntryPoint\",\"urlTemplate\":\"https:\\\/\\\/www.lepetitepicurien.com\\\/?s={search_term_string}\"},\"query-input\":{\"@type\":\"PropertyValueSpecification\",\"valueRequired\":true,\"valueName\":\"search_term_string\"}}],\"inLanguage\":\"fr-FR\"},{\"@type\":\"Organization\",\"@id\":\"https:\\\/\\\/www.lepetitepicurien.com\\\/#organization\",\"name\":\"Le Petit Epicurien\",\"url\":\"https:\\\/\\\/www.lepetitepicurien.com\\\/\",\"logo\":{\"@type\":\"ImageObject\",\"inLanguage\":\"fr-FR\",\"@id\":\"https:\\\/\\\/www.lepetitepicurien.com\\\/#\\\/schema\\\/logo\\\/image\\\/\",\"url\":\"https:\\\/\\\/www.lepetitepicurien.com\\\/wp-content\\\/uploads\\\/2024\\\/03\\\/logo.png\",\"contentUrl\":\"https:\\\/\\\/www.lepetitepicurien.com\\\/wp-content\\\/uploads\\\/2024\\\/03\\\/logo.png\",\"width\":1024,\"height\":1024,\"caption\":\"Le Petit Epicurien\"},\"image\":{\"@id\":\"https:\\\/\\\/www.lepetitepicurien.com\\\/#\\\/schema\\\/logo\\\/image\\\/\"}}]}<\/script>\n<!-- \/ Yoast SEO plugin. -->","yoast_head_json":{"title":"Fromage Triple Cr\u00e8me LE PICO - 100g - Le Petit Epicurien","robots":{"index":"index","follow":"follow","max-snippet":"max-snippet:-1","max-image-preview":"max-image-preview:large","max-video-preview":"max-video-preview:-1"},"canonical":"https:\/\/www.lepetitepicurien.com\/fr\/produit\/fromage-triple-creme-le-pico-100g-3-53oz\/","og_locale":"fr_FR","og_type":"article","og_title":"Triple Creme LE PICO Cheese - 100g\/3.53oz - Le Petit Epicurien","og_description":"A unique goat cheese from the region of Perigord in France, Pico is creamy and dense, soft-ripened with mold. Typically compared to Camembert, Pico is sold young, it will develop as it ages, changing into a much more complex and pungent chevre. Very flavorful and very aromatic, with hazelnut notes.","og_url":"https:\/\/www.lepetitepicurien.com\/fr\/produit\/fromage-triple-creme-le-pico-100g-3-53oz\/","og_site_name":"Le Petit Epicurien","article_modified_time":"2025-04-03T01:31:29+00:00","twitter_card":"summary_large_image","twitter_misc":{"Dur\u00e9e de lecture estim\u00e9e":"1 minute"},"schema":{"@context":"https:\/\/schema.org","@graph":[{"@type":"WebPage","@id":"https:\/\/www.lepetitepicurien.com\/product\/triple-creme-le-pico-cheese-100g-3-53oz\/","url":"https:\/\/www.lepetitepicurien.com\/product\/triple-creme-le-pico-cheese-100g-3-53oz\/","name":"Fromage Triple Cr\u00e8me LE PICO - 100g - Le Petit Epicurien","isPartOf":{"@id":"https:\/\/www.lepetitepicurien.com\/#website"},"primaryImageOfPage":{"@id":"https:\/\/www.lepetitepicurien.com\/product\/triple-creme-le-pico-cheese-100g-3-53oz\/#primaryimage"},"image":{"@id":"https:\/\/www.lepetitepicurien.com\/product\/triple-creme-le-pico-cheese-100g-3-53oz\/#primaryimage"},"thumbnailUrl":"https:\/\/www.lepetitepicurien.com\/wp-content\/uploads\/2024\/08\/DAF317-2-1.jpg","datePublished":"2024-08-15T02:49:27+00:00","dateModified":"2025-04-03T01:31:29+00:00","breadcrumb":{"@id":"https:\/\/www.lepetitepicurien.com\/product\/triple-creme-le-pico-cheese-100g-3-53oz\/#breadcrumb"},"inLanguage":"fr-FR","potentialAction":[{"@type":"ReadAction","target":["https:\/\/www.lepetitepicurien.com\/product\/triple-creme-le-pico-cheese-100g-3-53oz\/"]}]},{"@type":"ImageObject","inLanguage":"fr-FR","@id":"https:\/\/www.lepetitepicurien.com\/product\/triple-creme-le-pico-cheese-100g-3-53oz\/#primaryimage","url":"https:\/\/www.lepetitepicurien.com\/wp-content\/uploads\/2024\/08\/DAF317-2-1.jpg","contentUrl":"https:\/\/www.lepetitepicurien.com\/wp-content\/uploads\/2024\/08\/DAF317-2-1.jpg","width":600,"height":600},{"@type":"BreadcrumbList","@id":"https:\/\/www.lepetitepicurien.com\/product\/triple-creme-le-pico-cheese-100g-3-53oz\/#breadcrumb","itemListElement":[{"@type":"ListItem","position":1,"name":"Home","item":"https:\/\/www.lepetitepicurien.com\/"},{"@type":"ListItem","position":2,"name":"Shop","item":"https:\/\/www.lepetitepicurien.com\/shop\/"},{"@type":"ListItem","position":3,"name":"Triple Creme LE PICO Cheese &#8211; 100g\/3.53oz"}]},{"@type":"WebSite","@id":"https:\/\/www.lepetitepicurien.com\/#website","url":"https:\/\/www.lepetitepicurien.com\/","name":"Le Petit \u00c9picurien","description":"\u00c9picerie en ligne pour la gastronomie europ\u00e9enne","publisher":{"@id":"https:\/\/www.lepetitepicurien.com\/#organization"},"potentialAction":[{"@type":"SearchAction","target":{"@type":"EntryPoint","urlTemplate":"https:\/\/www.lepetitepicurien.com\/?s={search_term_string}"},"query-input":{"@type":"PropertyValueSpecification","valueRequired":true,"valueName":"search_term_string"}}],"inLanguage":"fr-FR"},{"@type":"Organization","@id":"https:\/\/www.lepetitepicurien.com\/#organization","name":"Le Petit \u00c9picurien","url":"https:\/\/www.lepetitepicurien.com\/","logo":{"@type":"ImageObject","inLanguage":"fr-FR","@id":"https:\/\/www.lepetitepicurien.com\/#\/schema\/logo\/image\/","url":"https:\/\/www.lepetitepicurien.com\/wp-content\/uploads\/2024\/03\/logo.png","contentUrl":"https:\/\/www.lepetitepicurien.com\/wp-content\/uploads\/2024\/03\/logo.png","width":1024,"height":1024,"caption":"Le Petit Epicurien"},"image":{"@id":"https:\/\/www.lepetitepicurien.com\/#\/schema\/logo\/image\/"}}]}},"jetpack_sharing_enabled":true,"_links":{"self":[{"href":"https:\/\/www.lepetitepicurien.com\/fr\/wp-json\/wp\/v2\/product\/654","targetHints":{"allow":["GET"]}}],"collection":[{"href":"https:\/\/www.lepetitepicurien.com\/fr\/wp-json\/wp\/v2\/product"}],"about":[{"href":"https:\/\/www.lepetitepicurien.com\/fr\/wp-json\/wp\/v2\/types\/product"}],"wp:featuredmedia":[{"embeddable":true,"href":"https:\/\/www.lepetitepicurien.com\/fr\/wp-json\/wp\/v2\/media\/669"}],"wp:attachment":[{"href":"https:\/\/www.lepetitepicurien.com\/fr\/wp-json\/wp\/v2\/media?parent=654"}],"wp:term":[{"taxonomy":"product_brand","embeddable":true,"href":"https:\/\/www.lepetitepicurien.com\/fr\/wp-json\/wp\/v2\/product_brand?post=654"},{"taxonomy":"product_cat","embeddable":true,"href":"https:\/\/www.lepetitepicurien.com\/fr\/wp-json\/wp\/v2\/product_cat?post=654"},{"taxonomy":"product_tag","embeddable":true,"href":"https:\/\/www.lepetitepicurien.com\/fr\/wp-json\/wp\/v2\/product_tag?post=654"}],"curies":[{"name":"wp","href":"https:\/\/api.w.org\/{rel}","templated":true}]}}