{"id":655,"date":"2024-08-14T22:49:28","date_gmt":"2024-08-15T02:49:28","guid":{"rendered":"https:\/\/www.lepetitepicurien.com\/?post_type=product&#038;p=655"},"modified":"2025-04-02T21:31:29","modified_gmt":"2025-04-03T01:31:29","slug":"pyramid-valencay-cendree-cheese-fresh-250g-8-82oz","status":"publish","type":"product","link":"http:\/\/www.lepetitepicurien.com\/fr\/product\/pyramid-valencay-cendree-cheese-fresh-250g-8-82oz\/","title":{"rendered":"Fromage frais Cendr\u00e9e de Valen\u00e7ay Pyramide \u2013 250g\/8.82oz"},"content":{"rendered":"<p>Notre fromage de ch\u00e8vre frais est l&#039;un des fromages fran\u00e7ais classiques fabriqu\u00e9 dans la province du Berry, dans le centre de la France. Il doit son nom \u00e0 la ville fran\u00e7aise de Valen\u00e7ay d&#039;o\u00f9 il est originaire.<\/p>\n<p>Ce fromage de ch\u00e8vre savoureux est un fromage frais \u00e0 p\u00e2te molle saupoudr\u00e9 de cendre. Il est enrob\u00e9 de cendre v\u00e9g\u00e9tale et fabriqu\u00e9 dans des laiteries. Il a une texture cr\u00e9meuse et onctueuse avec une l\u00e9g\u00e8re douceur et un go\u00fbt frais d&#039;agrumes.<\/p>\n<p>Saviez-vous que la forme du fromage de ch\u00e8vre de Valen\u00e7ay a \u00e9t\u00e9 con\u00e7ue par Napol\u00e9on ?<\/p>\n<p>Ce qui le rend reconnaissable, c&#039;est sa forme pyramidale. Lorsque l&#039;empereur revint \u00e0 Valen\u00e7ay apr\u00e8s son exp\u00e9dition infructueuse en Egypte, il vit le fromage pyramidal et, dans un acc\u00e8s de col\u00e8re, d\u00e9gaina son \u00e9p\u00e9e et coupa le sommet. Depuis lors, le fromage a toujours la forme d&#039;un sommet aplati.<\/p>","protected":false},"excerpt":{"rendered":"<p>Le Valen\u00e7ay est un fromage au lait cru de ch\u00e8vre. Sa cro\u00fbte a une couleur bleu-gris rustique qui est due aux moisissures naturelles. La cro\u00fbte est ensuite saupoudr\u00e9e de cendre.<\/p>","protected":false},"featured_media":670,"template":"","meta":[],"product_brand":[],"product_cat":[30],"product_tag":[],"class_list":{"0":"post-655","1":"product","2":"type-product","3":"status-publish","4":"has-post-thumbnail","6":"product_cat-cheeses","7":"product_shipping_class-cooler","9":"first","10":"outofstock","11":"taxable","12":"shipping-taxable","13":"purchasable","14":"product-type-simple"},"yoast_head":"<!-- This site is optimized with the Yoast SEO plugin v27.5 - https:\/\/yoast.com\/product\/yoast-seo-wordpress\/ -->\n<title>Pyramid Valencay Cendr\u00e9e Cheese Fresh - 250g\/8.82oz - Le Petit Epicurien<\/title>\n<meta name=\"description\" content=\"Experience the rich, tangy flavor of Valen\u00e7ay Cendr\u00e9e Cheese. This imported French goat cheese features a unique pyramid shape and ash-coated rind\u2014fresh.\" \/>\n<meta name=\"robots\" content=\"index, follow, max-snippet:-1, max-image-preview:large, max-video-preview:-1\" \/>\n<link rel=\"canonical\" href=\"https:\/\/www.lepetitepicurien.com\/fr\/produit\/fromage-frais-pyramide-valencay-cendree-250g-8-82oz\/\" \/>\n<meta property=\"og:locale\" content=\"fr_FR\" \/>\n<meta property=\"og:type\" content=\"article\" \/>\n<meta property=\"og:title\" content=\"Pyramid Valencay Cendr\u00e9e Cheese Fresh - 250g\/8.82oz - Le Petit Epicurien\" \/>\n<meta property=\"og:description\" content=\"Experience the rich, tangy flavor of Valen\u00e7ay Cendr\u00e9e Cheese. This imported French goat cheese features a unique pyramid shape and ash-coated rind\u2014fresh.\" \/>\n<meta property=\"og:url\" content=\"https:\/\/www.lepetitepicurien.com\/fr\/produit\/fromage-frais-pyramide-valencay-cendree-250g-8-82oz\/\" \/>\n<meta property=\"og:site_name\" content=\"Le Petit Epicurien\" \/>\n<meta property=\"article:modified_time\" content=\"2025-04-03T01:31:29+00:00\" \/>\n<meta property=\"og:image\" content=\"https:\/\/www.lepetitepicurien.com\/wp-content\/uploads\/2024\/08\/DAF705-2-1.jpg\" \/>\n\t<meta property=\"og:image:width\" content=\"600\" \/>\n\t<meta property=\"og:image:height\" content=\"600\" \/>\n\t<meta property=\"og:image:type\" content=\"image\/jpeg\" \/>\n<meta name=\"twitter:card\" content=\"summary_large_image\" \/>\n<meta name=\"twitter:label1\" content=\"Dur\u00e9e de lecture estim\u00e9e\" \/>\n\t<meta name=\"twitter:data1\" content=\"1 minute\" \/>\n<script type=\"application\/ld+json\" class=\"yoast-schema-graph\">{\"@context\":\"https:\\\/\\\/schema.org\",\"@graph\":[{\"@type\":\"WebPage\",\"@id\":\"https:\\\/\\\/www.lepetitepicurien.com\\\/product\\\/pyramid-valencay-cendree-cheese-fresh-250g-8-82oz\\\/\",\"url\":\"https:\\\/\\\/www.lepetitepicurien.com\\\/product\\\/pyramid-valencay-cendree-cheese-fresh-250g-8-82oz\\\/\",\"name\":\"Pyramid Valencay Cendr\u00e9e Cheese Fresh - 250g\\\/8.82oz - Le Petit Epicurien\",\"isPartOf\":{\"@id\":\"https:\\\/\\\/www.lepetitepicurien.com\\\/#website\"},\"primaryImageOfPage\":{\"@id\":\"https:\\\/\\\/www.lepetitepicurien.com\\\/product\\\/pyramid-valencay-cendree-cheese-fresh-250g-8-82oz\\\/#primaryimage\"},\"image\":{\"@id\":\"https:\\\/\\\/www.lepetitepicurien.com\\\/product\\\/pyramid-valencay-cendree-cheese-fresh-250g-8-82oz\\\/#primaryimage\"},\"thumbnailUrl\":\"https:\\\/\\\/www.lepetitepicurien.com\\\/wp-content\\\/uploads\\\/2024\\\/08\\\/DAF705-2-1.jpg\",\"datePublished\":\"2024-08-15T02:49:28+00:00\",\"dateModified\":\"2025-04-03T01:31:29+00:00\",\"description\":\"Experience the rich, tangy flavor of Valen\u00e7ay Cendr\u00e9e Cheese. This imported French goat cheese features a unique pyramid shape and ash-coated rind\u2014fresh.\",\"breadcrumb\":{\"@id\":\"https:\\\/\\\/www.lepetitepicurien.com\\\/product\\\/pyramid-valencay-cendree-cheese-fresh-250g-8-82oz\\\/#breadcrumb\"},\"inLanguage\":\"fr-FR\",\"potentialAction\":[{\"@type\":\"ReadAction\",\"target\":[\"https:\\\/\\\/www.lepetitepicurien.com\\\/product\\\/pyramid-valencay-cendree-cheese-fresh-250g-8-82oz\\\/\"]}]},{\"@type\":\"ImageObject\",\"inLanguage\":\"fr-FR\",\"@id\":\"https:\\\/\\\/www.lepetitepicurien.com\\\/product\\\/pyramid-valencay-cendree-cheese-fresh-250g-8-82oz\\\/#primaryimage\",\"url\":\"https:\\\/\\\/www.lepetitepicurien.com\\\/wp-content\\\/uploads\\\/2024\\\/08\\\/DAF705-2-1.jpg\",\"contentUrl\":\"https:\\\/\\\/www.lepetitepicurien.com\\\/wp-content\\\/uploads\\\/2024\\\/08\\\/DAF705-2-1.jpg\",\"width\":600,\"height\":600},{\"@type\":\"BreadcrumbList\",\"@id\":\"https:\\\/\\\/www.lepetitepicurien.com\\\/product\\\/pyramid-valencay-cendree-cheese-fresh-250g-8-82oz\\\/#breadcrumb\",\"itemListElement\":[{\"@type\":\"ListItem\",\"position\":1,\"name\":\"Home\",\"item\":\"https:\\\/\\\/www.lepetitepicurien.com\\\/\"},{\"@type\":\"ListItem\",\"position\":2,\"name\":\"Shop\",\"item\":\"https:\\\/\\\/www.lepetitepicurien.com\\\/shop\\\/\"},{\"@type\":\"ListItem\",\"position\":3,\"name\":\"Pyramid Valencay Cendr\u00e9e Cheese Fresh &#8211; 250g\\\/8.82oz\"}]},{\"@type\":\"WebSite\",\"@id\":\"https:\\\/\\\/www.lepetitepicurien.com\\\/#website\",\"url\":\"https:\\\/\\\/www.lepetitepicurien.com\\\/\",\"name\":\"Le Petit Epicurien\",\"description\":\"Online Grocery for European Gourmet Food\",\"publisher\":{\"@id\":\"https:\\\/\\\/www.lepetitepicurien.com\\\/#organization\"},\"potentialAction\":[{\"@type\":\"SearchAction\",\"target\":{\"@type\":\"EntryPoint\",\"urlTemplate\":\"https:\\\/\\\/www.lepetitepicurien.com\\\/?s={search_term_string}\"},\"query-input\":{\"@type\":\"PropertyValueSpecification\",\"valueRequired\":true,\"valueName\":\"search_term_string\"}}],\"inLanguage\":\"fr-FR\"},{\"@type\":\"Organization\",\"@id\":\"https:\\\/\\\/www.lepetitepicurien.com\\\/#organization\",\"name\":\"Le Petit Epicurien\",\"url\":\"https:\\\/\\\/www.lepetitepicurien.com\\\/\",\"logo\":{\"@type\":\"ImageObject\",\"inLanguage\":\"fr-FR\",\"@id\":\"https:\\\/\\\/www.lepetitepicurien.com\\\/#\\\/schema\\\/logo\\\/image\\\/\",\"url\":\"https:\\\/\\\/www.lepetitepicurien.com\\\/wp-content\\\/uploads\\\/2024\\\/03\\\/logo.png\",\"contentUrl\":\"https:\\\/\\\/www.lepetitepicurien.com\\\/wp-content\\\/uploads\\\/2024\\\/03\\\/logo.png\",\"width\":1024,\"height\":1024,\"caption\":\"Le Petit Epicurien\"},\"image\":{\"@id\":\"https:\\\/\\\/www.lepetitepicurien.com\\\/#\\\/schema\\\/logo\\\/image\\\/\"}}]}<\/script>\n<!-- \/ Yoast SEO plugin. -->","yoast_head_json":{"title":"Pyramide Valen\u00e7ay Cendr\u00e9e Fromage Frais - 250g - Le Petit Epicurien","description":"D\u00e9couvrez la saveur riche et acidul\u00e9e du fromage Valen\u00e7ay Cendr\u00e9e. Ce fromage de ch\u00e8vre fran\u00e7ais import\u00e9 pr\u00e9sente une forme pyramidale unique et une cro\u00fbte fra\u00eeche recouverte de cendre.","robots":{"index":"index","follow":"follow","max-snippet":"max-snippet:-1","max-image-preview":"max-image-preview:large","max-video-preview":"max-video-preview:-1"},"canonical":"https:\/\/www.lepetitepicurien.com\/fr\/produit\/fromage-frais-pyramide-valencay-cendree-250g-8-82oz\/","og_locale":"fr_FR","og_type":"article","og_title":"Pyramid Valencay Cendr\u00e9e Cheese Fresh - 250g\/8.82oz - Le Petit Epicurien","og_description":"Experience the rich, tangy flavor of Valen\u00e7ay Cendr\u00e9e Cheese. This imported French goat cheese features a unique pyramid shape and ash-coated rind\u2014fresh.","og_url":"https:\/\/www.lepetitepicurien.com\/fr\/produit\/fromage-frais-pyramide-valencay-cendree-250g-8-82oz\/","og_site_name":"Le Petit Epicurien","article_modified_time":"2025-04-03T01:31:29+00:00","og_image":[{"width":600,"height":600,"url":"https:\/\/www.lepetitepicurien.com\/wp-content\/uploads\/2024\/08\/DAF705-2-1.jpg","type":"image\/jpeg"}],"twitter_card":"summary_large_image","twitter_misc":{"Dur\u00e9e de lecture estim\u00e9e":"1 minute"},"schema":{"@context":"https:\/\/schema.org","@graph":[{"@type":"WebPage","@id":"https:\/\/www.lepetitepicurien.com\/product\/pyramid-valencay-cendree-cheese-fresh-250g-8-82oz\/","url":"https:\/\/www.lepetitepicurien.com\/product\/pyramid-valencay-cendree-cheese-fresh-250g-8-82oz\/","name":"Pyramide Valen\u00e7ay Cendr\u00e9e Fromage Frais - 250g - Le Petit Epicurien","isPartOf":{"@id":"https:\/\/www.lepetitepicurien.com\/#website"},"primaryImageOfPage":{"@id":"https:\/\/www.lepetitepicurien.com\/product\/pyramid-valencay-cendree-cheese-fresh-250g-8-82oz\/#primaryimage"},"image":{"@id":"https:\/\/www.lepetitepicurien.com\/product\/pyramid-valencay-cendree-cheese-fresh-250g-8-82oz\/#primaryimage"},"thumbnailUrl":"https:\/\/www.lepetitepicurien.com\/wp-content\/uploads\/2024\/08\/DAF705-2-1.jpg","datePublished":"2024-08-15T02:49:28+00:00","dateModified":"2025-04-03T01:31:29+00:00","description":"D\u00e9couvrez la saveur riche et acidul\u00e9e du fromage Valen\u00e7ay Cendr\u00e9e. Ce fromage de ch\u00e8vre fran\u00e7ais import\u00e9 pr\u00e9sente une forme pyramidale unique et une cro\u00fbte fra\u00eeche recouverte de cendre.","breadcrumb":{"@id":"https:\/\/www.lepetitepicurien.com\/product\/pyramid-valencay-cendree-cheese-fresh-250g-8-82oz\/#breadcrumb"},"inLanguage":"fr-FR","potentialAction":[{"@type":"ReadAction","target":["https:\/\/www.lepetitepicurien.com\/product\/pyramid-valencay-cendree-cheese-fresh-250g-8-82oz\/"]}]},{"@type":"ImageObject","inLanguage":"fr-FR","@id":"https:\/\/www.lepetitepicurien.com\/product\/pyramid-valencay-cendree-cheese-fresh-250g-8-82oz\/#primaryimage","url":"https:\/\/www.lepetitepicurien.com\/wp-content\/uploads\/2024\/08\/DAF705-2-1.jpg","contentUrl":"https:\/\/www.lepetitepicurien.com\/wp-content\/uploads\/2024\/08\/DAF705-2-1.jpg","width":600,"height":600},{"@type":"BreadcrumbList","@id":"https:\/\/www.lepetitepicurien.com\/product\/pyramid-valencay-cendree-cheese-fresh-250g-8-82oz\/#breadcrumb","itemListElement":[{"@type":"ListItem","position":1,"name":"Home","item":"https:\/\/www.lepetitepicurien.com\/"},{"@type":"ListItem","position":2,"name":"Shop","item":"https:\/\/www.lepetitepicurien.com\/shop\/"},{"@type":"ListItem","position":3,"name":"Pyramid Valencay Cendr\u00e9e Cheese Fresh &#8211; 250g\/8.82oz"}]},{"@type":"WebSite","@id":"https:\/\/www.lepetitepicurien.com\/#website","url":"https:\/\/www.lepetitepicurien.com\/","name":"Le Petit \u00c9picurien","description":"\u00c9picerie en ligne pour la gastronomie europ\u00e9enne","publisher":{"@id":"https:\/\/www.lepetitepicurien.com\/#organization"},"potentialAction":[{"@type":"SearchAction","target":{"@type":"EntryPoint","urlTemplate":"https:\/\/www.lepetitepicurien.com\/?s={search_term_string}"},"query-input":{"@type":"PropertyValueSpecification","valueRequired":true,"valueName":"search_term_string"}}],"inLanguage":"fr-FR"},{"@type":"Organization","@id":"https:\/\/www.lepetitepicurien.com\/#organization","name":"Le Petit \u00c9picurien","url":"https:\/\/www.lepetitepicurien.com\/","logo":{"@type":"ImageObject","inLanguage":"fr-FR","@id":"https:\/\/www.lepetitepicurien.com\/#\/schema\/logo\/image\/","url":"https:\/\/www.lepetitepicurien.com\/wp-content\/uploads\/2024\/03\/logo.png","contentUrl":"https:\/\/www.lepetitepicurien.com\/wp-content\/uploads\/2024\/03\/logo.png","width":1024,"height":1024,"caption":"Le Petit Epicurien"},"image":{"@id":"https:\/\/www.lepetitepicurien.com\/#\/schema\/logo\/image\/"}}]}},"jetpack_sharing_enabled":true,"_links":{"self":[{"href":"http:\/\/www.lepetitepicurien.com\/fr\/wp-json\/wp\/v2\/product\/655","targetHints":{"allow":["GET"]}}],"collection":[{"href":"http:\/\/www.lepetitepicurien.com\/fr\/wp-json\/wp\/v2\/product"}],"about":[{"href":"http:\/\/www.lepetitepicurien.com\/fr\/wp-json\/wp\/v2\/types\/product"}],"wp:featuredmedia":[{"embeddable":true,"href":"http:\/\/www.lepetitepicurien.com\/fr\/wp-json\/wp\/v2\/media\/670"}],"wp:attachment":[{"href":"http:\/\/www.lepetitepicurien.com\/fr\/wp-json\/wp\/v2\/media?parent=655"}],"wp:term":[{"taxonomy":"product_brand","embeddable":true,"href":"http:\/\/www.lepetitepicurien.com\/fr\/wp-json\/wp\/v2\/product_brand?post=655"},{"taxonomy":"product_cat","embeddable":true,"href":"http:\/\/www.lepetitepicurien.com\/fr\/wp-json\/wp\/v2\/product_cat?post=655"},{"taxonomy":"product_tag","embeddable":true,"href":"http:\/\/www.lepetitepicurien.com\/fr\/wp-json\/wp\/v2\/product_tag?post=655"}],"curies":[{"name":"wp","href":"https:\/\/api.w.org\/{rel}","templated":true}]}}