{"id":657,"date":"2024-08-14T22:49:28","date_gmt":"2024-08-15T02:49:28","guid":{"rendered":"https:\/\/www.lepetitepicurien.com\/?post_type=product&#038;p=657"},"modified":"2025-04-02T21:31:29","modified_gmt":"2025-04-03T01:31:29","slug":"manchego-aged-cheese-450g-1lb","status":"publish","type":"product","link":"https:\/\/www.lepetitepicurien.com\/fr\/product\/manchego-aged-cheese-450g-1lb\/","title":{"rendered":"Fromage Manchego affin\u00e9 \u2013 450 g\/1 lb"},"content":{"rendered":"<p>Le fromage Manchego est loin d&#039;\u00eatre le fromage espagnol le plus connu au monde. Sa cro\u00fbte est orn\u00e9e d&#039;un motif en zigzag typique, qui s&#039;\u00e9tend sur les meules sup\u00e9rieures et inf\u00e9rieures du fromage. Ce fromage c\u00e9l\u00e8bre a remport\u00e9 l&#039;or et l&#039;argent aux World Cheese Awards 2014.<\/p>\n<p>Le Manchego est un fromage d\u00e9licieux pour les plateaux de tapas et se marie parfaitement avec la p\u00e2te de coing et le vin rouge.<\/p>","protected":false},"excerpt":{"rendered":"<p>Le fromage Manchego authentique est fabriqu\u00e9 uniquement \u00e0 partir de lait de brebis de race Manchego. Il provient de la r\u00e9gion de La Mancha en Espagne.<\/p>","protected":false},"featured_media":672,"template":"","meta":[],"product_brand":[],"product_cat":[30],"product_tag":[],"class_list":{"0":"post-657","1":"product","2":"type-product","3":"status-publish","4":"has-post-thumbnail","6":"product_cat-cheeses","7":"product_shipping_class-cooler","9":"first","10":"instock","11":"taxable","12":"shipping-taxable","13":"purchasable","14":"product-type-simple"},"yoast_head":"<!-- This site is optimized with the Yoast SEO plugin v27.5 - https:\/\/yoast.com\/product\/yoast-seo-wordpress\/ -->\n<title>Manchego Aged Cheese - 450g\/1lb - Le Petit Epicurien<\/title>\n<meta name=\"description\" content=\"Experience the rich, nutty flavor of Aged Manchego Cheese. This imported Spanish sheep\u2019s milk cheese weighs 450g, perfect for gourmet dishes and cheese boards.\" \/>\n<meta name=\"robots\" content=\"index, follow, max-snippet:-1, max-image-preview:large, max-video-preview:-1\" \/>\n<link rel=\"canonical\" href=\"https:\/\/www.lepetitepicurien.com\/fr\/produit\/fromage-manchego-affine-450g-1lb\/\" \/>\n<meta property=\"og:locale\" content=\"fr_FR\" \/>\n<meta property=\"og:type\" content=\"article\" \/>\n<meta property=\"og:title\" content=\"Manchego Aged Cheese - 450g\/1lb - Le Petit Epicurien\" \/>\n<meta property=\"og:description\" content=\"Experience the rich, nutty flavor of Aged Manchego Cheese. This imported Spanish sheep\u2019s milk cheese weighs 450g, perfect for gourmet dishes and cheese boards.\" \/>\n<meta property=\"og:url\" content=\"https:\/\/www.lepetitepicurien.com\/fr\/produit\/fromage-manchego-affine-450g-1lb\/\" \/>\n<meta property=\"og:site_name\" content=\"Le Petit Epicurien\" \/>\n<meta property=\"article:modified_time\" content=\"2025-04-03T01:31:29+00:00\" \/>\n<meta property=\"og:image\" content=\"https:\/\/www.lepetitepicurien.com\/wp-content\/uploads\/2024\/08\/DAS0025-2-1.jpg\" \/>\n\t<meta property=\"og:image:width\" content=\"600\" \/>\n\t<meta property=\"og:image:height\" content=\"600\" \/>\n\t<meta property=\"og:image:type\" content=\"image\/jpeg\" \/>\n<meta name=\"twitter:card\" content=\"summary_large_image\" \/>\n<meta name=\"twitter:label1\" content=\"Dur\u00e9e de lecture estim\u00e9e\" \/>\n\t<meta name=\"twitter:data1\" content=\"1 minute\" \/>\n<script type=\"application\/ld+json\" class=\"yoast-schema-graph\">{\"@context\":\"https:\\\/\\\/schema.org\",\"@graph\":[{\"@type\":\"WebPage\",\"@id\":\"https:\\\/\\\/www.lepetitepicurien.com\\\/product\\\/manchego-aged-cheese-450g-1lb\\\/\",\"url\":\"https:\\\/\\\/www.lepetitepicurien.com\\\/product\\\/manchego-aged-cheese-450g-1lb\\\/\",\"name\":\"Manchego Aged Cheese - 450g\\\/1lb - Le Petit Epicurien\",\"isPartOf\":{\"@id\":\"https:\\\/\\\/www.lepetitepicurien.com\\\/#website\"},\"primaryImageOfPage\":{\"@id\":\"https:\\\/\\\/www.lepetitepicurien.com\\\/product\\\/manchego-aged-cheese-450g-1lb\\\/#primaryimage\"},\"image\":{\"@id\":\"https:\\\/\\\/www.lepetitepicurien.com\\\/product\\\/manchego-aged-cheese-450g-1lb\\\/#primaryimage\"},\"thumbnailUrl\":\"https:\\\/\\\/www.lepetitepicurien.com\\\/wp-content\\\/uploads\\\/2024\\\/08\\\/DAS0025-2-1.jpg\",\"datePublished\":\"2024-08-15T02:49:28+00:00\",\"dateModified\":\"2025-04-03T01:31:29+00:00\",\"description\":\"Experience the rich, nutty flavor of Aged Manchego Cheese. This imported Spanish sheep\u2019s milk cheese weighs 450g, perfect for gourmet dishes and cheese boards.\",\"breadcrumb\":{\"@id\":\"https:\\\/\\\/www.lepetitepicurien.com\\\/product\\\/manchego-aged-cheese-450g-1lb\\\/#breadcrumb\"},\"inLanguage\":\"fr-FR\",\"potentialAction\":[{\"@type\":\"ReadAction\",\"target\":[\"https:\\\/\\\/www.lepetitepicurien.com\\\/product\\\/manchego-aged-cheese-450g-1lb\\\/\"]}]},{\"@type\":\"ImageObject\",\"inLanguage\":\"fr-FR\",\"@id\":\"https:\\\/\\\/www.lepetitepicurien.com\\\/product\\\/manchego-aged-cheese-450g-1lb\\\/#primaryimage\",\"url\":\"https:\\\/\\\/www.lepetitepicurien.com\\\/wp-content\\\/uploads\\\/2024\\\/08\\\/DAS0025-2-1.jpg\",\"contentUrl\":\"https:\\\/\\\/www.lepetitepicurien.com\\\/wp-content\\\/uploads\\\/2024\\\/08\\\/DAS0025-2-1.jpg\",\"width\":600,\"height\":600},{\"@type\":\"BreadcrumbList\",\"@id\":\"https:\\\/\\\/www.lepetitepicurien.com\\\/product\\\/manchego-aged-cheese-450g-1lb\\\/#breadcrumb\",\"itemListElement\":[{\"@type\":\"ListItem\",\"position\":1,\"name\":\"Home\",\"item\":\"https:\\\/\\\/www.lepetitepicurien.com\\\/\"},{\"@type\":\"ListItem\",\"position\":2,\"name\":\"Shop\",\"item\":\"https:\\\/\\\/www.lepetitepicurien.com\\\/shop\\\/\"},{\"@type\":\"ListItem\",\"position\":3,\"name\":\"Manchego Aged Cheese &#8211; 450g\\\/1lb\"}]},{\"@type\":\"WebSite\",\"@id\":\"https:\\\/\\\/www.lepetitepicurien.com\\\/#website\",\"url\":\"https:\\\/\\\/www.lepetitepicurien.com\\\/\",\"name\":\"Le Petit Epicurien\",\"description\":\"Online Grocery for European Gourmet Food\",\"publisher\":{\"@id\":\"https:\\\/\\\/www.lepetitepicurien.com\\\/#organization\"},\"potentialAction\":[{\"@type\":\"SearchAction\",\"target\":{\"@type\":\"EntryPoint\",\"urlTemplate\":\"https:\\\/\\\/www.lepetitepicurien.com\\\/?s={search_term_string}\"},\"query-input\":{\"@type\":\"PropertyValueSpecification\",\"valueRequired\":true,\"valueName\":\"search_term_string\"}}],\"inLanguage\":\"fr-FR\"},{\"@type\":\"Organization\",\"@id\":\"https:\\\/\\\/www.lepetitepicurien.com\\\/#organization\",\"name\":\"Le Petit Epicurien\",\"url\":\"https:\\\/\\\/www.lepetitepicurien.com\\\/\",\"logo\":{\"@type\":\"ImageObject\",\"inLanguage\":\"fr-FR\",\"@id\":\"https:\\\/\\\/www.lepetitepicurien.com\\\/#\\\/schema\\\/logo\\\/image\\\/\",\"url\":\"https:\\\/\\\/www.lepetitepicurien.com\\\/wp-content\\\/uploads\\\/2024\\\/03\\\/logo.png\",\"contentUrl\":\"https:\\\/\\\/www.lepetitepicurien.com\\\/wp-content\\\/uploads\\\/2024\\\/03\\\/logo.png\",\"width\":1024,\"height\":1024,\"caption\":\"Le Petit Epicurien\"},\"image\":{\"@id\":\"https:\\\/\\\/www.lepetitepicurien.com\\\/#\\\/schema\\\/logo\\\/image\\\/\"}}]}<\/script>\n<!-- \/ Yoast SEO plugin. -->","yoast_head_json":{"title":"Fromage Manchego Affin\u00e9 - 450g\/1lb - Le Petit Epicurien","description":"D\u00e9couvrez la saveur riche et noiset\u00e9e du fromage Manchego affin\u00e9. Ce fromage au lait de brebis espagnol import\u00e9 p\u00e8se 450 g, parfait pour les plats gastronomiques et les plateaux de fromages.","robots":{"index":"index","follow":"follow","max-snippet":"max-snippet:-1","max-image-preview":"max-image-preview:large","max-video-preview":"max-video-preview:-1"},"canonical":"https:\/\/www.lepetitepicurien.com\/fr\/produit\/fromage-manchego-affine-450g-1lb\/","og_locale":"fr_FR","og_type":"article","og_title":"Manchego Aged Cheese - 450g\/1lb - Le Petit Epicurien","og_description":"Experience the rich, nutty flavor of Aged Manchego Cheese. This imported Spanish sheep\u2019s milk cheese weighs 450g, perfect for gourmet dishes and cheese boards.","og_url":"https:\/\/www.lepetitepicurien.com\/fr\/produit\/fromage-manchego-affine-450g-1lb\/","og_site_name":"Le Petit Epicurien","article_modified_time":"2025-04-03T01:31:29+00:00","og_image":[{"width":600,"height":600,"url":"https:\/\/www.lepetitepicurien.com\/wp-content\/uploads\/2024\/08\/DAS0025-2-1.jpg","type":"image\/jpeg"}],"twitter_card":"summary_large_image","twitter_misc":{"Dur\u00e9e de lecture estim\u00e9e":"1 minute"},"schema":{"@context":"https:\/\/schema.org","@graph":[{"@type":"WebPage","@id":"https:\/\/www.lepetitepicurien.com\/product\/manchego-aged-cheese-450g-1lb\/","url":"https:\/\/www.lepetitepicurien.com\/product\/manchego-aged-cheese-450g-1lb\/","name":"Fromage Manchego Affin\u00e9 - 450g\/1lb - Le Petit Epicurien","isPartOf":{"@id":"https:\/\/www.lepetitepicurien.com\/#website"},"primaryImageOfPage":{"@id":"https:\/\/www.lepetitepicurien.com\/product\/manchego-aged-cheese-450g-1lb\/#primaryimage"},"image":{"@id":"https:\/\/www.lepetitepicurien.com\/product\/manchego-aged-cheese-450g-1lb\/#primaryimage"},"thumbnailUrl":"https:\/\/www.lepetitepicurien.com\/wp-content\/uploads\/2024\/08\/DAS0025-2-1.jpg","datePublished":"2024-08-15T02:49:28+00:00","dateModified":"2025-04-03T01:31:29+00:00","description":"D\u00e9couvrez la saveur riche et noiset\u00e9e du fromage Manchego affin\u00e9. Ce fromage au lait de brebis espagnol import\u00e9 p\u00e8se 450 g, parfait pour les plats gastronomiques et les plateaux de fromages.","breadcrumb":{"@id":"https:\/\/www.lepetitepicurien.com\/product\/manchego-aged-cheese-450g-1lb\/#breadcrumb"},"inLanguage":"fr-FR","potentialAction":[{"@type":"ReadAction","target":["https:\/\/www.lepetitepicurien.com\/product\/manchego-aged-cheese-450g-1lb\/"]}]},{"@type":"ImageObject","inLanguage":"fr-FR","@id":"https:\/\/www.lepetitepicurien.com\/product\/manchego-aged-cheese-450g-1lb\/#primaryimage","url":"https:\/\/www.lepetitepicurien.com\/wp-content\/uploads\/2024\/08\/DAS0025-2-1.jpg","contentUrl":"https:\/\/www.lepetitepicurien.com\/wp-content\/uploads\/2024\/08\/DAS0025-2-1.jpg","width":600,"height":600},{"@type":"BreadcrumbList","@id":"https:\/\/www.lepetitepicurien.com\/product\/manchego-aged-cheese-450g-1lb\/#breadcrumb","itemListElement":[{"@type":"ListItem","position":1,"name":"Home","item":"https:\/\/www.lepetitepicurien.com\/"},{"@type":"ListItem","position":2,"name":"Shop","item":"https:\/\/www.lepetitepicurien.com\/shop\/"},{"@type":"ListItem","position":3,"name":"Manchego Aged Cheese &#8211; 450g\/1lb"}]},{"@type":"WebSite","@id":"https:\/\/www.lepetitepicurien.com\/#website","url":"https:\/\/www.lepetitepicurien.com\/","name":"Le Petit \u00c9picurien","description":"\u00c9picerie en ligne pour la gastronomie europ\u00e9enne","publisher":{"@id":"https:\/\/www.lepetitepicurien.com\/#organization"},"potentialAction":[{"@type":"SearchAction","target":{"@type":"EntryPoint","urlTemplate":"https:\/\/www.lepetitepicurien.com\/?s={search_term_string}"},"query-input":{"@type":"PropertyValueSpecification","valueRequired":true,"valueName":"search_term_string"}}],"inLanguage":"fr-FR"},{"@type":"Organization","@id":"https:\/\/www.lepetitepicurien.com\/#organization","name":"Le Petit \u00c9picurien","url":"https:\/\/www.lepetitepicurien.com\/","logo":{"@type":"ImageObject","inLanguage":"fr-FR","@id":"https:\/\/www.lepetitepicurien.com\/#\/schema\/logo\/image\/","url":"https:\/\/www.lepetitepicurien.com\/wp-content\/uploads\/2024\/03\/logo.png","contentUrl":"https:\/\/www.lepetitepicurien.com\/wp-content\/uploads\/2024\/03\/logo.png","width":1024,"height":1024,"caption":"Le Petit Epicurien"},"image":{"@id":"https:\/\/www.lepetitepicurien.com\/#\/schema\/logo\/image\/"}}]}},"jetpack_sharing_enabled":true,"_links":{"self":[{"href":"https:\/\/www.lepetitepicurien.com\/fr\/wp-json\/wp\/v2\/product\/657","targetHints":{"allow":["GET"]}}],"collection":[{"href":"https:\/\/www.lepetitepicurien.com\/fr\/wp-json\/wp\/v2\/product"}],"about":[{"href":"https:\/\/www.lepetitepicurien.com\/fr\/wp-json\/wp\/v2\/types\/product"}],"wp:featuredmedia":[{"embeddable":true,"href":"https:\/\/www.lepetitepicurien.com\/fr\/wp-json\/wp\/v2\/media\/672"}],"wp:attachment":[{"href":"https:\/\/www.lepetitepicurien.com\/fr\/wp-json\/wp\/v2\/media?parent=657"}],"wp:term":[{"taxonomy":"product_brand","embeddable":true,"href":"https:\/\/www.lepetitepicurien.com\/fr\/wp-json\/wp\/v2\/product_brand?post=657"},{"taxonomy":"product_cat","embeddable":true,"href":"https:\/\/www.lepetitepicurien.com\/fr\/wp-json\/wp\/v2\/product_cat?post=657"},{"taxonomy":"product_tag","embeddable":true,"href":"https:\/\/www.lepetitepicurien.com\/fr\/wp-json\/wp\/v2\/product_tag?post=657"}],"curies":[{"name":"wp","href":"https:\/\/api.w.org\/{rel}","templated":true}]}}