{"id":81,"date":"2024-03-09T00:57:02","date_gmt":"2024-03-09T05:57:02","guid":{"rendered":"https:\/\/www.lepetitepicurien.com\/?post_type=product&#038;p=81"},"modified":"2026-02-18T11:19:51","modified_gmt":"2026-02-18T16:19:51","slug":"raclette-750g-1-65-lbs-26-oz","status":"publish","type":"product","link":"http:\/\/www.lepetitepicurien.com\/fr\/product\/raclette-750g-1-65-lbs-26-oz\/","title":{"rendered":"Fromage \u00e0 raclette \u2013 750 g"},"content":{"rendered":"<p>Fromage \u00e0 raclette traditionnel provenant des Alpes fran\u00e7aises.<\/p>\n<p>Commandez davantage pour servir plus de personnes et obtenir des morceaux de fromage plus gros\u00a0:<\/p>\n<p>\u2013 4\/7 personnes : quantit\u00e9 <strong>x2<\/strong>, ce sera un <strong>quart de fromage<\/strong>\/Meule (~3,3 lbs \/ ~1,5 kg)<br \/>\n\u2013 10\/15 personnes : quantit\u00e9 command\u00e9e <strong>x4<\/strong>, ce sera un <strong>demi fromage<\/strong>\/Meule (~6,6 lbs \/ ~3 kg)<br \/>\n\u2013 20\/30 personnes : quantit\u00e9 command\u00e9e <strong>x8<\/strong>, ce sera le <strong>fromage entier<\/strong>\/Meule (~13,25 lbs \/ ~6 kg)<\/p>\n<p>&nbsp;<\/p>\n<p><strong>Comment pr\u00e9parer le fromage \u00e0 raclette ?<\/strong><br \/>\nChauffer la raclette, la faire fondre dans une machine sp\u00e9ciale et les parties fondues sont racl\u00e9es sur des assiettes. Servez-le ensuite avec des pommes de terre, des cornichons, des oignons marin\u00e9s et du jambon de votre choix. Le fromage se pr\u00e9sente sous des formes rondes et carr\u00e9es et peut \u00eatre servi avec tout type de vin.<\/p>","protected":false},"excerpt":{"rendered":"<p>Ce produit est destin\u00e9 \u00e0 2 \u00e0 3 personnes (tranch\u00e9, il fera plus de 24 tranches). Il est exp\u00e9di\u00e9 sous forme d&#039;un huiti\u00e8me de fromage\/Meule (~750 g). Commandez x2 pour obtenir un quart (~1,5 kg), x4 la moiti\u00e9 du fromage (~3 kg), x8 le fromage entier.<\/p>","protected":false},"featured_media":111,"template":"","meta":[],"product_brand":[],"product_cat":[30],"product_tag":[],"class_list":{"0":"post-81","1":"product","2":"type-product","3":"status-publish","4":"has-post-thumbnail","6":"product_cat-cheeses","7":"product_shipping_class-cooler","9":"first","10":"instock","11":"sale","12":"taxable","13":"shipping-taxable","14":"purchasable","15":"product-type-simple"},"yoast_head":"<!-- This site is optimized with the Yoast SEO plugin v27.5 - https:\/\/yoast.com\/product\/yoast-seo-wordpress\/ -->\n<title>Raclette Cheese - 750g\/1.65lb - Le Petit Epicurien<\/title>\n<meta name=\"description\" content=\"Indulge our rich and creamy French Raclette cheese, perfect for grilling or slice. It&#039;s an essential choice for a heartwarming and traditional Alps meal with friends or family.\" \/>\n<meta name=\"robots\" content=\"index, follow, max-snippet:-1, max-image-preview:large, max-video-preview:-1\" \/>\n<link rel=\"canonical\" href=\"https:\/\/www.lepetitepicurien.com\/fr\/produit\/fromage-raclette\/\" \/>\n<meta property=\"og:locale\" content=\"fr_FR\" \/>\n<meta property=\"og:type\" content=\"article\" \/>\n<meta property=\"og:title\" content=\"Raclette Cheese - 750g\/1.65lb - Le Petit Epicurien\" \/>\n<meta property=\"og:description\" content=\"Indulge our rich and creamy French Raclette cheese, perfect for grilling or slice. It&#039;s an essential choice for a heartwarming and traditional Alps meal with friends or family.\" \/>\n<meta property=\"og:url\" content=\"https:\/\/www.lepetitepicurien.com\/fr\/produit\/fromage-raclette\/\" \/>\n<meta property=\"og:site_name\" content=\"Le Petit Epicurien\" \/>\n<meta property=\"article:modified_time\" content=\"2026-02-18T16:19:51+00:00\" \/>\n<meta property=\"og:image\" content=\"https:\/\/www.lepetitepicurien.com\/wp-content\/uploads\/2024\/03\/DAF0015-3.jpg\" \/>\n\t<meta property=\"og:image:width\" content=\"600\" \/>\n\t<meta property=\"og:image:height\" content=\"600\" \/>\n\t<meta property=\"og:image:type\" content=\"image\/jpeg\" \/>\n<meta name=\"twitter:card\" content=\"summary_large_image\" \/>\n<meta name=\"twitter:label1\" content=\"Dur\u00e9e de lecture estim\u00e9e\" \/>\n\t<meta name=\"twitter:data1\" content=\"1 minute\" \/>\n<script type=\"application\/ld+json\" class=\"yoast-schema-graph\">{\"@context\":\"https:\\\/\\\/schema.org\",\"@graph\":[{\"@type\":\"WebPage\",\"@id\":\"https:\\\/\\\/www.lepetitepicurien.com\\\/product\\\/raclette-750g-1-65-lbs-26-oz\\\/\",\"url\":\"https:\\\/\\\/www.lepetitepicurien.com\\\/product\\\/raclette-750g-1-65-lbs-26-oz\\\/\",\"name\":\"Raclette Cheese - 750g\\\/1.65lb - Le Petit Epicurien\",\"isPartOf\":{\"@id\":\"https:\\\/\\\/www.lepetitepicurien.com\\\/#website\"},\"primaryImageOfPage\":{\"@id\":\"https:\\\/\\\/www.lepetitepicurien.com\\\/product\\\/raclette-750g-1-65-lbs-26-oz\\\/#primaryimage\"},\"image\":{\"@id\":\"https:\\\/\\\/www.lepetitepicurien.com\\\/product\\\/raclette-750g-1-65-lbs-26-oz\\\/#primaryimage\"},\"thumbnailUrl\":\"https:\\\/\\\/www.lepetitepicurien.com\\\/wp-content\\\/uploads\\\/2024\\\/03\\\/DAF0015-3.jpg\",\"datePublished\":\"2024-03-09T05:57:02+00:00\",\"dateModified\":\"2026-02-18T16:19:51+00:00\",\"description\":\"Indulge our rich and creamy French Raclette cheese, perfect for grilling or slice. It's an essential choice for a heartwarming and traditional Alps meal with friends or family.\",\"breadcrumb\":{\"@id\":\"https:\\\/\\\/www.lepetitepicurien.com\\\/product\\\/raclette-750g-1-65-lbs-26-oz\\\/#breadcrumb\"},\"inLanguage\":\"fr-FR\",\"potentialAction\":[{\"@type\":\"ReadAction\",\"target\":[\"https:\\\/\\\/www.lepetitepicurien.com\\\/product\\\/raclette-750g-1-65-lbs-26-oz\\\/\"]}]},{\"@type\":\"ImageObject\",\"inLanguage\":\"fr-FR\",\"@id\":\"https:\\\/\\\/www.lepetitepicurien.com\\\/product\\\/raclette-750g-1-65-lbs-26-oz\\\/#primaryimage\",\"url\":\"https:\\\/\\\/www.lepetitepicurien.com\\\/wp-content\\\/uploads\\\/2024\\\/03\\\/DAF0015-3.jpg\",\"contentUrl\":\"https:\\\/\\\/www.lepetitepicurien.com\\\/wp-content\\\/uploads\\\/2024\\\/03\\\/DAF0015-3.jpg\",\"width\":600,\"height\":600},{\"@type\":\"BreadcrumbList\",\"@id\":\"https:\\\/\\\/www.lepetitepicurien.com\\\/product\\\/raclette-750g-1-65-lbs-26-oz\\\/#breadcrumb\",\"itemListElement\":[{\"@type\":\"ListItem\",\"position\":1,\"name\":\"Home\",\"item\":\"https:\\\/\\\/www.lepetitepicurien.com\\\/\"},{\"@type\":\"ListItem\",\"position\":2,\"name\":\"Shop\",\"item\":\"https:\\\/\\\/www.lepetitepicurien.com\\\/shop\\\/\"},{\"@type\":\"ListItem\",\"position\":3,\"name\":\"Raclette Cheese &#8211; 750g\\\/1.65lb\"}]},{\"@type\":\"WebSite\",\"@id\":\"https:\\\/\\\/www.lepetitepicurien.com\\\/#website\",\"url\":\"https:\\\/\\\/www.lepetitepicurien.com\\\/\",\"name\":\"Le Petit Epicurien\",\"description\":\"Online Grocery for European Gourmet Food\",\"publisher\":{\"@id\":\"https:\\\/\\\/www.lepetitepicurien.com\\\/#organization\"},\"potentialAction\":[{\"@type\":\"SearchAction\",\"target\":{\"@type\":\"EntryPoint\",\"urlTemplate\":\"https:\\\/\\\/www.lepetitepicurien.com\\\/?s={search_term_string}\"},\"query-input\":{\"@type\":\"PropertyValueSpecification\",\"valueRequired\":true,\"valueName\":\"search_term_string\"}}],\"inLanguage\":\"fr-FR\"},{\"@type\":\"Organization\",\"@id\":\"https:\\\/\\\/www.lepetitepicurien.com\\\/#organization\",\"name\":\"Le Petit Epicurien\",\"url\":\"https:\\\/\\\/www.lepetitepicurien.com\\\/\",\"logo\":{\"@type\":\"ImageObject\",\"inLanguage\":\"fr-FR\",\"@id\":\"https:\\\/\\\/www.lepetitepicurien.com\\\/#\\\/schema\\\/logo\\\/image\\\/\",\"url\":\"https:\\\/\\\/www.lepetitepicurien.com\\\/wp-content\\\/uploads\\\/2024\\\/03\\\/logo.png\",\"contentUrl\":\"https:\\\/\\\/www.lepetitepicurien.com\\\/wp-content\\\/uploads\\\/2024\\\/03\\\/logo.png\",\"width\":1024,\"height\":1024,\"caption\":\"Le Petit Epicurien\"},\"image\":{\"@id\":\"https:\\\/\\\/www.lepetitepicurien.com\\\/#\\\/schema\\\/logo\\\/image\\\/\"}}]}<\/script>\n<!-- \/ Yoast SEO plugin. -->","yoast_head_json":{"title":"Fromage \u00e0 Raclette - 750g\/1.65lb - Le Petit Epicurien","description":"Offrez-vous notre fromage \u00e0 raclette fran\u00e7ais riche et cr\u00e9meux, parfait pour griller ou trancher. C&#039;est un choix incontournable pour un repas chaleureux et traditionnel des Alpes entre amis ou en famille.","robots":{"index":"index","follow":"follow","max-snippet":"max-snippet:-1","max-image-preview":"max-image-preview:large","max-video-preview":"max-video-preview:-1"},"canonical":"https:\/\/www.lepetitepicurien.com\/fr\/produit\/fromage-raclette\/","og_locale":"fr_FR","og_type":"article","og_title":"Raclette Cheese - 750g\/1.65lb - Le Petit Epicurien","og_description":"Indulge our rich and creamy French Raclette cheese, perfect for grilling or slice. It's an essential choice for a heartwarming and traditional Alps meal with friends or family.","og_url":"https:\/\/www.lepetitepicurien.com\/fr\/produit\/fromage-raclette\/","og_site_name":"Le Petit Epicurien","article_modified_time":"2026-02-18T16:19:51+00:00","og_image":[{"width":600,"height":600,"url":"https:\/\/www.lepetitepicurien.com\/wp-content\/uploads\/2024\/03\/DAF0015-3.jpg","type":"image\/jpeg"}],"twitter_card":"summary_large_image","twitter_misc":{"Dur\u00e9e de lecture estim\u00e9e":"1 minute"},"schema":{"@context":"https:\/\/schema.org","@graph":[{"@type":"WebPage","@id":"https:\/\/www.lepetitepicurien.com\/product\/raclette-750g-1-65-lbs-26-oz\/","url":"https:\/\/www.lepetitepicurien.com\/product\/raclette-750g-1-65-lbs-26-oz\/","name":"Fromage \u00e0 Raclette - 750g\/1.65lb - Le Petit Epicurien","isPartOf":{"@id":"https:\/\/www.lepetitepicurien.com\/#website"},"primaryImageOfPage":{"@id":"https:\/\/www.lepetitepicurien.com\/product\/raclette-750g-1-65-lbs-26-oz\/#primaryimage"},"image":{"@id":"https:\/\/www.lepetitepicurien.com\/product\/raclette-750g-1-65-lbs-26-oz\/#primaryimage"},"thumbnailUrl":"https:\/\/www.lepetitepicurien.com\/wp-content\/uploads\/2024\/03\/DAF0015-3.jpg","datePublished":"2024-03-09T05:57:02+00:00","dateModified":"2026-02-18T16:19:51+00:00","description":"Offrez-vous notre fromage \u00e0 raclette fran\u00e7ais riche et cr\u00e9meux, parfait pour griller ou trancher. C&#039;est un choix incontournable pour un repas chaleureux et traditionnel des Alpes entre amis ou en famille.","breadcrumb":{"@id":"https:\/\/www.lepetitepicurien.com\/product\/raclette-750g-1-65-lbs-26-oz\/#breadcrumb"},"inLanguage":"fr-FR","potentialAction":[{"@type":"ReadAction","target":["https:\/\/www.lepetitepicurien.com\/product\/raclette-750g-1-65-lbs-26-oz\/"]}]},{"@type":"ImageObject","inLanguage":"fr-FR","@id":"https:\/\/www.lepetitepicurien.com\/product\/raclette-750g-1-65-lbs-26-oz\/#primaryimage","url":"https:\/\/www.lepetitepicurien.com\/wp-content\/uploads\/2024\/03\/DAF0015-3.jpg","contentUrl":"https:\/\/www.lepetitepicurien.com\/wp-content\/uploads\/2024\/03\/DAF0015-3.jpg","width":600,"height":600},{"@type":"BreadcrumbList","@id":"https:\/\/www.lepetitepicurien.com\/product\/raclette-750g-1-65-lbs-26-oz\/#breadcrumb","itemListElement":[{"@type":"ListItem","position":1,"name":"Home","item":"https:\/\/www.lepetitepicurien.com\/"},{"@type":"ListItem","position":2,"name":"Shop","item":"https:\/\/www.lepetitepicurien.com\/shop\/"},{"@type":"ListItem","position":3,"name":"Raclette Cheese &#8211; 750g\/1.65lb"}]},{"@type":"WebSite","@id":"https:\/\/www.lepetitepicurien.com\/#website","url":"https:\/\/www.lepetitepicurien.com\/","name":"Le Petit \u00c9picurien","description":"\u00c9picerie en ligne pour la gastronomie europ\u00e9enne","publisher":{"@id":"https:\/\/www.lepetitepicurien.com\/#organization"},"potentialAction":[{"@type":"SearchAction","target":{"@type":"EntryPoint","urlTemplate":"https:\/\/www.lepetitepicurien.com\/?s={search_term_string}"},"query-input":{"@type":"PropertyValueSpecification","valueRequired":true,"valueName":"search_term_string"}}],"inLanguage":"fr-FR"},{"@type":"Organization","@id":"https:\/\/www.lepetitepicurien.com\/#organization","name":"Le Petit \u00c9picurien","url":"https:\/\/www.lepetitepicurien.com\/","logo":{"@type":"ImageObject","inLanguage":"fr-FR","@id":"https:\/\/www.lepetitepicurien.com\/#\/schema\/logo\/image\/","url":"https:\/\/www.lepetitepicurien.com\/wp-content\/uploads\/2024\/03\/logo.png","contentUrl":"https:\/\/www.lepetitepicurien.com\/wp-content\/uploads\/2024\/03\/logo.png","width":1024,"height":1024,"caption":"Le Petit Epicurien"},"image":{"@id":"https:\/\/www.lepetitepicurien.com\/#\/schema\/logo\/image\/"}}]}},"jetpack_sharing_enabled":true,"_links":{"self":[{"href":"http:\/\/www.lepetitepicurien.com\/fr\/wp-json\/wp\/v2\/product\/81","targetHints":{"allow":["GET"]}}],"collection":[{"href":"http:\/\/www.lepetitepicurien.com\/fr\/wp-json\/wp\/v2\/product"}],"about":[{"href":"http:\/\/www.lepetitepicurien.com\/fr\/wp-json\/wp\/v2\/types\/product"}],"wp:featuredmedia":[{"embeddable":true,"href":"http:\/\/www.lepetitepicurien.com\/fr\/wp-json\/wp\/v2\/media\/111"}],"wp:attachment":[{"href":"http:\/\/www.lepetitepicurien.com\/fr\/wp-json\/wp\/v2\/media?parent=81"}],"wp:term":[{"taxonomy":"product_brand","embeddable":true,"href":"http:\/\/www.lepetitepicurien.com\/fr\/wp-json\/wp\/v2\/product_brand?post=81"},{"taxonomy":"product_cat","embeddable":true,"href":"http:\/\/www.lepetitepicurien.com\/fr\/wp-json\/wp\/v2\/product_cat?post=81"},{"taxonomy":"product_tag","embeddable":true,"href":"http:\/\/www.lepetitepicurien.com\/fr\/wp-json\/wp\/v2\/product_tag?post=81"}],"curies":[{"name":"wp","href":"https:\/\/api.w.org\/{rel}","templated":true}]}}