{"id":86,"date":"2024-03-09T00:57:02","date_gmt":"2024-03-09T05:57:02","guid":{"rendered":"https:\/\/www.lepetitepicurien.com\/?post_type=product&#038;p=86"},"modified":"2026-03-17T18:53:51","modified_gmt":"2026-03-17T22:53:51","slug":"crottin-like-chavignol-60g-pack-of-2","status":"publish","type":"product","link":"http:\/\/www.lepetitepicurien.com\/fr\/product\/crottin-like-chavignol-60g-pack-of-2\/","title":{"rendered":"Crottin Chavignol \u2013 60g\/22.11oz \u2013 lot de 2"},"content":{"rendered":"<p>C&#039;est l&#039;un de ces fromages les plus rares pouvant \u00eatre consomm\u00e9s \u00e0 diff\u00e9rents stades de sa maturit\u00e9. Il est souvent consomm\u00e9 agr\u00e9ment\u00e9 de fines herbes, \u00e0 la sortie de la cuve \u00e0 fromage. A ce stade de maturation, il pr\u00e9sente un go\u00fbt cr\u00e9meux et noisette. Au bout de six semaines environ, alors que son odeur commence \u00e0 se renforcer, son p\u00e2t\u00e9 devient sec et cassant. De plus, une texture plus dure avec une saveur prononc\u00e9e commence \u00e0 se d\u00e9velopper. Par la suite, le fromage continue de m\u00fbrir et son go\u00fbt robuste s&#039;accentue, mais ne devient jamais aigre. Sa cro\u00fbte se d\u00e9veloppe avec le temps en une couche rugueuse et dure.<\/p>","protected":false},"excerpt":{"rendered":"<p>Le fromage Crottin de Chavignol est originaire de la Loire, Chavignol en France. Il est produit \u00e0 partir du lait cru des ch\u00e8vres alpines, facilement reconnaissables \u00e0 leur pelage brun et \u00e9pais.<\/p>","protected":false},"featured_media":125,"template":"","meta":[],"product_brand":[],"product_cat":[30],"product_tag":[],"class_list":{"0":"post-86","1":"product","2":"type-product","3":"status-publish","4":"has-post-thumbnail","6":"product_cat-cheeses","7":"product_shipping_class-cooler","9":"first","10":"instock","11":"taxable","12":"shipping-taxable","13":"purchasable","14":"product-type-simple"},"yoast_head":"<!-- This site is optimized with the Yoast SEO plugin v27.4 - https:\/\/yoast.com\/product\/yoast-seo-wordpress\/ -->\n<title>Crottin Chavignol Cheese - 60g\/22.11oz - pack of 2 - Le Petit Epicurien<\/title>\n<meta name=\"robots\" content=\"index, follow, max-snippet:-1, max-image-preview:large, max-video-preview:-1\" \/>\n<link rel=\"canonical\" href=\"https:\/\/www.lepetitepicurien.com\/fr\/produit\/\/\" \/>\n<meta property=\"og:locale\" content=\"fr_FR\" \/>\n<meta property=\"og:type\" content=\"article\" \/>\n<meta property=\"og:title\" content=\"Crottin Chavignol Cheese - 60g\/22.11oz - pack of 2 - Le Petit Epicurien\" \/>\n<meta property=\"og:description\" content=\"Crottin de Chavignol cheese originates from Loire, Chavignol in France. It is produced from raw milk of the alpine goats which can be easily recognized by their brown thick coats.\" \/>\n<meta property=\"og:url\" content=\"https:\/\/www.lepetitepicurien.com\/fr\/produit\/\/\" \/>\n<meta property=\"og:site_name\" content=\"Le Petit Epicurien\" \/>\n<meta property=\"article:modified_time\" content=\"2026-03-17T22:53:51+00:00\" \/>\n<meta property=\"og:image\" content=\"https:\/\/www.lepetitepicurien.com\/wp-content\/uploads\/2024\/03\/DAF0002-2.jpg\" \/>\n\t<meta property=\"og:image:width\" content=\"600\" \/>\n\t<meta property=\"og:image:height\" content=\"600\" \/>\n\t<meta property=\"og:image:type\" content=\"image\/jpeg\" \/>\n<meta name=\"twitter:card\" content=\"summary_large_image\" \/>\n<meta name=\"twitter:label1\" content=\"Dur\u00e9e de lecture estim\u00e9e\" \/>\n\t<meta name=\"twitter:data1\" content=\"1 minute\" \/>\n<script type=\"application\/ld+json\" class=\"yoast-schema-graph\">{\"@context\":\"https:\\\/\\\/schema.org\",\"@graph\":[{\"@type\":\"WebPage\",\"@id\":\"https:\\\/\\\/www.lepetitepicurien.com\\\/product\\\/crottin-like-chavignol-60g-pack-of-2\\\/\",\"url\":\"https:\\\/\\\/www.lepetitepicurien.com\\\/product\\\/crottin-like-chavignol-60g-pack-of-2\\\/\",\"name\":\"Crottin Chavignol Cheese - 60g\\\/22.11oz - pack of 2 - Le Petit Epicurien\",\"isPartOf\":{\"@id\":\"https:\\\/\\\/www.lepetitepicurien.com\\\/#website\"},\"primaryImageOfPage\":{\"@id\":\"https:\\\/\\\/www.lepetitepicurien.com\\\/product\\\/crottin-like-chavignol-60g-pack-of-2\\\/#primaryimage\"},\"image\":{\"@id\":\"https:\\\/\\\/www.lepetitepicurien.com\\\/product\\\/crottin-like-chavignol-60g-pack-of-2\\\/#primaryimage\"},\"thumbnailUrl\":\"https:\\\/\\\/www.lepetitepicurien.com\\\/wp-content\\\/uploads\\\/2024\\\/03\\\/DAF0002-2.jpg\",\"datePublished\":\"2024-03-09T05:57:02+00:00\",\"dateModified\":\"2026-03-17T22:53:51+00:00\",\"breadcrumb\":{\"@id\":\"https:\\\/\\\/www.lepetitepicurien.com\\\/product\\\/crottin-like-chavignol-60g-pack-of-2\\\/#breadcrumb\"},\"inLanguage\":\"fr-FR\",\"potentialAction\":[{\"@type\":\"ReadAction\",\"target\":[\"https:\\\/\\\/www.lepetitepicurien.com\\\/product\\\/crottin-like-chavignol-60g-pack-of-2\\\/\"]}]},{\"@type\":\"ImageObject\",\"inLanguage\":\"fr-FR\",\"@id\":\"https:\\\/\\\/www.lepetitepicurien.com\\\/product\\\/crottin-like-chavignol-60g-pack-of-2\\\/#primaryimage\",\"url\":\"https:\\\/\\\/www.lepetitepicurien.com\\\/wp-content\\\/uploads\\\/2024\\\/03\\\/DAF0002-2.jpg\",\"contentUrl\":\"https:\\\/\\\/www.lepetitepicurien.com\\\/wp-content\\\/uploads\\\/2024\\\/03\\\/DAF0002-2.jpg\",\"width\":600,\"height\":600},{\"@type\":\"BreadcrumbList\",\"@id\":\"https:\\\/\\\/www.lepetitepicurien.com\\\/product\\\/crottin-like-chavignol-60g-pack-of-2\\\/#breadcrumb\",\"itemListElement\":[{\"@type\":\"ListItem\",\"position\":1,\"name\":\"Home\",\"item\":\"https:\\\/\\\/www.lepetitepicurien.com\\\/\"},{\"@type\":\"ListItem\",\"position\":2,\"name\":\"Shop\",\"item\":\"https:\\\/\\\/www.lepetitepicurien.com\\\/shop\\\/\"},{\"@type\":\"ListItem\",\"position\":3,\"name\":\"Crottin Chavignol Cheese &#8211; 60g\\\/22.11oz &#8211; pack of 2\"}]},{\"@type\":\"WebSite\",\"@id\":\"https:\\\/\\\/www.lepetitepicurien.com\\\/#website\",\"url\":\"https:\\\/\\\/www.lepetitepicurien.com\\\/\",\"name\":\"Le Petit Epicurien\",\"description\":\"Online Grocery for European Gourmet Food\",\"publisher\":{\"@id\":\"https:\\\/\\\/www.lepetitepicurien.com\\\/#organization\"},\"potentialAction\":[{\"@type\":\"SearchAction\",\"target\":{\"@type\":\"EntryPoint\",\"urlTemplate\":\"https:\\\/\\\/www.lepetitepicurien.com\\\/?s={search_term_string}\"},\"query-input\":{\"@type\":\"PropertyValueSpecification\",\"valueRequired\":true,\"valueName\":\"search_term_string\"}}],\"inLanguage\":\"fr-FR\"},{\"@type\":\"Organization\",\"@id\":\"https:\\\/\\\/www.lepetitepicurien.com\\\/#organization\",\"name\":\"Le Petit Epicurien\",\"url\":\"https:\\\/\\\/www.lepetitepicurien.com\\\/\",\"logo\":{\"@type\":\"ImageObject\",\"inLanguage\":\"fr-FR\",\"@id\":\"https:\\\/\\\/www.lepetitepicurien.com\\\/#\\\/schema\\\/logo\\\/image\\\/\",\"url\":\"https:\\\/\\\/www.lepetitepicurien.com\\\/wp-content\\\/uploads\\\/2024\\\/03\\\/logo.png\",\"contentUrl\":\"https:\\\/\\\/www.lepetitepicurien.com\\\/wp-content\\\/uploads\\\/2024\\\/03\\\/logo.png\",\"width\":1024,\"height\":1024,\"caption\":\"Le Petit Epicurien\"},\"image\":{\"@id\":\"https:\\\/\\\/www.lepetitepicurien.com\\\/#\\\/schema\\\/logo\\\/image\\\/\"}}]}<\/script>\n<!-- \/ Yoast SEO plugin. -->","yoast_head_json":{"title":"Fromage Crottin Chavignol - 60g - paquet de 2 - Le Petit Epicurien","robots":{"index":"index","follow":"follow","max-snippet":"max-snippet:-1","max-image-preview":"max-image-preview:large","max-video-preview":"max-video-preview:-1"},"canonical":"https:\/\/www.lepetitepicurien.com\/fr\/produit\/\/","og_locale":"fr_FR","og_type":"article","og_title":"Crottin Chavignol Cheese - 60g\/22.11oz - pack of 2 - Le Petit Epicurien","og_description":"Crottin de Chavignol cheese originates from Loire, Chavignol in France. It is produced from raw milk of the alpine goats which can be easily recognized by their brown thick coats.","og_url":"https:\/\/www.lepetitepicurien.com\/fr\/produit\/\/","og_site_name":"Le Petit Epicurien","article_modified_time":"2026-03-17T22:53:51+00:00","og_image":[{"width":600,"height":600,"url":"https:\/\/www.lepetitepicurien.com\/wp-content\/uploads\/2024\/03\/DAF0002-2.jpg","type":"image\/jpeg"}],"twitter_card":"summary_large_image","twitter_misc":{"Dur\u00e9e de lecture estim\u00e9e":"1 minute"},"schema":{"@context":"https:\/\/schema.org","@graph":[{"@type":"WebPage","@id":"https:\/\/www.lepetitepicurien.com\/product\/crottin-like-chavignol-60g-pack-of-2\/","url":"https:\/\/www.lepetitepicurien.com\/product\/crottin-like-chavignol-60g-pack-of-2\/","name":"Fromage Crottin Chavignol - 60g - paquet de 2 - Le Petit Epicurien","isPartOf":{"@id":"https:\/\/www.lepetitepicurien.com\/#website"},"primaryImageOfPage":{"@id":"https:\/\/www.lepetitepicurien.com\/product\/crottin-like-chavignol-60g-pack-of-2\/#primaryimage"},"image":{"@id":"https:\/\/www.lepetitepicurien.com\/product\/crottin-like-chavignol-60g-pack-of-2\/#primaryimage"},"thumbnailUrl":"https:\/\/www.lepetitepicurien.com\/wp-content\/uploads\/2024\/03\/DAF0002-2.jpg","datePublished":"2024-03-09T05:57:02+00:00","dateModified":"2026-03-17T22:53:51+00:00","breadcrumb":{"@id":"https:\/\/www.lepetitepicurien.com\/product\/crottin-like-chavignol-60g-pack-of-2\/#breadcrumb"},"inLanguage":"fr-FR","potentialAction":[{"@type":"ReadAction","target":["https:\/\/www.lepetitepicurien.com\/product\/crottin-like-chavignol-60g-pack-of-2\/"]}]},{"@type":"ImageObject","inLanguage":"fr-FR","@id":"https:\/\/www.lepetitepicurien.com\/product\/crottin-like-chavignol-60g-pack-of-2\/#primaryimage","url":"https:\/\/www.lepetitepicurien.com\/wp-content\/uploads\/2024\/03\/DAF0002-2.jpg","contentUrl":"https:\/\/www.lepetitepicurien.com\/wp-content\/uploads\/2024\/03\/DAF0002-2.jpg","width":600,"height":600},{"@type":"BreadcrumbList","@id":"https:\/\/www.lepetitepicurien.com\/product\/crottin-like-chavignol-60g-pack-of-2\/#breadcrumb","itemListElement":[{"@type":"ListItem","position":1,"name":"Home","item":"https:\/\/www.lepetitepicurien.com\/"},{"@type":"ListItem","position":2,"name":"Shop","item":"https:\/\/www.lepetitepicurien.com\/shop\/"},{"@type":"ListItem","position":3,"name":"Crottin Chavignol Cheese &#8211; 60g\/22.11oz &#8211; pack of 2"}]},{"@type":"WebSite","@id":"https:\/\/www.lepetitepicurien.com\/#website","url":"https:\/\/www.lepetitepicurien.com\/","name":"Le Petit \u00c9picurien","description":"\u00c9picerie en ligne pour la gastronomie europ\u00e9enne","publisher":{"@id":"https:\/\/www.lepetitepicurien.com\/#organization"},"potentialAction":[{"@type":"SearchAction","target":{"@type":"EntryPoint","urlTemplate":"https:\/\/www.lepetitepicurien.com\/?s={search_term_string}"},"query-input":{"@type":"PropertyValueSpecification","valueRequired":true,"valueName":"search_term_string"}}],"inLanguage":"fr-FR"},{"@type":"Organization","@id":"https:\/\/www.lepetitepicurien.com\/#organization","name":"Le Petit \u00c9picurien","url":"https:\/\/www.lepetitepicurien.com\/","logo":{"@type":"ImageObject","inLanguage":"fr-FR","@id":"https:\/\/www.lepetitepicurien.com\/#\/schema\/logo\/image\/","url":"https:\/\/www.lepetitepicurien.com\/wp-content\/uploads\/2024\/03\/logo.png","contentUrl":"https:\/\/www.lepetitepicurien.com\/wp-content\/uploads\/2024\/03\/logo.png","width":1024,"height":1024,"caption":"Le Petit Epicurien"},"image":{"@id":"https:\/\/www.lepetitepicurien.com\/#\/schema\/logo\/image\/"}}]}},"jetpack_sharing_enabled":true,"_links":{"self":[{"href":"http:\/\/www.lepetitepicurien.com\/fr\/wp-json\/wp\/v2\/product\/86","targetHints":{"allow":["GET"]}}],"collection":[{"href":"http:\/\/www.lepetitepicurien.com\/fr\/wp-json\/wp\/v2\/product"}],"about":[{"href":"http:\/\/www.lepetitepicurien.com\/fr\/wp-json\/wp\/v2\/types\/product"}],"wp:featuredmedia":[{"embeddable":true,"href":"http:\/\/www.lepetitepicurien.com\/fr\/wp-json\/wp\/v2\/media\/125"}],"wp:attachment":[{"href":"http:\/\/www.lepetitepicurien.com\/fr\/wp-json\/wp\/v2\/media?parent=86"}],"wp:term":[{"taxonomy":"product_brand","embeddable":true,"href":"http:\/\/www.lepetitepicurien.com\/fr\/wp-json\/wp\/v2\/product_brand?post=86"},{"taxonomy":"product_cat","embeddable":true,"href":"http:\/\/www.lepetitepicurien.com\/fr\/wp-json\/wp\/v2\/product_cat?post=86"},{"taxonomy":"product_tag","embeddable":true,"href":"http:\/\/www.lepetitepicurien.com\/fr\/wp-json\/wp\/v2\/product_tag?post=86"}],"curies":[{"name":"wp","href":"https:\/\/api.w.org\/{rel}","templated":true}]}}