{"id":94,"date":"2024-03-09T00:57:03","date_gmt":"2024-03-09T05:57:03","guid":{"rendered":"https:\/\/www.lepetitepicurien.com\/?post_type=product&#038;p=94"},"modified":"2025-12-23T01:21:46","modified_gmt":"2025-12-23T06:21:46","slug":"andouillette-dijonnaise-bag-of-4-pcs-450g","status":"publish","type":"product","link":"https:\/\/www.lepetitepicurien.com\/fr\/product\/andouillette-dijonnaise-bag-of-4-pcs-450g\/","title":{"rendered":"Andouillette Dijonnaise \u2013 sachet de 4 pcs \u2013 450g\/1lb"},"content":{"rendered":"<p>Les andouillettes peuvent \u00eatre servies chaudes ou froides, la premi\u00e8re \u00e9tant beaucoup plus courante. Comme toutes les saucisses du bas intestin, les andouillettes sont en quelque sorte un go\u00fbt acquis. Leur odeur peut offenser les personnes peu habitu\u00e9es \u00e0 ce plat. La texture est un peu plus rugueuse que celle de la plupart des saucisses, car le contenu est grossi\u00e8rement coup\u00e9. Principalement po\u00eal\u00e9 (parfois pan\u00e9), il peut \u00e9galement \u00eatre bouilli, grill\u00e9 ou grill\u00e9. La saucisse est souvent servie avec des l\u00e9gumes (principalement des oignons) dans une sauce \u00e0 la moutarde ou au vin rouge.<\/p>\n<p><strong>Ingr\u00e9dients:<\/strong><br \/>\nAndouillettes de porc, estomac de porc, porc, oignons, vin rouge, vinaigre, sel, bouillon de l\u00e9gumes (eau, carottes, oignons, sel, thym, romarin, feuilles de laurier. Moutarde (eau, graines de moutarde, vinaigre, sel, acide citrique, soufre Dioxyde), Persil, G\u00e9latine, Ail, Poivre, \u00c9pices (Coriandre, Carvi, Piment de la Jama\u00efque). Herbes de Provence (Basilic, Thym, Fenouil, Lavande), Noix de muscade. Enferm\u00e9 dans un boyau naturel de porc.<\/p>\n<p><strong>Portion:<\/strong><br \/>\nL&#039;andouillette peut \u00eatre servie froide ou chaude : frite, bouillie, grill\u00e9e ou grill\u00e9e.<\/p>","protected":false},"excerpt":{"rendered":"<p>L&#039;andouillette est une saucisse \u00e0 gros grains \u00e0 base de porc (ou parfois de veau), d&#039;intestins ou d&#039;andouilles, de poivre, de vin, d&#039;oignons et d&#039;assaisonnements. Les tripes, qui sont la muqueuse de l&#039;estomac d&#039;une vache, entrent parfois dans la composition de la garniture d&#039;une andouillette, mais elles ne constituent pas le boyau ni la cl\u00e9 de sa fabrication. La vraie andouillette sera un tube oblong.<\/p>\n<p>\u2013 Tout naturel\u00a0: aucun ingr\u00e9dient artificiel, peu transform\u00e9<br \/>\n\u2013 Enti\u00e8rement cuit<br \/>\n- Sans gluten<\/p>","protected":false},"featured_media":135,"template":"","meta":[],"product_brand":[],"product_cat":[32],"product_tag":[],"class_list":{"0":"post-94","1":"product","2":"type-product","3":"status-publish","4":"has-post-thumbnail","6":"product_cat-delicatessen","7":"product_shipping_class-frozen","9":"first","10":"instock","11":"sale","12":"taxable","13":"shipping-taxable","14":"purchasable","15":"product-type-simple"},"yoast_head":"<!-- This site is optimized with the Yoast SEO plugin v27.5 - https:\/\/yoast.com\/product\/yoast-seo-wordpress\/ -->\n<title>Andouillette Dijonnaise - bag of 4 pcs - 450g\/1lb - Le Petit Epicurien<\/title>\n<meta name=\"description\" content=\"Andouillette is French specialty from Troyes. It&#039;s a coarse-grained sausage made with pork. It&#039;s not like any other sausage and a French favorite dish.\" \/>\n<meta name=\"robots\" content=\"index, follow, max-snippet:-1, max-image-preview:large, max-video-preview:-1\" \/>\n<link rel=\"canonical\" href=\"https:\/\/www.lepetitepicurien.com\/fr\/produit\/\/\" \/>\n<meta property=\"og:locale\" content=\"fr_FR\" \/>\n<meta property=\"og:type\" content=\"article\" \/>\n<meta property=\"og:title\" content=\"Andouillette Dijonnaise - bag of 4 pcs - 450g\/1lb - Le Petit Epicurien\" \/>\n<meta property=\"og:description\" content=\"Andouillette is French specialty from Troyes. It&#039;s a coarse-grained sausage made with pork. It&#039;s not like any other sausage and a French favorite dish.\" \/>\n<meta property=\"og:url\" content=\"https:\/\/www.lepetitepicurien.com\/fr\/produit\/\/\" \/>\n<meta property=\"og:site_name\" content=\"Le Petit Epicurien\" \/>\n<meta property=\"article:modified_time\" content=\"2025-12-23T06:21:46+00:00\" \/>\n<meta property=\"og:image\" content=\"https:\/\/www.lepetitepicurien.com\/wp-content\/uploads\/2024\/03\/MEA0020-2.jpg\" \/>\n\t<meta property=\"og:image:width\" content=\"600\" \/>\n\t<meta property=\"og:image:height\" content=\"600\" \/>\n\t<meta property=\"og:image:type\" content=\"image\/jpeg\" \/>\n<meta name=\"twitter:card\" content=\"summary_large_image\" \/>\n<meta name=\"twitter:label1\" content=\"Dur\u00e9e de lecture estim\u00e9e\" \/>\n\t<meta name=\"twitter:data1\" content=\"1 minute\" \/>\n<script type=\"application\/ld+json\" class=\"yoast-schema-graph\">{\"@context\":\"https:\\\/\\\/schema.org\",\"@graph\":[{\"@type\":\"WebPage\",\"@id\":\"https:\\\/\\\/www.lepetitepicurien.com\\\/product\\\/andouillette-dijonnaise-bag-of-4-pcs-450g\\\/\",\"url\":\"https:\\\/\\\/www.lepetitepicurien.com\\\/product\\\/andouillette-dijonnaise-bag-of-4-pcs-450g\\\/\",\"name\":\"Andouillette Dijonnaise - bag of 4 pcs - 450g\\\/1lb - Le Petit Epicurien\",\"isPartOf\":{\"@id\":\"https:\\\/\\\/www.lepetitepicurien.com\\\/#website\"},\"primaryImageOfPage\":{\"@id\":\"https:\\\/\\\/www.lepetitepicurien.com\\\/product\\\/andouillette-dijonnaise-bag-of-4-pcs-450g\\\/#primaryimage\"},\"image\":{\"@id\":\"https:\\\/\\\/www.lepetitepicurien.com\\\/product\\\/andouillette-dijonnaise-bag-of-4-pcs-450g\\\/#primaryimage\"},\"thumbnailUrl\":\"https:\\\/\\\/www.lepetitepicurien.com\\\/wp-content\\\/uploads\\\/2024\\\/03\\\/MEA0020-2.jpg\",\"datePublished\":\"2024-03-09T05:57:03+00:00\",\"dateModified\":\"2025-12-23T06:21:46+00:00\",\"description\":\"Andouillette is French specialty from Troyes. It's a coarse-grained sausage made with pork. It's not like any other sausage and a French favorite dish.\",\"breadcrumb\":{\"@id\":\"https:\\\/\\\/www.lepetitepicurien.com\\\/product\\\/andouillette-dijonnaise-bag-of-4-pcs-450g\\\/#breadcrumb\"},\"inLanguage\":\"fr-FR\",\"potentialAction\":[{\"@type\":\"ReadAction\",\"target\":[\"https:\\\/\\\/www.lepetitepicurien.com\\\/product\\\/andouillette-dijonnaise-bag-of-4-pcs-450g\\\/\"]}]},{\"@type\":\"ImageObject\",\"inLanguage\":\"fr-FR\",\"@id\":\"https:\\\/\\\/www.lepetitepicurien.com\\\/product\\\/andouillette-dijonnaise-bag-of-4-pcs-450g\\\/#primaryimage\",\"url\":\"https:\\\/\\\/www.lepetitepicurien.com\\\/wp-content\\\/uploads\\\/2024\\\/03\\\/MEA0020-2.jpg\",\"contentUrl\":\"https:\\\/\\\/www.lepetitepicurien.com\\\/wp-content\\\/uploads\\\/2024\\\/03\\\/MEA0020-2.jpg\",\"width\":600,\"height\":600},{\"@type\":\"BreadcrumbList\",\"@id\":\"https:\\\/\\\/www.lepetitepicurien.com\\\/product\\\/andouillette-dijonnaise-bag-of-4-pcs-450g\\\/#breadcrumb\",\"itemListElement\":[{\"@type\":\"ListItem\",\"position\":1,\"name\":\"Home\",\"item\":\"https:\\\/\\\/www.lepetitepicurien.com\\\/\"},{\"@type\":\"ListItem\",\"position\":2,\"name\":\"Shop\",\"item\":\"https:\\\/\\\/www.lepetitepicurien.com\\\/shop\\\/\"},{\"@type\":\"ListItem\",\"position\":3,\"name\":\"Andouillette Dijonnaise &#8211; bag of 4 pcs &#8211; 450g\\\/1lb\"}]},{\"@type\":\"WebSite\",\"@id\":\"https:\\\/\\\/www.lepetitepicurien.com\\\/#website\",\"url\":\"https:\\\/\\\/www.lepetitepicurien.com\\\/\",\"name\":\"Le Petit Epicurien\",\"description\":\"Online Grocery for European Gourmet Food\",\"publisher\":{\"@id\":\"https:\\\/\\\/www.lepetitepicurien.com\\\/#organization\"},\"potentialAction\":[{\"@type\":\"SearchAction\",\"target\":{\"@type\":\"EntryPoint\",\"urlTemplate\":\"https:\\\/\\\/www.lepetitepicurien.com\\\/?s={search_term_string}\"},\"query-input\":{\"@type\":\"PropertyValueSpecification\",\"valueRequired\":true,\"valueName\":\"search_term_string\"}}],\"inLanguage\":\"fr-FR\"},{\"@type\":\"Organization\",\"@id\":\"https:\\\/\\\/www.lepetitepicurien.com\\\/#organization\",\"name\":\"Le Petit Epicurien\",\"url\":\"https:\\\/\\\/www.lepetitepicurien.com\\\/\",\"logo\":{\"@type\":\"ImageObject\",\"inLanguage\":\"fr-FR\",\"@id\":\"https:\\\/\\\/www.lepetitepicurien.com\\\/#\\\/schema\\\/logo\\\/image\\\/\",\"url\":\"https:\\\/\\\/www.lepetitepicurien.com\\\/wp-content\\\/uploads\\\/2024\\\/03\\\/logo.png\",\"contentUrl\":\"https:\\\/\\\/www.lepetitepicurien.com\\\/wp-content\\\/uploads\\\/2024\\\/03\\\/logo.png\",\"width\":1024,\"height\":1024,\"caption\":\"Le Petit Epicurien\"},\"image\":{\"@id\":\"https:\\\/\\\/www.lepetitepicurien.com\\\/#\\\/schema\\\/logo\\\/image\\\/\"}}]}<\/script>\n<!-- \/ Yoast SEO plugin. -->","yoast_head_json":{"title":"Andouillette Dijonnaise - sachet de 4 pi\u00e8ces - 450g - Le Petit Epicurien","description":"L&#039;andouillette est une sp\u00e9cialit\u00e9 fran\u00e7aise de Troyes. C&#039;est une saucisse \u00e0 gros grains \u00e0 base de porc. Ce n&#039;est pas comme les autres saucisses et c&#039;est un plat pr\u00e9f\u00e9r\u00e9 des Fran\u00e7ais.","robots":{"index":"index","follow":"follow","max-snippet":"max-snippet:-1","max-image-preview":"max-image-preview:large","max-video-preview":"max-video-preview:-1"},"canonical":"https:\/\/www.lepetitepicurien.com\/fr\/produit\/\/","og_locale":"fr_FR","og_type":"article","og_title":"Andouillette Dijonnaise - bag of 4 pcs - 450g\/1lb - Le Petit Epicurien","og_description":"Andouillette is French specialty from Troyes. It's a coarse-grained sausage made with pork. It's not like any other sausage and a French favorite dish.","og_url":"https:\/\/www.lepetitepicurien.com\/fr\/produit\/\/","og_site_name":"Le Petit Epicurien","article_modified_time":"2025-12-23T06:21:46+00:00","og_image":[{"width":600,"height":600,"url":"https:\/\/www.lepetitepicurien.com\/wp-content\/uploads\/2024\/03\/MEA0020-2.jpg","type":"image\/jpeg"}],"twitter_card":"summary_large_image","twitter_misc":{"Dur\u00e9e de lecture estim\u00e9e":"1 minute"},"schema":{"@context":"https:\/\/schema.org","@graph":[{"@type":"WebPage","@id":"https:\/\/www.lepetitepicurien.com\/product\/andouillette-dijonnaise-bag-of-4-pcs-450g\/","url":"https:\/\/www.lepetitepicurien.com\/product\/andouillette-dijonnaise-bag-of-4-pcs-450g\/","name":"Andouillette Dijonnaise - sachet de 4 pi\u00e8ces - 450g - Le Petit Epicurien","isPartOf":{"@id":"https:\/\/www.lepetitepicurien.com\/#website"},"primaryImageOfPage":{"@id":"https:\/\/www.lepetitepicurien.com\/product\/andouillette-dijonnaise-bag-of-4-pcs-450g\/#primaryimage"},"image":{"@id":"https:\/\/www.lepetitepicurien.com\/product\/andouillette-dijonnaise-bag-of-4-pcs-450g\/#primaryimage"},"thumbnailUrl":"https:\/\/www.lepetitepicurien.com\/wp-content\/uploads\/2024\/03\/MEA0020-2.jpg","datePublished":"2024-03-09T05:57:03+00:00","dateModified":"2025-12-23T06:21:46+00:00","description":"L&#039;andouillette est une sp\u00e9cialit\u00e9 fran\u00e7aise de Troyes. C&#039;est une saucisse \u00e0 gros grains \u00e0 base de porc. Ce n&#039;est pas comme les autres saucisses et c&#039;est un plat pr\u00e9f\u00e9r\u00e9 des Fran\u00e7ais.","breadcrumb":{"@id":"https:\/\/www.lepetitepicurien.com\/product\/andouillette-dijonnaise-bag-of-4-pcs-450g\/#breadcrumb"},"inLanguage":"fr-FR","potentialAction":[{"@type":"ReadAction","target":["https:\/\/www.lepetitepicurien.com\/product\/andouillette-dijonnaise-bag-of-4-pcs-450g\/"]}]},{"@type":"ImageObject","inLanguage":"fr-FR","@id":"https:\/\/www.lepetitepicurien.com\/product\/andouillette-dijonnaise-bag-of-4-pcs-450g\/#primaryimage","url":"https:\/\/www.lepetitepicurien.com\/wp-content\/uploads\/2024\/03\/MEA0020-2.jpg","contentUrl":"https:\/\/www.lepetitepicurien.com\/wp-content\/uploads\/2024\/03\/MEA0020-2.jpg","width":600,"height":600},{"@type":"BreadcrumbList","@id":"https:\/\/www.lepetitepicurien.com\/product\/andouillette-dijonnaise-bag-of-4-pcs-450g\/#breadcrumb","itemListElement":[{"@type":"ListItem","position":1,"name":"Home","item":"https:\/\/www.lepetitepicurien.com\/"},{"@type":"ListItem","position":2,"name":"Shop","item":"https:\/\/www.lepetitepicurien.com\/shop\/"},{"@type":"ListItem","position":3,"name":"Andouillette Dijonnaise &#8211; bag of 4 pcs &#8211; 450g\/1lb"}]},{"@type":"WebSite","@id":"https:\/\/www.lepetitepicurien.com\/#website","url":"https:\/\/www.lepetitepicurien.com\/","name":"Le Petit \u00c9picurien","description":"\u00c9picerie en ligne pour la gastronomie europ\u00e9enne","publisher":{"@id":"https:\/\/www.lepetitepicurien.com\/#organization"},"potentialAction":[{"@type":"SearchAction","target":{"@type":"EntryPoint","urlTemplate":"https:\/\/www.lepetitepicurien.com\/?s={search_term_string}"},"query-input":{"@type":"PropertyValueSpecification","valueRequired":true,"valueName":"search_term_string"}}],"inLanguage":"fr-FR"},{"@type":"Organization","@id":"https:\/\/www.lepetitepicurien.com\/#organization","name":"Le Petit \u00c9picurien","url":"https:\/\/www.lepetitepicurien.com\/","logo":{"@type":"ImageObject","inLanguage":"fr-FR","@id":"https:\/\/www.lepetitepicurien.com\/#\/schema\/logo\/image\/","url":"https:\/\/www.lepetitepicurien.com\/wp-content\/uploads\/2024\/03\/logo.png","contentUrl":"https:\/\/www.lepetitepicurien.com\/wp-content\/uploads\/2024\/03\/logo.png","width":1024,"height":1024,"caption":"Le Petit Epicurien"},"image":{"@id":"https:\/\/www.lepetitepicurien.com\/#\/schema\/logo\/image\/"}}]}},"jetpack_sharing_enabled":true,"_links":{"self":[{"href":"https:\/\/www.lepetitepicurien.com\/fr\/wp-json\/wp\/v2\/product\/94","targetHints":{"allow":["GET"]}}],"collection":[{"href":"https:\/\/www.lepetitepicurien.com\/fr\/wp-json\/wp\/v2\/product"}],"about":[{"href":"https:\/\/www.lepetitepicurien.com\/fr\/wp-json\/wp\/v2\/types\/product"}],"wp:featuredmedia":[{"embeddable":true,"href":"https:\/\/www.lepetitepicurien.com\/fr\/wp-json\/wp\/v2\/media\/135"}],"wp:attachment":[{"href":"https:\/\/www.lepetitepicurien.com\/fr\/wp-json\/wp\/v2\/media?parent=94"}],"wp:term":[{"taxonomy":"product_brand","embeddable":true,"href":"https:\/\/www.lepetitepicurien.com\/fr\/wp-json\/wp\/v2\/product_brand?post=94"},{"taxonomy":"product_cat","embeddable":true,"href":"https:\/\/www.lepetitepicurien.com\/fr\/wp-json\/wp\/v2\/product_cat?post=94"},{"taxonomy":"product_tag","embeddable":true,"href":"https:\/\/www.lepetitepicurien.com\/fr\/wp-json\/wp\/v2\/product_tag?post=94"}],"curies":[{"name":"wp","href":"https:\/\/api.w.org\/{rel}","templated":true}]}}