{"id":96,"date":"2024-03-09T00:57:04","date_gmt":"2024-03-09T05:57:04","guid":{"rendered":"https:\/\/www.lepetitepicurien.com\/?post_type=product&#038;p=96"},"modified":"2025-12-21T13:37:03","modified_gmt":"2025-12-21T18:37:03","slug":"raviole-de-royan-au-comte","status":"publish","type":"product","link":"http:\/\/www.lepetitepicurien.com\/fr\/product\/raviole-de-royan-au-comte\/","title":{"rendered":"Raviole de Royan au Comt\u00e9 \u2013 1kg\/2.2lb"},"content":{"rendered":"<p>La raviole du Royan au fromage est une sp\u00e9cialit\u00e9 fran\u00e7aise de la r\u00e9gion du Dauphin\u00e9 en Rh\u00f4ne Alpes. Empruntant beaucoup aux raviolis italiens plus familiers, les ravioles du Royans sont de minuscules parcelles de p\u00e2tes de bl\u00e9 fourr\u00e9es d&#039;un m\u00e9lange de fromage et d&#039;herbes.<\/p>\n<p>Il est traditionnellement servi poch\u00e9 dans un bouillon de poulet, mais peut \u00e9galement \u00eatre poch\u00e9 puis frit dans du beurre, ou servi en gratin avec du fromage et de la cr\u00e8me pour les plus d\u00e9cadents d&#039;entre nous.<\/p>","protected":false},"excerpt":{"rendered":"<p><strong>Ingr\u00e9dients:<\/strong> Fromage Comt\u00e9 et p\u00e2tes fran\u00e7aises<\/p>\n<p><strong>Pr\u00e9paration:<\/strong> Pr\u00eates en quelques secondes, d\u00e8s que les p\u00e2tes flottent, elles sont pr\u00eates \u00e0 servir.<\/p>","protected":false},"featured_media":140,"template":"","meta":[],"product_brand":[],"product_cat":[32],"product_tag":[],"class_list":{"0":"post-96","1":"product","2":"type-product","3":"status-publish","4":"has-post-thumbnail","6":"product_cat-delicatessen","7":"product_shipping_class-frozen","9":"first","10":"instock","11":"sale","12":"taxable","13":"shipping-taxable","14":"purchasable","15":"product-type-simple"},"yoast_head":"<!-- This site is optimized with the Yoast SEO plugin v27.4 - https:\/\/yoast.com\/product\/yoast-seo-wordpress\/ -->\n<title>Raviole de Royan with Comt\u00e9 Cheese - 1kg\/2.2lb - Le Petit Epicurien<\/title>\n<meta name=\"description\" content=\"Raviole du Royan with Comt\u00e9 cheese is a French specialty of the Dauphin\u00e9 region in the Rh\u00f4ne Alps. Ready in few seconds, poached in hot water.\" \/>\n<meta name=\"robots\" content=\"index, follow, max-snippet:-1, max-image-preview:large, max-video-preview:-1\" \/>\n<link rel=\"canonical\" href=\"https:\/\/www.lepetitepicurien.com\/fr\/produit\/\/\" \/>\n<meta property=\"og:locale\" content=\"fr_FR\" \/>\n<meta property=\"og:type\" content=\"article\" \/>\n<meta property=\"og:title\" content=\"Raviole de Royan with Comt\u00e9 Cheese - 1kg\/2.2lb - Le Petit Epicurien\" \/>\n<meta property=\"og:description\" content=\"Raviole du Royan with Comt\u00e9 cheese is a French specialty of the Dauphin\u00e9 region in the Rh\u00f4ne Alps. Ready in few seconds, poached in hot water.\" \/>\n<meta property=\"og:url\" content=\"https:\/\/www.lepetitepicurien.com\/fr\/produit\/\/\" \/>\n<meta property=\"og:site_name\" content=\"Le Petit Epicurien\" \/>\n<meta property=\"article:modified_time\" content=\"2025-12-21T18:37:03+00:00\" \/>\n<meta property=\"og:image\" content=\"https:\/\/www.lepetitepicurien.com\/wp-content\/uploads\/2024\/03\/ravioles.jpg\" \/>\n\t<meta property=\"og:image:width\" content=\"1000\" \/>\n\t<meta property=\"og:image:height\" content=\"1000\" \/>\n\t<meta property=\"og:image:type\" content=\"image\/jpeg\" \/>\n<meta name=\"twitter:card\" content=\"summary_large_image\" \/>\n<meta name=\"twitter:label1\" content=\"Dur\u00e9e de lecture estim\u00e9e\" \/>\n\t<meta name=\"twitter:data1\" content=\"1 minute\" \/>\n<script type=\"application\/ld+json\" class=\"yoast-schema-graph\">{\"@context\":\"https:\\\/\\\/schema.org\",\"@graph\":[{\"@type\":\"WebPage\",\"@id\":\"https:\\\/\\\/www.lepetitepicurien.com\\\/product\\\/raviole-de-royan-au-comte\\\/\",\"url\":\"https:\\\/\\\/www.lepetitepicurien.com\\\/product\\\/raviole-de-royan-au-comte\\\/\",\"name\":\"Raviole de Royan with Comt\u00e9 Cheese - 1kg\\\/2.2lb - Le Petit Epicurien\",\"isPartOf\":{\"@id\":\"https:\\\/\\\/www.lepetitepicurien.com\\\/#website\"},\"primaryImageOfPage\":{\"@id\":\"https:\\\/\\\/www.lepetitepicurien.com\\\/product\\\/raviole-de-royan-au-comte\\\/#primaryimage\"},\"image\":{\"@id\":\"https:\\\/\\\/www.lepetitepicurien.com\\\/product\\\/raviole-de-royan-au-comte\\\/#primaryimage\"},\"thumbnailUrl\":\"https:\\\/\\\/www.lepetitepicurien.com\\\/wp-content\\\/uploads\\\/2024\\\/03\\\/ravioles.jpg\",\"datePublished\":\"2024-03-09T05:57:04+00:00\",\"dateModified\":\"2025-12-21T18:37:03+00:00\",\"description\":\"Raviole du Royan with Comt\u00e9 cheese is a French specialty of the Dauphin\u00e9 region in the Rh\u00f4ne Alps. Ready in few seconds, poached in hot water.\",\"breadcrumb\":{\"@id\":\"https:\\\/\\\/www.lepetitepicurien.com\\\/product\\\/raviole-de-royan-au-comte\\\/#breadcrumb\"},\"inLanguage\":\"fr-FR\",\"potentialAction\":[{\"@type\":\"ReadAction\",\"target\":[\"https:\\\/\\\/www.lepetitepicurien.com\\\/product\\\/raviole-de-royan-au-comte\\\/\"]}]},{\"@type\":\"ImageObject\",\"inLanguage\":\"fr-FR\",\"@id\":\"https:\\\/\\\/www.lepetitepicurien.com\\\/product\\\/raviole-de-royan-au-comte\\\/#primaryimage\",\"url\":\"https:\\\/\\\/www.lepetitepicurien.com\\\/wp-content\\\/uploads\\\/2024\\\/03\\\/ravioles.jpg\",\"contentUrl\":\"https:\\\/\\\/www.lepetitepicurien.com\\\/wp-content\\\/uploads\\\/2024\\\/03\\\/ravioles.jpg\",\"width\":1000,\"height\":1000},{\"@type\":\"BreadcrumbList\",\"@id\":\"https:\\\/\\\/www.lepetitepicurien.com\\\/product\\\/raviole-de-royan-au-comte\\\/#breadcrumb\",\"itemListElement\":[{\"@type\":\"ListItem\",\"position\":1,\"name\":\"Home\",\"item\":\"https:\\\/\\\/www.lepetitepicurien.com\\\/\"},{\"@type\":\"ListItem\",\"position\":2,\"name\":\"Shop\",\"item\":\"https:\\\/\\\/www.lepetitepicurien.com\\\/shop\\\/\"},{\"@type\":\"ListItem\",\"position\":3,\"name\":\"Raviole de Royan with Comt\u00e9 Cheese &#8211; 1kg\\\/2.2lb\"}]},{\"@type\":\"WebSite\",\"@id\":\"https:\\\/\\\/www.lepetitepicurien.com\\\/#website\",\"url\":\"https:\\\/\\\/www.lepetitepicurien.com\\\/\",\"name\":\"Le Petit Epicurien\",\"description\":\"Online Grocery for European Gourmet Food\",\"publisher\":{\"@id\":\"https:\\\/\\\/www.lepetitepicurien.com\\\/#organization\"},\"potentialAction\":[{\"@type\":\"SearchAction\",\"target\":{\"@type\":\"EntryPoint\",\"urlTemplate\":\"https:\\\/\\\/www.lepetitepicurien.com\\\/?s={search_term_string}\"},\"query-input\":{\"@type\":\"PropertyValueSpecification\",\"valueRequired\":true,\"valueName\":\"search_term_string\"}}],\"inLanguage\":\"fr-FR\"},{\"@type\":\"Organization\",\"@id\":\"https:\\\/\\\/www.lepetitepicurien.com\\\/#organization\",\"name\":\"Le Petit Epicurien\",\"url\":\"https:\\\/\\\/www.lepetitepicurien.com\\\/\",\"logo\":{\"@type\":\"ImageObject\",\"inLanguage\":\"fr-FR\",\"@id\":\"https:\\\/\\\/www.lepetitepicurien.com\\\/#\\\/schema\\\/logo\\\/image\\\/\",\"url\":\"https:\\\/\\\/www.lepetitepicurien.com\\\/wp-content\\\/uploads\\\/2024\\\/03\\\/logo.png\",\"contentUrl\":\"https:\\\/\\\/www.lepetitepicurien.com\\\/wp-content\\\/uploads\\\/2024\\\/03\\\/logo.png\",\"width\":1024,\"height\":1024,\"caption\":\"Le Petit Epicurien\"},\"image\":{\"@id\":\"https:\\\/\\\/www.lepetitepicurien.com\\\/#\\\/schema\\\/logo\\\/image\\\/\"}}]}<\/script>\n<!-- \/ Yoast SEO plugin. -->","yoast_head_json":{"title":"Raviole de Royan au Comt\u00e9 - 1kg - Le Petit Epicurien","description":"La raviole du Royan au Comt\u00e9 est une sp\u00e9cialit\u00e9 fran\u00e7aise de la r\u00e9gion du Dauphin\u00e9 en Rh\u00f4ne Alpes. Pr\u00eat en quelques secondes, poch\u00e9 dans l&#039;eau chaude.","robots":{"index":"index","follow":"follow","max-snippet":"max-snippet:-1","max-image-preview":"max-image-preview:large","max-video-preview":"max-video-preview:-1"},"canonical":"https:\/\/www.lepetitepicurien.com\/fr\/produit\/\/","og_locale":"fr_FR","og_type":"article","og_title":"Raviole de Royan with Comt\u00e9 Cheese - 1kg\/2.2lb - Le Petit Epicurien","og_description":"Raviole du Royan with Comt\u00e9 cheese is a French specialty of the Dauphin\u00e9 region in the Rh\u00f4ne Alps. Ready in few seconds, poached in hot water.","og_url":"https:\/\/www.lepetitepicurien.com\/fr\/produit\/\/","og_site_name":"Le Petit Epicurien","article_modified_time":"2025-12-21T18:37:03+00:00","og_image":[{"width":1000,"height":1000,"url":"https:\/\/www.lepetitepicurien.com\/wp-content\/uploads\/2024\/03\/ravioles.jpg","type":"image\/jpeg"}],"twitter_card":"summary_large_image","twitter_misc":{"Dur\u00e9e de lecture estim\u00e9e":"1 minute"},"schema":{"@context":"https:\/\/schema.org","@graph":[{"@type":"WebPage","@id":"https:\/\/www.lepetitepicurien.com\/product\/raviole-de-royan-au-comte\/","url":"https:\/\/www.lepetitepicurien.com\/product\/raviole-de-royan-au-comte\/","name":"Raviole de Royan au Comt\u00e9 - 1kg - Le Petit Epicurien","isPartOf":{"@id":"https:\/\/www.lepetitepicurien.com\/#website"},"primaryImageOfPage":{"@id":"https:\/\/www.lepetitepicurien.com\/product\/raviole-de-royan-au-comte\/#primaryimage"},"image":{"@id":"https:\/\/www.lepetitepicurien.com\/product\/raviole-de-royan-au-comte\/#primaryimage"},"thumbnailUrl":"https:\/\/www.lepetitepicurien.com\/wp-content\/uploads\/2024\/03\/ravioles.jpg","datePublished":"2024-03-09T05:57:04+00:00","dateModified":"2025-12-21T18:37:03+00:00","description":"La raviole du Royan au Comt\u00e9 est une sp\u00e9cialit\u00e9 fran\u00e7aise de la r\u00e9gion du Dauphin\u00e9 en Rh\u00f4ne Alpes. Pr\u00eat en quelques secondes, poch\u00e9 dans l&#039;eau chaude.","breadcrumb":{"@id":"https:\/\/www.lepetitepicurien.com\/product\/raviole-de-royan-au-comte\/#breadcrumb"},"inLanguage":"fr-FR","potentialAction":[{"@type":"ReadAction","target":["https:\/\/www.lepetitepicurien.com\/product\/raviole-de-royan-au-comte\/"]}]},{"@type":"ImageObject","inLanguage":"fr-FR","@id":"https:\/\/www.lepetitepicurien.com\/product\/raviole-de-royan-au-comte\/#primaryimage","url":"https:\/\/www.lepetitepicurien.com\/wp-content\/uploads\/2024\/03\/ravioles.jpg","contentUrl":"https:\/\/www.lepetitepicurien.com\/wp-content\/uploads\/2024\/03\/ravioles.jpg","width":1000,"height":1000},{"@type":"BreadcrumbList","@id":"https:\/\/www.lepetitepicurien.com\/product\/raviole-de-royan-au-comte\/#breadcrumb","itemListElement":[{"@type":"ListItem","position":1,"name":"Home","item":"https:\/\/www.lepetitepicurien.com\/"},{"@type":"ListItem","position":2,"name":"Shop","item":"https:\/\/www.lepetitepicurien.com\/shop\/"},{"@type":"ListItem","position":3,"name":"Raviole de Royan with Comt\u00e9 Cheese &#8211; 1kg\/2.2lb"}]},{"@type":"WebSite","@id":"https:\/\/www.lepetitepicurien.com\/#website","url":"https:\/\/www.lepetitepicurien.com\/","name":"Le Petit \u00c9picurien","description":"\u00c9picerie en ligne pour la gastronomie europ\u00e9enne","publisher":{"@id":"https:\/\/www.lepetitepicurien.com\/#organization"},"potentialAction":[{"@type":"SearchAction","target":{"@type":"EntryPoint","urlTemplate":"https:\/\/www.lepetitepicurien.com\/?s={search_term_string}"},"query-input":{"@type":"PropertyValueSpecification","valueRequired":true,"valueName":"search_term_string"}}],"inLanguage":"fr-FR"},{"@type":"Organization","@id":"https:\/\/www.lepetitepicurien.com\/#organization","name":"Le Petit \u00c9picurien","url":"https:\/\/www.lepetitepicurien.com\/","logo":{"@type":"ImageObject","inLanguage":"fr-FR","@id":"https:\/\/www.lepetitepicurien.com\/#\/schema\/logo\/image\/","url":"https:\/\/www.lepetitepicurien.com\/wp-content\/uploads\/2024\/03\/logo.png","contentUrl":"https:\/\/www.lepetitepicurien.com\/wp-content\/uploads\/2024\/03\/logo.png","width":1024,"height":1024,"caption":"Le Petit Epicurien"},"image":{"@id":"https:\/\/www.lepetitepicurien.com\/#\/schema\/logo\/image\/"}}]}},"jetpack_sharing_enabled":true,"_links":{"self":[{"href":"http:\/\/www.lepetitepicurien.com\/fr\/wp-json\/wp\/v2\/product\/96","targetHints":{"allow":["GET"]}}],"collection":[{"href":"http:\/\/www.lepetitepicurien.com\/fr\/wp-json\/wp\/v2\/product"}],"about":[{"href":"http:\/\/www.lepetitepicurien.com\/fr\/wp-json\/wp\/v2\/types\/product"}],"wp:featuredmedia":[{"embeddable":true,"href":"http:\/\/www.lepetitepicurien.com\/fr\/wp-json\/wp\/v2\/media\/140"}],"wp:attachment":[{"href":"http:\/\/www.lepetitepicurien.com\/fr\/wp-json\/wp\/v2\/media?parent=96"}],"wp:term":[{"taxonomy":"product_brand","embeddable":true,"href":"http:\/\/www.lepetitepicurien.com\/fr\/wp-json\/wp\/v2\/product_brand?post=96"},{"taxonomy":"product_cat","embeddable":true,"href":"http:\/\/www.lepetitepicurien.com\/fr\/wp-json\/wp\/v2\/product_cat?post=96"},{"taxonomy":"product_tag","embeddable":true,"href":"http:\/\/www.lepetitepicurien.com\/fr\/wp-json\/wp\/v2\/product_tag?post=96"}],"curies":[{"name":"wp","href":"https:\/\/api.w.org\/{rel}","templated":true}]}}